{"id":9559,"date":"2022-06-08T07:12:46","date_gmt":"2022-06-08T07:12:46","guid":{"rendered":"https:\/\/johnniebondlaw.com\/abogado-de-accidentes-por-nieve-y-hielo-en-el-dmv\/"},"modified":"2024-11-07T14:46:54","modified_gmt":"2024-11-07T14:46:54","slug":"abogado-de-accidentes-por-nieve-y-hielo-en-el-dmv","status":"publish","type":"page","link":"https:\/\/johnniebondlaw.com\/es\/abogado-de-accidentes-por-nieve-y-hielo-en-el-dmv\/","title":{"rendered":"Abogado de Accidentes por Nieve y Hielo en el DMV"},"content":{"rendered":"\n<p>Los inviernos en DC y Maryland son a menudo hermosos, pero con esa nieve y hielo viene un aumento en las reclamaciones por accidentes de resbalones y ca\u00eddas. Estos accidentes suelen ser m\u00e1s graves de lo que muchos creen. Adem\u00e1s de moretones y rasgu\u00f1os, no es raro que las v\u00edctimas sufran lesiones cerebrales traum\u00e1ticas (TBI), fracturas de huesos e incluso da\u00f1os a la m\u00e9dula espinal.   <\/p>\n\n<p>Los accidentes por hielo son graves. Si t\u00fa o alguien que amas ha sufrido una lesi\u00f3n debido a un accidente de nieve o hielo, debes saber que podr\u00edas ser elegible para recibir compensaci\u00f3n por tus p\u00e9rdidas. En Johnnie Bond Law ayudamos a las v\u00edctimas de accidentes a demostrar la responsabilidad en accidentes de nieve y hielo y luchamos para obtener una recuperaci\u00f3n justa y completa.   <\/p>\n\n<h2 class=\"wp-block-heading\">\u00bfSon los Propietarios Responsables de un Accidente por Nieve o Hielo?<\/h2>\n\n<p>En Maryland y DC, los propietarios tienen la responsabilidad de mantener su propiedad libre de condiciones peligrosas. Ya sea que el edificio sea una tienda, negocio, edificio municipal o casa, el propietario debe limpiar la nieve o el hielo de su propiedad dentro de un per\u00edodo de tiempo particular. Este per\u00edodo var\u00eda seg\u00fan el municipio, pero la ley es clara: los propietarios pueden ser responsables de los accidentes por nieve y hielo que ocurran en su propiedad.  <\/p>\n\n<h2 class=\"wp-block-heading\">Deber de Cuidado para Condiciones Seguras Antes y Despu\u00e9s de una Tormenta<\/h2>\n\n<p>La responsabilidad del propietario de mantener su propiedad segura se llama su \u00abdeber de cuidado\u00bb. En la medida de lo posible, un propietario debe inspeccionar su propiedad para detectar cualquier peligro y minimizar proactivamente los riesgos.  <\/p>\n\n<p>Antes de una tormenta, esto podr\u00eda significar pretratar el suelo con sal antes de la nevada. Despu\u00e9s de la tormenta, esto implicar\u00eda quitar la nieve y el hielo de los caminos accesibles al p\u00fablico dentro de un tiempo razonable. <\/p>\n\n<h2 class=\"wp-block-heading\">\u00bfC\u00f3mo Afecta la Negligencia?<\/h2>\n\n<p>Un factor que influye en la atribuci\u00f3n de responsabilidad es <em>la negligencia contributiva<\/em>. DC y Maryland son dos de las pocas jurisdicciones que aplican este est\u00e1ndar. Esto significa que si la v\u00edctima contribuy\u00f3 incluso ligeramente a su ca\u00edda, o pudo haber evitado f\u00e1cilmente el accidente, su demanda podr\u00eda fracasar.   <\/p>\n\n<p>El Distrito de Columbia y el estado de Maryland asumen que los residentes conocen los riesgos de caminar sobre la nieve y el hielo, por lo que una v\u00edctima podr\u00eda ser considerada negligente contributiva, dependiendo de los detalles de su caso. Aun as\u00ed, este argumento a menudo falla en casos donde la v\u00edctima no vio otro camino disponible y tuvo que caminar a trav\u00e9s del \u00e1rea, especialmente si se dirig\u00eda a realizar una actividad esencial. Es crucial recopilar evidencia que demuestre por qu\u00e9 la v\u00edctima no pudo detectar el peligro o no ten\u00eda una ruta alternativa.   <\/p>\n\n<h2 class=\"wp-block-heading\">Carga de la Prueba para una Persona Lesionada<\/h2>\n\n<p>Para recuperar una compensaci\u00f3n por tus lesiones, debes probar la responsabilidad del propietario por tus lesiones. Para ello, deber\u00edas:  <\/p>\n\n<ul class=\"wp-block-list\"><li><strong>Buscar atenci\u00f3n m\u00e9dica.<\/strong> Incluso si no sientes dolor inmediatamente despu\u00e9s de la ca\u00edda, eso podr\u00eda ser el resultado de la adrenalina. Es crucial que busques atenci\u00f3n m\u00e9dica de inmediato y pidas al m\u00e9dico una copia de todos los documentos como prueba. <\/li><li><strong>Documentar todo.<\/strong> Si puedes, toma fotos y videos de las condiciones de nieve o hielo que causaron tu ca\u00edda. Un abogado especializado en accidentes por nieve y hielo podr\u00e1 usar esta evidencia a tu favor. <\/li><li><strong>Obtener informaci\u00f3n de contacto.<\/strong> Si alguien fue testigo de tu ca\u00edda, p\u00eddele su informaci\u00f3n de contacto para que pueda corroborar tu reclamo.<\/li><li><strong>Abstenerte de publicar en redes sociales.<\/strong> Aunque es comprensible querer mantener informados a tus amigos y familiares, es mejor hacerlo mediante comunicaci\u00f3n privada. Las publicaciones p\u00fablicas sobre el accidente podr\u00edan perjudicar tus posibilidades de obtener compensaci\u00f3n. <\/li><li><strong>Contratar a un abogado de lesiones personales.<\/strong> Un abogado especializado en accidentes por nieve y hielo buscar\u00e1 otras v\u00edas de prueba de negligencia, como im\u00e1genes de CCTV e informes policiales.<\/li><li><strong>Presentar tu reclamo a tiempo.<\/strong> El plazo de prescripci\u00f3n para la mayor\u00eda de los reclamos por lesiones en DC y Maryland es de tres a\u00f1os desde que ocurri\u00f3 la lesi\u00f3n. Si no presentas tu reclamo dentro de este plazo, probablemente no podr\u00e1s recuperar ninguna compensaci\u00f3n.  <\/li><\/ul>\n\n<p>Si has sido v\u00edctima de un accidente por nieve y hielo, debes saber que no est\u00e1s solo. Nuestro equipo en Johnnie Bond Law est\u00e1 aqu\u00ed para ayudarte. <\/p>\n\n<h2 class=\"wp-block-heading\">Un Abogado de Accidentes por Nieve y Hielo en Johnnie Bond Law Puede Ayudarte<\/h2>\n\n<p>Si has sufrido una lesi\u00f3n por una ca\u00edda debido a nieve o hielo, nuestro equipo trabajar\u00e1 con las compa\u00f1\u00edas de seguros en tu nombre para que puedas concentrarte en tu recuperaci\u00f3n. Para obtener ayuda experimentada de tu lado, contacta a Johnnie Bond Law al <a href=\"tel:202-683-6803\">202-683-6803<\/a> para programar tu consulta gratuita con un abogado especializado en accidentes por nieve y hielo hoy mismo. <\/p>\n\n<h2 class=\"wp-block-heading\">Preguntas Frecuentes Sobre Accidentes por Nieve y Hielo<\/h2>\n\n<h3 class=\"wp-block-heading\">\u00bfC\u00f3mo ocurren los accidentes por nieve y hielo?<\/h3>\n\n<p>El hielo y la nieve convierten un entorno exterior ordinario en uno potencialmente peligroso. La nieve puede cubrir obst\u00e1culos en tu camino, lo que te lleva a tropezar. Tambi\u00e9n hace dif\u00edcil determinar el nivel del suelo, lo que aumenta la probabilidad de que pises un agujero u otra superficie irregular y sufras una ca\u00edda.  <\/p>\n\n<p>El hielo es a\u00fan peor. Una superficie helada puede hacer que cualquiera pierda el equilibrio y se caiga, especialmente cuando el hielo no es f\u00e1cil de detectar. <\/p>\n\n<h3 class=\"wp-block-heading\">\u00bfQui\u00e9n es responsable de un accidente por nieve y hielo?<\/h3>\n\n<p>La persona que puede ser considerada responsable depende de las circunstancias. Si un propietario o un tercero dej\u00f3 un peligro de tropiezo en un \u00e1rea donde se sabe que la gente camina, y la nieve dificult\u00f3 ver el peligro, entonces la persona que lo dej\u00f3 podr\u00eda ser responsable, o el propietario que no lo detect\u00f3 y elimin\u00f3 podr\u00eda ser responsable. Se espera que las personas presten atenci\u00f3n y act\u00faen con cuidado mientras caminan, pero un peligro cubierto de nieve podr\u00eda ser dif\u00edcil de detectar.  <\/p>\n\n<p>Los propietarios en el DMV tienen la responsabilidad de limpiar la nieve y el hielo de los caminos en su propiedad. Las regulaciones locales establecen diferentes l\u00edmites de tiempo para esta obligaci\u00f3n, pero generalmente, dentro de las 24 horas posteriores a una tormenta, deben asegurarse de que el camino est\u00e9 despejado. Incluso si no siguen las reglas para remover la nieve y el hielo, puede ser dif\u00edcil responsabilizarlos por una ca\u00edda si el riesgo era obvio.  <\/p>\n\n<p>Si el hielo, en cambio, se confundi\u00f3 con la superficie de la acera, como el \u00abhielo negro\u00bb en el asfalto, es m\u00e1s probable que se responsabilice al propietario cuando alguien se caiga y sufra lesiones. De manera similar, si el hielo fue inesperado, como el causado por una fuga o derrame en lugar de una tormenta, ser\u00eda m\u00e1s f\u00e1cil responsabilizar al propietario por no eliminarlo o advertir a las personas sobre \u00e9l. <\/p>\n\n<h3 class=\"wp-block-heading\">\u00bfQu\u00e9 debo hacer si resbalo y caigo en la nieve o el hielo?<\/h3>\n\n<p>Lo m\u00e1s importante que debes hacer despu\u00e9s de cualquier accidente es cuidar tu salud. Hazte un examen m\u00e9dico completo. Un m\u00e9dico podr\u00eda detectar lesiones que no son inmediatamente obvias. Si presentas una reclamaci\u00f3n de compensaci\u00f3n, los registros de tu examen m\u00e9dico proporcionar\u00e1n una valiosa evidencia. Aseg\u00farate de seguir las instrucciones para el cuidado de seguimiento. Esto no solo acelera el proceso de curaci\u00f3n, sino que tambi\u00e9n protege tu capacidad de obtener compensaci\u00f3n por tus lesiones.     <\/p>\n\n<p>Es una buena idea recopilar y conservar informaci\u00f3n sobre la ca\u00edda. Un abogado puede ayudarte con el proceso, por lo que puede ser muy \u00fatil consultar a un abogado especializado en accidentes por nieve y hielo poco despu\u00e9s de la ca\u00edda. Toma fotos del sitio lo antes posible. Si alguien fue testigo de la ca\u00edda, obt\u00e9n su informaci\u00f3n de contacto.   <\/p>\n\n<p>Es posible que tu ca\u00edda haya sido grabada por un sistema de vigilancia, pero esa grabaci\u00f3n podr\u00eda ser eliminada si no act\u00faas r\u00e1pidamente. Solicita una copia. Si es necesario, tu abogado puede pedirle al tribunal que ordene que la grabaci\u00f3n se preserve.  <\/p>\n\n<h3 class=\"wp-block-heading\">\u00bfCu\u00e1nto tiempo tengo para presentar una reclamaci\u00f3n si resbalo en una capa de hielo negro?<\/h3>\n\n<p>Si te ca\u00edste en una propiedad p\u00fablica y deseas presentar una reclamaci\u00f3n contra el gobierno local, debes actuar r\u00e1pidamente, ya que las leyes locales a menudo establecen plazos r\u00e1pidos para tomar medidas. Un abogado podr\u00eda proporcionarte un marco de tiempo dependiendo de la ubicaci\u00f3n de la ca\u00edda. <\/p>\n\n<p>Para ca\u00eddas en propiedades privadas o comerciales en Maryland o DC, debes preparar y presentar una reclamaci\u00f3n dentro de los tres a\u00f1os siguientes a la ca\u00edda. Si resbalaste en hielo en una jurisdicci\u00f3n con un plazo de prescripci\u00f3n m\u00e1s corto como Virginia, tu reclamaci\u00f3n debe presentarse dentro de dos a\u00f1os. <\/p>\n\n<h3 class=\"wp-block-heading\">\u00bfQu\u00e9 tipo de reclamaci\u00f3n puedo presentar despu\u00e9s de un accidente de resbal\u00f3n y ca\u00edda?<\/h3>\n\n<p>La mayor\u00eda de los casos de accidentes por resbalones y ca\u00eddas se basan en la teor\u00eda de responsabilidad de locales. Si resultas lesionado despu\u00e9s de un resbal\u00f3n y ca\u00edda, presentas una reclamaci\u00f3n de responsabilidad de locales contra el propietario porque no tom\u00f3 medidas responsables para mantenerte seguro en su propiedad. Podr\u00edas recuperar compensaci\u00f3n por factores como tus facturas m\u00e9dicas, salarios perdidos, necesidades futuras, dolor, sufrimiento y angustia emocional.  <\/p>\n\n<h3 class=\"wp-block-heading\">\u00bfQu\u00e9 obligaciones tienen los propietarios respecto a la remoci\u00f3n de nieve?<\/h3>\n\n<p>Las ordenanzas locales generalmente exigen que los propietarios retiren la nieve de las aceras dentro de un cierto per\u00edodo de tiempo. Ese per\u00edodo suele ser m\u00e1s corto en \u00e1reas urbanas y m\u00e1s largo en \u00e1reas rurales. Cuando la propiedad est\u00e1 alquilada a un inquilino, ese inquilino a menudo tiene la obligaci\u00f3n contractual de retirar la nieve.  <\/p>\n\n<p>Desde el punto de vista de la responsabilidad, los propietarios tienen el deber de proteger a las personas que invitan a la propiedad de condiciones peligrosas que no son obvias. Por lo tanto, cuando el hielo no es obvio o la nieve oculta un peligro, el propietario debe actuar r\u00e1pidamente para advertir a las personas o eliminar el peligro. <\/p>\n\n<h3 class=\"wp-block-heading\">\u00bfQu\u00e9 evidencia necesito y qu\u00e9 es la negligencia contributiva?<\/h3>\n\n<p>Necesitas evidencia que demuestre que un propietario o inquilino no tom\u00f3 las medidas responsables para protegerte de los peligros en su propiedad. Las fotos que muestren la escena y los testimonios de testigos pueden demostrar estos factores. Tambi\u00e9n necesitas evidencia de tus lesiones, como informes m\u00e9dicos.  <\/p>\n\n<p>La negligencia contributiva es una doctrina que impide que las personas lesionadas obtengan compensaci\u00f3n por accidentes que fueron parcialmente su culpa. Eso hace que sea particularmente importante recopilar evidencia para demostrar que actuaste de manera responsable y no pudiste haber evitado el da\u00f1o que sufriste. <\/p>\n\n<h3 class=\"wp-block-heading\">\u00bfMi capacidad para obtener compensaci\u00f3n est\u00e1 afectada por la raz\u00f3n por la que estaba en la propiedad?<\/h3>\n\n<p>En muchos casos, solo puedes obtener compensaci\u00f3n por una ca\u00edda causada por nieve o hielo si estabas en la propiedad para el beneficio del propietario. Si estabas caminando hacia una tienda para hacer compras, por ejemplo, tu presencia podr\u00eda proporcionar un beneficio financiero al propietario. Si fuiste invitado a visitar a un amigo, tambi\u00e9n podr\u00edas recuperar da\u00f1os por una ca\u00edda en su propiedad, aunque como no estabas all\u00ed para su beneficio financiero, es posible que no se le exija el mismo cuidado para tu seguridad.  <\/p>\n\n<p>Si estabas invadiendo o en la propiedad para tu propio beneficio, como tratar de interesar al propietario en comprar paneles solares, entonces generalmente tienen menos deber de mantenerte seguro. Dado que las aceras est\u00e1n designadas para uso p\u00fablico, no ser\u00edas un invasor si estuvieras en la acera frente a la casa de alguien. Sin embargo, si seguiste un camino hacia su porche delantero, tu estado legal en la propiedad podr\u00eda ser diferente. Un abogado podr\u00eda explicar si tu prop\u00f3sito para estar en la propiedad afecta tu capacidad de obtener compensaci\u00f3n en una situaci\u00f3n particular.   <\/p>\n","protected":false},"excerpt":{"rendered":"<p>Los inviernos en DC y Maryland son a menudo hermosos, pero con esa nieve y hielo viene un aumento en las reclamaciones por accidentes de resbalones y ca\u00eddas. Estos accidentes suelen ser m\u00e1s graves de lo que muchos creen. Adem\u00e1s de moretones y rasgu\u00f1os, no es raro que las v\u00edctimas sufran lesiones cerebrales traum\u00e1ticas (TBI),&hellip;<\/p>\n","protected":false},"author":8,"featured_media":0,"parent":0,"menu_order":0,"comment_status":"closed","ping_status":"closed","template":"","meta":{"inline_featured_image":false,"footnotes":""},"class_list":["post-9559","page","type-page","status-publish","hentry"],"_links":{"self":[{"href":"https:\/\/johnniebondlaw.com\/es\/wp-json\/wp\/v2\/pages\/9559","targetHints":{"allow":["GET"]}}],"collection":[{"href":"https:\/\/johnniebondlaw.com\/es\/wp-json\/wp\/v2\/pages"}],"about":[{"href":"https:\/\/johnniebondlaw.com\/es\/wp-json\/wp\/v2\/types\/page"}],"author":[{"embeddable":true,"href":"https:\/\/johnniebondlaw.com\/es\/wp-json\/wp\/v2\/users\/8"}],"replies":[{"embeddable":true,"href":"https:\/\/johnniebondlaw.com\/es\/wp-json\/wp\/v2\/comments?post=9559"}],"version-history":[{"count":0,"href":"https:\/\/johnniebondlaw.com\/es\/wp-json\/wp\/v2\/pages\/9559\/revisions"}],"wp:attachment":[{"href":"https:\/\/johnniebondlaw.com\/es\/wp-json\/wp\/v2\/media?parent=9559"}],"curies":[{"name":"wp","href":"https:\/\/api.w.org\/{rel}","templated":true}]}}