{"id":9557,"date":"2022-06-08T07:17:33","date_gmt":"2022-06-08T07:17:33","guid":{"rendered":"https:\/\/johnniebondlaw.com\/abogado-de-accidentes-en-piscinas-en-el-dmv\/"},"modified":"2024-11-07T14:35:34","modified_gmt":"2024-11-07T14:35:34","slug":"abogado-de-accidentes-en-piscinas-en-el-dmv","status":"publish","type":"page","link":"https:\/\/johnniebondlaw.com\/es\/abogado-de-accidentes-en-piscinas-en-el-dmv\/","title":{"rendered":"Abogado de Accidentes en Piscinas en el DMV"},"content":{"rendered":"&#13;\n<p>Pensamos en las piscinas como lugares divertidos tanto para ni\u00f1os como para adultos. Sin embargo, las piscinas tambi\u00e9n pueden ser mortales. <a href=\"https:\/\/www.cdc.gov\/drowning\/facts\/index.html\" target=\"_blank\" rel=\"noopener\">Los Centros para el Control y la Prevenci\u00f3n de Enfermedades (CDC)<\/a> de EE. UU. informan que, aparte de los defectos de nacimiento, el ahogamiento es la principal causa de muerte en ni\u00f1os durante sus primeros cuatro a\u00f1os.   <\/p>&#13;\n&#13;\n<p>Otros hechos impactantes son que el 80% de las v\u00edctimas de ahogamiento son hombres, y las tasas de muerte por ahogamiento en afroamericanos son un 50% m\u00e1s altas que las de los estadounidenses blancos. En piscinas, m\u00e1s de 7.5 veces m\u00e1s ni\u00f1os negros entre las edades de 10-14 a\u00f1os se ahogan en comparaci\u00f3n con sus compa\u00f1eros blancos.  <\/p>&#13;\n&#13;\n<p>Si un accidente en una piscina ha causado lesiones a ti o a un ser querido, o ha resultado en una tr\u00e1gica muerte, Johnnie Bond Law en Washington, DC puede ayudarte a buscar justicia. Gestionaremos tu caso con apoyo emp\u00e1tico y acci\u00f3n legal agresiva. Llama hoy para una consulta gratuita al 202-683-6803.  <\/p>&#13;\n&#13;\n<h2 class=\"wp-block-heading\">Leyes de Seguridad en Piscinas<\/h2>&#13;\n&#13;\n<p>Aunque las reglas locales var\u00edan ligeramente en toda la regi\u00f3n del DMV, las leyes exigen ciertas medidas generales de seguridad para las piscinas semip\u00fablicas y p\u00fablicas. <\/p>&#13;\n&#13;\n<p>Los propietarios de propiedades con piscinas p\u00fablicas y semip\u00fablicas (por ejemplo, piscinas de hoteles) deben proporcionar entornos de nataci\u00f3n bien mantenidos y seguros. Las leyes generalmente requieren: <\/p>&#13;\n&#13;\n<ul class=\"wp-block-list\">&#13;\n<li>Cercas alrededor del \u00e1rea de la piscina para evitar el acceso no controlado.<\/li>&#13;\n<li>Se\u00f1ales de advertencia sobre peligros, como la poca profundidad de la piscina.<\/li>&#13;\n<li>Drenajes de piscinas que funcionen adecuadamente.<\/li>&#13;\n<\/ul>&#13;\n&#13;\n<p>La ley de Maryland tambi\u00e9n requiere socorristas en piscinas p\u00fablicas para proporcionar supervisi\u00f3n y primeros auxilios de emergencia. <\/p>&#13;\n&#13;\n<p>Los requisitos para los propietarios de propiedades con piscinas privadas var\u00edan seg\u00fan las reglas locales. Por ejemplo, el condado de Montgomery exige a los propietarios de piscinas privadas que cercen su propiedad con una valla con una puerta de autocierre. Cuando los propietarios violan las reglas, deben ser responsables de las lesiones que resulten.  <\/p>&#13;\n&#13;\n<h2 class=\"wp-block-heading\">Causas de Accidentes en Piscinas<\/h2>&#13;\n&#13;\n<p>Los accidentes en piscinas no siempre son por negligencia del propietario. Por ejemplo, si una piscina p\u00fablica tiene se\u00f1alizaci\u00f3n de \u00abprohibido correr\u00bb y sufres una lesi\u00f3n mientras corres, el propietario podr\u00eda no ser responsable.  <\/p>&#13;\n&#13;\n<p>Sin embargo, los nadadores y visitantes de piscinas a menudo son lesionados o pierden la vida debido a un mal mantenimiento o falta de medidas de seguridad. Algunas causas comunes de accidentes en piscinas donde el propietario puede ser responsable incluyen: <\/p>&#13;\n&#13;\n<ul class=\"wp-block-list\">&#13;\n<li>Falta de cercas adecuadas.<\/li>&#13;\n<li>Falta de se\u00f1alizaci\u00f3n adecuada.<\/li>&#13;\n<li>Etiquetas de profundidad de la piscina incorrectas o inexistentes.<\/li>&#13;\n<li>Tablas de clavados defectuosas.<\/li>&#13;\n<li>Toboganes mal mantenidos.<\/li>&#13;\n<li>Drenajes defectuosos.<\/li>&#13;\n<li>Contaminaci\u00f3n del agua de la piscina.<\/li>&#13;\n<li>Falta de mantenimiento adecuado de la piscina.<\/li>&#13;\n<li>Cubiertas y superficies mal mantenidas.<\/li>&#13;\n<\/ul>&#13;\n&#13;\n<p>En situaciones donde se requieren socorristas, el propietario de la propiedad tambi\u00e9n puede ser responsable de contratar socorristas inexpertos o mal capacitados. <\/p>&#13;\n&#13;\n<h2 class=\"wp-block-heading\">Compensaci\u00f3n en Demandas por Accidentes en Piscinas<\/h2>&#13;\n&#13;\n<p>Si t\u00fa o un ser querido sufrieron una lesi\u00f3n debido al mal mantenimiento de la piscina u otra causa, podr\u00edas recibir compensaci\u00f3n a trav\u00e9s de una reclamaci\u00f3n por lesiones personales. Con la ayuda de un abogado especializado en accidentes en piscinas, puedes buscar compensaci\u00f3n financiera para cubrir: <\/p>&#13;\n&#13;\n<ul class=\"wp-block-list\">&#13;\n<li>Facturas m\u00e9dicas.<\/li>&#13;\n<li>P\u00e9rdida de salarios actuales y futuros.<\/li>&#13;\n<li>Dolor f\u00edsico.<\/li>&#13;\n<li>Sufrimiento emocional.<\/li>&#13;\n<\/ul>&#13;\n&#13;\n<p>Para obtener m\u00e1s informaci\u00f3n sobre tu reclamaci\u00f3n por lesiones personales y qu\u00e9 tipo de compensaci\u00f3n podr\u00eda estar disponible, comun\u00edcate con el equipo de accidentes en Johnnie Bond Law.<\/p>&#13;\n&#13;\n<h2 class=\"wp-block-heading\">Manteni\u00e9ndote Seguro en la Piscina<\/h2>&#13;\n&#13;\n<p>Los propietarios de piscinas tienen el deber de cuidar a cada visitante, pero hay ciertas maneras en las que puedes fomentar la seguridad en la piscina para tu familia. Ten en cuenta los siguientes consejos para disfrutar de un tiempo seguro en una piscina privada o p\u00fablica: <\/p>&#13;\n&#13;\n<ul class=\"wp-block-list\">&#13;\n<li>Presta atenci\u00f3n a las se\u00f1ales y se\u00f1\u00e1lalas a tus hijos.<\/li>&#13;\n<li>Ense\u00f1a a los ni\u00f1os sobre la seguridad en la piscina, como obedecer las se\u00f1ales de \u00abprohibido bucear.\u00bb<\/li>&#13;\n<li>No permitas que tus hijos corran dentro del \u00e1rea de la piscina.<\/li>&#13;\n<li>Ten especial cuidado en piscinas sin socorristas.<\/li>&#13;\n<li>Ten especial cuidado en piscinas sin socorristas.<\/li>&#13;\n<li>Invierte en zapatos para nadar para evitar resbalones.<\/li>&#13;\n<\/ul>&#13;\n&#13;\n<p>Por supuesto, tambi\u00e9n es crucial evitar nadar bajo la influencia de alcohol u otras sustancias, incluso medicamentos para el resfriado.<\/p>&#13;\n&#13;\n<h2 class=\"wp-block-heading\">Contacta a un Abogado de Accidentes en Piscinas que Sirva al \u00c1rea Metropolitana de DC<\/h2>&#13;\n&#13;\n<p>Todos los consejos de seguridad del mundo no pueden prevenir accidentes debidos a la negligencia del propietario de la piscina. Si t\u00fa o un ser querido sufrieron una lesi\u00f3n en una piscina y sospechas que la causa fue un mal mantenimiento u otra negligencia, llama al abogado de accidentes en piscinas de Johnnie Bond Law para saber c\u00f3mo podemos ayudarte. <\/p>&#13;\n&#13;\n<h2 class=\"wp-block-heading\">Preguntas Frecuentes Sobre Accidentes en Piscinas<\/h2>&#13;\n&#13;\n<h3 class=\"wp-block-heading\">\u00bfQu\u00e9 tan peligrosas son las piscinas?<\/h3>&#13;\n&#13;\n<p>Las piscinas son muy peligrosas. El agua presenta un riesgo de ahogamiento, los pat\u00f3genos y productos qu\u00edmicos en el agua pueden ser peligrosos, y los alrededores de la piscina pueden causar accidentes graves. Debes ser muy vigilante alrededor de una piscina, especialmente si hay ni\u00f1os cerca.  <\/p>&#13;\n&#13;\n<h3 class=\"wp-block-heading\">\u00bfCu\u00e1les son las principales causas de accidentes en piscinas?<\/h3>&#13;\n&#13;\n<p>Los incidentes de ahogamiento y casi ahogamiento son tr\u00e1gicamente comunes en las piscinas. Los nadadores se ahogan cuando no saben nadar o no tienen la capacidad de nadar debido a una discapacidad f\u00edsica, que incluye el uso de alcohol y drogas. Una supervisi\u00f3n adecuada en una piscina podr\u00eda prevenir muchos de estos accidentes.  <\/p>&#13;\n&#13;\n<p>Los accidentes por resbalones y ca\u00eddas tambi\u00e9n son muy comunes en las piscinas. La cubierta de la piscina puede estar hecha de un material que es demasiado resbaladizo cuando est\u00e1 mojado o alguien puede dejar peligros de tropiezo en lugares peligrosos que causen este tipo de accidentes. <\/p>&#13;\n&#13;\n<p>El equipo defectuoso tambi\u00e9n causa accidentes en piscinas. Por ejemplo, ciertos tipos de drenajes pueden atrapar a los nadadores y causar lesiones graves o ahogamiento. Los nadadores tambi\u00e9n suelen lesionarse por el uso incorrecto de desinfectantes en la piscina.  <\/p>&#13;\n&#13;\n<h3 class=\"wp-block-heading\">\u00bfCu\u00e1les son las lesiones m\u00e1s comunes en accidentes de piscinas?<\/h3>&#13;\n&#13;\n<p>Las lesiones m\u00e1s comunes en accidentes de piscinas incluyen:<\/p>&#13;\n&#13;\n<ul class=\"wp-block-list\">&#13;\n<li>Ahogamiento.<\/li>&#13;\n<li>Lesiones cerebrales traum\u00e1ticas.<\/li>&#13;\n<li>Lesiones en la columna o m\u00e9dula espinal.<\/li>&#13;\n<li>Conmociones cerebrales.<\/li>&#13;\n<li>Fracturas \u00f3seas.<\/li>&#13;\n<li>Infecciones y quemaduras qu\u00edmicas.<\/li>&#13;\n<\/ul>&#13;\n&#13;\n<p>Incluso cuando un nadador es sacado del agua antes de que el ahogamiento sea fatal, la falta de ox\u00edgeno a\u00fan puede causar un da\u00f1o cerebral tremendo con consecuencias de por vida.<\/p>&#13;\n&#13;\n<h3 class=\"wp-block-heading\">\u00bfEn qu\u00e9 tipo de piscinas ocurren la mayor\u00eda de los ahogamientos?<\/h3>&#13;\n&#13;\n<p>El <a href=\"https:\/\/www.cdc.gov\/drowning\/facts\/index.html\" target=\"_blank\" rel=\"noopener\">CDC <\/a>informa que los accidentes por ahogamiento en piscinas ocurren con mayor frecuencia en piscinas residenciales. A menudo, los ni\u00f1os pueden acceder a las piscinas sin supervisi\u00f3n, especialmente si no hay barreras adecuadas alrededor de la piscina. Muchos accidentes de atrapamiento y resbalones y ca\u00eddas ocurren en piscinas m\u00e1s grandes abiertas al p\u00fablico. Estas piscinas a menudo tienen equipos de succi\u00f3n potentes y cubiertas de piscina grandes.   <\/p>&#13;\n&#13;\n<h3 class=\"wp-block-heading\">\u00bfC\u00f3mo puedo saber si mi hijo se est\u00e1 ahogando?<\/h3>&#13;\n&#13;\n<p>Las v\u00edctimas de ahogamiento suelen ser dif\u00edciles de detectar porque no llaman la atenci\u00f3n sobre s\u00ed mismas. Por lo general, no pueden gritar pidiendo ayuda. Flotan verticalmente en el agua, en lugar de horizontalmente, y no muestran signos de pataleo. A menudo alternan entre tener la boca justo debajo de la superficie del agua y apenas por encima, lo que hace dif\u00edcil respirar. Pueden intentar presionar el agua hacia abajo para levantarse, o pueden no ser capaces de controlar sus brazos en absoluto. No pueden hacer se\u00f1ales de ayuda ni agarrar un salvavidas. En esta condici\u00f3n, es probable que queden sumergidos por completo en menos de un minuto, por lo que necesitan un rescate inmediato.      <\/p>&#13;\n&#13;\n<p>Un nadador que est\u00e1 en angustia acu\u00e1tica tambi\u00e9n necesita ayuda r\u00e1pidamente, pero puede ser capaz de ayudar en su propio rescate al agarrar un salvavidas. Algunos signos de angustia acu\u00e1tica son similares al ahogamiento: la v\u00edctima est\u00e1 en posici\u00f3n vertical y no mueve las piernas. Su boca est\u00e1 justo por encima del nivel del agua y puede estar jadeando por aire. Puede intentar nadar sin \u00e9xito o rodar sobre su espalda o parecer que est\u00e1 trepando una escalera invisible. Sus ojos a menudo parecen vidriosos o incapaces de enfocarse. Si ves a tu hijo o a cualquier otra persona exhibiendo estos comportamientos, la ayuda inmediata puede marcar la diferencia entre la vida y la muerte.     <\/p>&#13;\n&#13;\n<h3 class=\"wp-block-heading\">\u00bfA qui\u00e9n puedo responsabilizar por las lesiones en accidentes de piscina?<\/h3>&#13;\n&#13;\n<p>Es mejor comenzar a investigar lo antes posible para determinar las partes que podr\u00edan ser responsables de un accidente en piscina. El propietario o administrador de la piscina ciertamente podr\u00eda ser responsable si no cumplieron con obligaciones como proporcionar barreras adecuadas alrededor de la piscina o no mantener la propiedad de manera responsable. Si un equipo defectuoso caus\u00f3 el accidente, la compa\u00f1\u00eda que dise\u00f1\u00f3, produjo o repar\u00f3 el equipo podr\u00eda ser responsable. Si un tercero caus\u00f3 una condici\u00f3n peligrosa, como crear un riesgo de tropiezo, ellos tambi\u00e9n podr\u00edan ser responsables.   <\/p>&#13;\n&#13;\n<h3 class=\"wp-block-heading\">\u00bfQu\u00e9 remedios legales est\u00e1n disponibles si mi hijo se lesiona en una piscina?<\/h3>&#13;\n&#13;\n<p>Cuando un ni\u00f1o se lesiona en una piscina, el paso m\u00e1s importante es obtener atenci\u00f3n m\u00e9dica inmediata y continuar con el tratamiento de seguimiento. Durante el proceso de recuperaci\u00f3n, es prudente consultar a un abogado especializado en accidentes en piscinas para conocer los remedios legales disponibles en tu situaci\u00f3n. Podr\u00edas presentar una demanda contra las partes responsables buscando compensaci\u00f3n por p\u00e9rdidas econ\u00f3micas, necesidades de atenci\u00f3n futura y efectos como el dolor y el sufrimiento. Si las lesiones resultan en la muerte, los seres queridos pueden presentar una demanda por muerte por negligencia. Ninguna cantidad de dinero puede curar las lesiones o restaurar la calidad de vida perdida, pero la compensaci\u00f3n puede proporcionar un sentido de justicia y ayudar a cubrir las necesidades futuras.    <\/p>&#13;\n&#13;\n<h3 class=\"wp-block-heading\">\u00bfQu\u00e9 sucede si comparto la culpa en un accidente de piscina?<\/h3>&#13;\n&#13;\n<p>Las reglas de negligencia contributiva en el DMV hacen que sea muy dif\u00edcil para una v\u00edctima recuperar compensaci\u00f3n si se demuestra que tiene la culpa, pero pueden aplicarse ciertas excepciones, especialmente cuando la v\u00edctima es un ni\u00f1o. Es vital recopilar pruebas lo antes posible despu\u00e9s del accidente y evitar decir cualquier cosa que pueda interpretarse como aceptaci\u00f3n de responsabilidad o muestra de culpa. <\/p>&#13;\n&#13;\n<h3 class=\"wp-block-heading\">\u00bfCu\u00e1ndo debo contratar a un abogado para un accidente en piscina?<\/h3>&#13;\n&#13;\n<p>Es mejor consultar a un abogado justo despu\u00e9s del accidente, una vez que hayas atendido las necesidades m\u00e9dicas inmediatas. Trabajar con un abogado desde el principio puede proporcionar grandes beneficios, ya que tu abogado puede encargarse de las comunicaciones con los investigadores y las compa\u00f1\u00edas de seguros en tu nombre y ayudar a recopilar pruebas. Cuanto antes <a href=\"https:\/\/johnniebondlaw.com\/es\/contacto\/\">contactes <\/a>a un abogado, m\u00e1s oportunidades le das para tomar medidas que ganen tu caso.  <\/p>&#13;\n","protected":false},"excerpt":{"rendered":"<p>&#13; Pensamos en las piscinas como lugares divertidos tanto para ni\u00f1os como para adultos. Sin embargo, las piscinas tambi\u00e9n pueden ser mortales. Los Centros para el Control y la Prevenci\u00f3n de Enfermedades (CDC) de EE. UU. informan que, aparte de los defectos de nacimiento, el ahogamiento es la principal causa de muerte en ni\u00f1os durante&hellip;<\/p>\n","protected":false},"author":8,"featured_media":0,"parent":0,"menu_order":0,"comment_status":"closed","ping_status":"closed","template":"","meta":{"inline_featured_image":false,"footnotes":""},"class_list":["post-9557","page","type-page","status-publish","hentry"],"_links":{"self":[{"href":"https:\/\/johnniebondlaw.com\/es\/wp-json\/wp\/v2\/pages\/9557","targetHints":{"allow":["GET"]}}],"collection":[{"href":"https:\/\/johnniebondlaw.com\/es\/wp-json\/wp\/v2\/pages"}],"about":[{"href":"https:\/\/johnniebondlaw.com\/es\/wp-json\/wp\/v2\/types\/page"}],"author":[{"embeddable":true,"href":"https:\/\/johnniebondlaw.com\/es\/wp-json\/wp\/v2\/users\/8"}],"replies":[{"embeddable":true,"href":"https:\/\/johnniebondlaw.com\/es\/wp-json\/wp\/v2\/comments?post=9557"}],"version-history":[{"count":0,"href":"https:\/\/johnniebondlaw.com\/es\/wp-json\/wp\/v2\/pages\/9557\/revisions"}],"wp:attachment":[{"href":"https:\/\/johnniebondlaw.com\/es\/wp-json\/wp\/v2\/media?parent=9557"}],"curies":[{"name":"wp","href":"https:\/\/api.w.org\/{rel}","templated":true}]}}