{"id":9550,"date":"2022-06-08T07:11:37","date_gmt":"2022-06-08T07:11:37","guid":{"rendered":"https:\/\/johnniebondlaw.com\/abogado-de-accidentes-por-resbalones-tropiezos-y-caidas-en-la-region-de-dmv\/"},"modified":"2024-10-17T19:22:12","modified_gmt":"2024-10-17T19:22:12","slug":"abogado-de-accidentes-por-resbalones-tropiezos-y-caidas-en-la-region-de-dmv","status":"publish","type":"page","link":"https:\/\/johnniebondlaw.com\/es\/abogado-de-accidentes-por-resbalones-tropiezos-y-caidas-en-la-region-de-dmv\/","title":{"rendered":"Abogado de accidentes por resbalones\/tropiezos y ca\u00eddas en la regi\u00f3n de DMV"},"content":{"rendered":"\n<p>Si sufri\u00f3 un accidente de resbal\u00f3n y ca\u00edda en la propiedad de otra persona, puede tener derecho a buscar una compensaci\u00f3n por sus lesiones. Sin embargo, contratar al abogado adecuado en casos de resbalones y ca\u00eddas es invaluable para ayudarlo a navegar su caso de manera efectiva y obtener un resultado justo.  <\/p>\n\n<p>En Johnnie Bond Law, nuestro equipo profesional de lesiones personales tiene una amplia experiencia guiando a los clientes del \u00e1rea de DC en casos de resbalones y ca\u00eddas. Llame a nuestro equipo hoy al 202-683-6803 para programar una consulta gratuita con un abogado de accidentes por resbalones y ca\u00eddas.  <\/p>\n\n<h2 class=\"wp-block-heading\">\u00bfQu\u00e9 es un caso de accidente por resbal\u00f3n y ca\u00edda? <\/h2>\n\n<p>Cuando visita un negocio, un \u00e1rea p\u00fablica o la casa de un amigo, el propietario tiene la obligaci\u00f3n de crear un entorno seguro para usted. Este deber incluye eliminar cualquier condici\u00f3n peligrosa que pueda causarle un resbal\u00f3n o ca\u00edda.  <\/p>\n\n<p>Cuando los propietarios no crean un entorno seguro para los visitantes, se vuelven responsables de los accidentes y lesiones que ocurren. Como resultado, si se resbal\u00f3 y cay\u00f3 en la propiedad de otra persona y sufri\u00f3 una lesi\u00f3n, el propietario podr\u00eda ser responsable de los da\u00f1os resultantes.  <\/p>\n\n<h2 class=\"wp-block-heading\">Causas de los accidentes por resbalones y ca\u00eddas y posibles lesiones<\/h2>\n\n<p>Los accidentes por resbalones y ca\u00eddas suelen ocurrir en entornos donde el suelo o el piso est\u00e1n inesperadamente resbaladizos. Las causas m\u00e1s comunes de estos accidentes incluyen: <\/p>\n\n<ul class=\"wp-block-list\"><li>Superficies mojadas<\/li><li>Alfombras o suelos irregulares<\/li><li>Aceras heladas<\/li><li>Pisos desordenados<\/li><li>Grietas o baches en el pavimento<\/li><li>Pisos reci\u00e9n encerados<\/li><\/ul>\n\n<p>Los accidentes por resbalones y ca\u00eddas pueden causar lesiones que van desde leves hasta graves. Las v\u00edctimas de estos accidentes pueden correr el riesgo de sufrir las siguientes lesiones: <\/p>\n\n<ul class=\"wp-block-list\"><li>Huesos rotos<\/li><li>Cortes y abrasiones<\/li><li>Lesiones de tejidos blandos<\/li><li>Esguinces y fracturas<\/li><li>Lesiones cerebrales traum\u00e1ticas<\/li><li>Lesiones en la m\u00e9dula espinal<\/li><li>Lesiones en el cuello y los hombros<\/li><\/ul>\n\n<p>Incluso si cree que sus lesiones no son muy graves, presentar una reclamaci\u00f3n por lesiones de resbal\u00f3n y ca\u00edda es un paso esencial para recibir compensaci\u00f3n por su dolor y sufrimiento. <\/p>\n\n<h2 class=\"wp-block-heading\">C\u00f3mo los abogados de resbalones y ca\u00eddas en Maryland pueden ayudar <\/h2>\n\n<p>Para tener un caso efectivo de accidente por resbal\u00f3n y ca\u00edda, debe cumplir con los requisitos de la ley de responsabilidad por locales. Espec\u00edficamente, su caso debe cumplir con estos criterios:  <\/p>\n\n<ul class=\"wp-block-list\"><li>El propietario era responsable de crear un entorno seguro.<\/li><li>Ocurri\u00f3 un peligro en la propiedad.<\/li><li>El propietario tuvo un tiempo razonable para conocer el peligro.<\/li><li>El propietario no tom\u00f3 medidas razonables para abordar el peligro.<\/li><\/ul>\n\n<p>Trabajar con un abogado experimentado en lesiones personales puede ayudarlo a crear un caso s\u00f3lido que respalde los puntos anteriores en una demanda por responsabilidad en locales. Su abogado puede: <\/p>\n\n<ul class=\"wp-block-list\"><li>Ayudarlo a recopilar pruebas<\/li><li>Comunicarse con la parte responsable y sus compa\u00f1\u00edas de seguros en su nombre<\/li><li>Representarlo en el tribunal<\/li><\/ul>\n\n<p>DC y Maryland tienen un plazo de prescripci\u00f3n de tres a\u00f1os para demandas por lesiones personales. Esto significa que debe presentar su caso dentro de los tres a\u00f1os posteriores a su accidente. Nuestro equipo de abogados puede ayudarle a cumplir con este plazo de prescripci\u00f3n y trabajar arduamente para asegurar una compensaci\u00f3n r\u00e1pidamente.   <\/p>\n\n<h2 class=\"wp-block-heading\">Contacte a un abogado experimentado en resbalones y ca\u00eddas que sirva al \u00e1rea de DC<\/h2>\n\n<p>Si ha experimentado un accidente de resbal\u00f3n y ca\u00edda en Maryland o DC, nuestro equipo de Johnnie Bond Law puede ayudarlo. Ll\u00e1menos hoy al <a href=\"tel:202-683-6803\">202-683-6803<\/a> para programar su consulta gratuita.  <\/p>\n\n<h2 class=\"wp-block-heading\">Preguntas frecuentes sobre los accidentes de resbal\u00f3n y ca\u00edda<\/h2>\n\n<h3 class=\"wp-block-heading\">\u00bfQu\u00e9 es un caso de accidente por resbal\u00f3n y ca\u00edda?<\/h3>\n\n<p>Cuando visita un lugar de negocios, un \u00e1rea p\u00fablica o la residencia de una persona, el propietario tiene la obligaci\u00f3n de mantener un entorno seguro para usted. Este deber incluye eliminar cualquier condici\u00f3n peligrosa que pueda causarle un resbal\u00f3n o tropiezo y ca\u00edda. <\/p>\n\n<h2 class=\"wp-block-heading\">FAQs<\/h2>\n\n<h3 class=\"wp-block-heading\">\u00bfQu\u00e9 son los accidentes de resbal\u00f3n y ca\u00edda?<\/h3>\n\n<p>En t\u00e9rminos legales, un accidente de resbal\u00f3n y ca\u00edda se refiere a un incidente en el que la v\u00edctima se cae y sufre lesiones debido a una condici\u00f3n peligrosa en la propiedad de otra persona. La ca\u00edda puede deberse a un tropiezo, por lo que un caso de tropiezo y ca\u00edda es igual a un caso de resbal\u00f3n y ca\u00edda. <\/p>\n\n<p>En una situaci\u00f3n de resbal\u00f3n y ca\u00edda, la v\u00edctima podr\u00eda perder el equilibrio debido a una superficie resbaladiza, tropezar con un peligro o caer en un \u00e1rea con barandillas rotas o iluminaci\u00f3n inadecuada. Los accidentes de resbal\u00f3n y ca\u00edda pueden ocurrir tanto en exteriores como en interiores. Las lesiones resultantes de estos accidentes pueden afectar a todas las partes del cuerpo.  <\/p>\n\n<h3 class=\"wp-block-heading\">\u00bfQu\u00e9 tan comunes son los accidentes de resbal\u00f3n y ca\u00edda?<\/h3>\n\n<p>Los accidentes de resbal\u00f3n y ca\u00edda son mucho m\u00e1s comunes de lo que la mayor\u00eda de las personas creen. Los Centros para el Control y la Prevenci\u00f3n de Enfermedades de los Estados Unidos informan que cada a\u00f1o m\u00e1s de 800,000 pacientes sufren lesiones por ca\u00eddas lo suficientemente graves como para requerir hospitalizaci\u00f3n. Las lesiones que resultan en admisi\u00f3n al hospital son con mayor frecuencia lesiones en la cabeza o fracturas de cadera.  <\/p>\n\n<p>Muchos incidentes de resbal\u00f3n y ca\u00edda no se informan. A menudo, las v\u00edctimas no se dan cuenta de la gravedad de sus lesiones hasta despu\u00e9s de haber salido del lugar de la ca\u00edda y nunca recopilan las pruebas que necesitaban para buscar compensaci\u00f3n. <\/p>\n\n<h3 class=\"wp-block-heading\">\u00bfC\u00f3mo se prueba la negligencia en un caso de resbal\u00f3n y ca\u00edda?<\/h3>\n\n<p>En la regi\u00f3n de DMV, primero debe demostrar que el propietario o administrador de una propiedad ten\u00eda la obligaci\u00f3n de proporcionar instalaciones seguras o advertir sobre condiciones que hac\u00edan la propiedad insegura. Si estaba invadiendo la propiedad o ingres\u00f3 para sus propios fines comerciales, como ventas puerta a puerta, es posible que el propietario no tenga la obligaci\u00f3n de mantenerlo a salvo. Por otro lado, si ingres\u00f3 a una propiedad como una tienda para comprar, entonces el propietario del local le debe el m\u00e1s alto deber de cuidado porque estaba en la propiedad para servir a los intereses comerciales del propietario.  <\/p>\n\n<p>Una vez que haya establecido que el propietario o administrador ten\u00eda el deber de protegerlo del peligro, debe demostrar que no cumpli\u00f3 con ese deber, y que esa falta fue lo que caus\u00f3 sus lesiones. Tendr\u00e1 que mostrar que el propietario sab\u00eda o deber\u00eda haber sabido sobre la condici\u00f3n peligrosa y no tom\u00f3 medidas razonables para solucionarlo o advertirle. Tambi\u00e9n deber\u00e1 presentar pruebas que demuestren la gravedad de sus lesiones y c\u00f3mo han afectado su vida. Recopilar y preservar pruebas es crucial para su capacidad de recuperar compensaci\u00f3n despu\u00e9s de un resbal\u00f3n y ca\u00edda. Un abogado puede ayudarlo justo despu\u00e9s del accidente para asegurarse de que recopile las mejores pruebas disponibles.    <\/p>\n\n<h3 class=\"wp-block-heading\">\u00bfSon dif\u00edciles de ganar los casos de resbal\u00f3n y ca\u00edda?<\/h3>\n\n<p>Las v\u00edctimas lesionadas en la regi\u00f3n de DMV tienen m\u00e1s dificultades para ganar casos de resbal\u00f3n y ca\u00edda que en la mayor\u00eda de otras jurisdicciones. Esto se debe a que Maryland, DC y Virginia siguen un principio antiguo conocido como negligencia contributiva. Bajo este principio, si el propietario puede demostrar que la v\u00edctima tuvo parte de la culpa en la lesi\u00f3n, entonces el propietario no tiene que pagar compensaci\u00f3n.  <\/p>\n\n<p>Debido a este principio, es especialmente importante buscar pruebas que respalden su reclamo inmediatamente despu\u00e9s del accidente, si es posible. Tambi\u00e9n es crucial evitar decir cualquier cosa que pueda sacarse de contexto y usarse en su contra. Cuando trabaja con un abogado, su asesor legal puede ayudarlo a recuperar pruebas y hablar con los investigadores por usted, para que no tenga que preocuparse por cometer errores.  <\/p>\n\n<h3 class=\"wp-block-heading\">Si alguien se cae en un trozo roto de la acera de la ciudad y se lesiona, \u00bfpuede demandar a la ciudad?<\/h3>\n\n<p>Es posible demandar al gobierno local cuando crean condiciones peligrosas que causan da\u00f1os. Sin embargo, puede ser mucho m\u00e1s dif\u00edcil ganar y debe estar preparado para actuar r\u00e1pidamente despu\u00e9s de la lesi\u00f3n porque las leyes a menudo establecen plazos cortos para las reclamaciones. Si sufri\u00f3 lesiones en una propiedad de la ciudad o del condado, es recomendable consultar a un abogado lo antes posible para discutir sus opciones.  <\/p>\n\n<h2 class=\"wp-block-heading\">\u00bfQu\u00e9 obligaciones tienen los propietarios de inmuebles en cuanto a la remoci\u00f3n de hielo y nieve?<\/h2>\n\n<p>Los propietarios en la regi\u00f3n de DMV generalmente deben eliminar el hielo y la nieve de las aceras en su propiedad dentro de las 8 a 24 horas despu\u00e9s de que termine una tormenta, dependiendo de las regulaciones locales. Sin embargo, si un propietario no despeja el hielo o la nieve de una entrada, \u00e1rea de acceso o acera, puede ser dif\u00edcil responsabilizarlos por las lesiones si usted resbala y cae. Muchas veces, se espera que las personas que caminan sobre hielo o nieve sean conscientes del peligro y asuman el riesgo. Si puede demostrar que el hielo no era obvio o que el hielo y la nieve bloqueaban el \u00fanico acceso, generalmente tiene m\u00e1s posibilidades de tener \u00e9xito con una reclamaci\u00f3n por resbal\u00f3n y ca\u00edda relacionada con hielo o nieve.   <\/p>\n","protected":false},"excerpt":{"rendered":"<p>Si sufri\u00f3 un accidente de resbal\u00f3n y ca\u00edda en la propiedad de otra persona, puede tener derecho a buscar una compensaci\u00f3n por sus lesiones. Sin embargo, contratar al abogado adecuado en casos de resbalones y ca\u00eddas es invaluable para ayudarlo a navegar su caso de manera efectiva y obtener un resultado justo. En Johnnie Bond&hellip;<\/p>\n","protected":false},"author":8,"featured_media":0,"parent":0,"menu_order":0,"comment_status":"closed","ping_status":"closed","template":"","meta":{"inline_featured_image":false,"footnotes":""},"class_list":["post-9550","page","type-page","status-publish","hentry"],"_links":{"self":[{"href":"https:\/\/johnniebondlaw.com\/es\/wp-json\/wp\/v2\/pages\/9550","targetHints":{"allow":["GET"]}}],"collection":[{"href":"https:\/\/johnniebondlaw.com\/es\/wp-json\/wp\/v2\/pages"}],"about":[{"href":"https:\/\/johnniebondlaw.com\/es\/wp-json\/wp\/v2\/types\/page"}],"author":[{"embeddable":true,"href":"https:\/\/johnniebondlaw.com\/es\/wp-json\/wp\/v2\/users\/8"}],"replies":[{"embeddable":true,"href":"https:\/\/johnniebondlaw.com\/es\/wp-json\/wp\/v2\/comments?post=9550"}],"version-history":[{"count":0,"href":"https:\/\/johnniebondlaw.com\/es\/wp-json\/wp\/v2\/pages\/9550\/revisions"}],"wp:attachment":[{"href":"https:\/\/johnniebondlaw.com\/es\/wp-json\/wp\/v2\/media?parent=9550"}],"curies":[{"name":"wp","href":"https:\/\/api.w.org\/{rel}","templated":true}]}}