{"id":9540,"date":"2022-06-03T06:34:40","date_gmt":"2022-06-03T06:34:40","guid":{"rendered":"https:\/\/johnniebondlaw.com\/abogado-de-seguridad-inadecuada-y-negligente-en-washington-dc\/"},"modified":"2024-10-09T14:04:58","modified_gmt":"2024-10-09T14:04:58","slug":"abogado-de-seguridad-inadecuada-y-negligente-en-washington-dc","status":"publish","type":"page","link":"https:\/\/johnniebondlaw.com\/es\/abogado-de-seguridad-inadecuada-y-negligente-en-washington-dc\/","title":{"rendered":"Abogado de Seguridad Inadecuada y Negligente en Washington DC"},"content":{"rendered":"&#13;\n<p>\u00bfHas sido v\u00edctima de un crimen en un espacio p\u00fablico? Si es as\u00ed, considera esta pregunta: si el edificio hubiera tenido seguridad adecuada, \u00bfse podr\u00eda haber evitado el crimen?  <\/p>&#13;\n&#13;\n<p>En Johnnie Bond Law, hemos ayudado a decenas de clientes en el \u00e1rea de Washington, D.C., a buscar compensaci\u00f3n por reclamaciones de seguridad negligente. Si has sufrido una lesi\u00f3n debido a una seguridad inadecuada, contacta a nuestro equipo hoy para una consulta gratuita con un abogado especializado en seguridad negligente.  <\/p>&#13;\n&#13;\n<h2 class=\"wp-block-heading\">\u00bfQu\u00e9 es un caso de seguridad negligente? <\/h2>&#13;\n&#13;\n<p>Los empresarios y propietarios tienen la responsabilidad legal de garantizar que sus propiedades sean seguras para los visitantes. Un aspecto esencial para mantener un entorno seguro es adoptar los protocolos de seguridad necesarios.   <\/p>&#13;\n&#13;\n<p>No todos los negocios necesitan un equipo de guardias de seguridad o un sistema de seguridad de alta gama. Sin embargo, las empresas que manejan efectivo en sus instalaciones, como bancos o supermercados, deben contar con protocolos de seguridad adecuados.  <\/p>&#13;\n&#13;\n<p>De manera similar, las organizaciones que podr\u00edan ser vulnerables a intrusos, como los campus universitarios o los hoteles, tambi\u00e9n deben priorizar la seguridad. En estos casos, las medidas de seguridad adecuadas pueden ser tan simples como tener farolas estrat\u00e9gicamente ubicadas cerca de las aceras y mantener un equipo de seguridad disponible.  <\/p>&#13;\n&#13;\n<p>Si has sido v\u00edctima de un crimen en un espacio p\u00fablico, el propietario de la propiedad puede haber sido negligente al no implementar medidas de seguridad adecuadas. Consultar con un abogado de seguridad negligente puede ayudarte a comprender tus derechos y guiarte a trav\u00e9s del proceso de reclamaci\u00f3n.  <\/p>&#13;\n&#13;\n<h2 class=\"wp-block-heading\">Criterios para un caso de seguridad negligente<\/h2>&#13;\n&#13;\n<p>Como todas las demandas por responsabilidad civil, tu caso de negligencia en la seguridad debe cumplir unos criterios espec\u00edficos:<\/p>&#13;\n&#13;\n<ul class=\"wp-block-list\">&#13;\n<li><strong>Deber de diligencia<\/strong>: el empresario ten\u00eda la obligaci\u00f3n de proporcionar una seguridad adecuada para evitar los peligros previsibles.<\/li>&#13;\n<li><strong>Incumplimiento del deber:<\/strong> El propietario del negocio no proporcion\u00f3 las medidas de seguridad adecuadas.<\/li>&#13;\n<li><strong>Lesi\u00f3n resultante: <\/strong>La falta de seguridad adecuada en las instalaciones llev\u00f3 a que sufrieras una lesi\u00f3n. <\/li>&#13;\n<li><strong>Da\u00f1os resultantes: <\/strong>Tu lesi\u00f3n provoc\u00f3 da\u00f1os f\u00edsicos, econ\u00f3micos o de otro tipo. <\/li>&#13;\n<\/ul>&#13;\n&#13;\n<p>Si no est\u00e1s seguro de si tu caso cumple con estas condiciones, nuestro equipo puede ayudarte. <\/p>&#13;\n&#13;\n<h2 class=\"wp-block-heading\">Nuestro equipo legal puede ayudarte a obtener compensaci\u00f3n <\/h2>&#13;\n&#13;\n<p>Si has sufrido una lesi\u00f3n por falta de seguridad adecuada en un espacio p\u00fablico, es posible que puedas recibir una indemnizaci\u00f3n del propietario. Sin embargo, presentar un caso convincente es esencial para obtener la mayor indemnizaci\u00f3n de tu reclamaci\u00f3n por negligencia en la seguridad.   <\/p>&#13;\n&#13;\n<p>Por ello, te recomendamos que contrates a un abogado experto en lesiones personales para que te ayude durante todo el proceso de reclamaci\u00f3n. Nuestro equipo Johnnie Bond Law puede prestarte los siguientes servicios para ayudarte en tu reclamaci\u00f3n: <\/p>&#13;\n&#13;\n<ul class=\"wp-block-list\">&#13;\n<li>Ayudarte a investigar y presentar la documentaci\u00f3n necesaria<\/li>&#13;\n<li>Proporcionar asesoramiento y orientaci\u00f3n legal<\/li>&#13;\n<li>Comunicarse con el propietario de la propiedad y su compa\u00f1\u00eda de seguros en tu nombre<\/li>&#13;\n<li>Representarte en el tribunal<\/li>&#13;\n<\/ul>&#13;\n&#13;\n<p>Estaremos encantados de quitarte de los hombros la responsabilidad de tu reclamaci\u00f3n por seguridad negligente y darte el tiempo adecuado para sanar f\u00edsica y emocionalmente de tus lesiones. <\/p>&#13;\n&#13;\n<h2 class=\"wp-block-heading\">Preguntas frecuentes sobre seguridad inadecuada y negligente<\/h2>&#13;\n&#13;\n<p><strong>\u00bfQu\u00e9 es la seguridad negligente?<\/strong><\/p>&#13;\n&#13;\n<p>La seguridad negligente o inadecuada es la falta de medidas de seguridad adecuadas para prevenir peligros previsibles derivados de actividades delictivas. Cuando un propietario sabe o deber\u00eda saber sobre la posibilidad de actividad delictiva en la zona, se espera que tome medidas razonables para proteger a las personas que invita a su propiedad, ya que es previsible que esas personas puedan ser v\u00edctimas de conductas delictivas como agresiones. <\/p>&#13;\n&#13;\n<p><strong>\u00bfQu\u00e9 es una seguridad razonable?<\/strong><\/p>&#13;\n&#13;\n<p>Las medidas de seguridad razonables var\u00edan seg\u00fan las circunstancias. Los propietarios de inmuebles en \u00e1reas conocidas por tener altos \u00edndices de criminalidad tienen la obligaci\u00f3n de implementar precauciones de seguridad m\u00e1s amplias que aquellos en otras zonas. Ejemplos de medidas de seguridad razonables incluyen:  <\/p>&#13;\n&#13;\n<ul class=\"wp-block-list\">&#13;\n<li>Cerraduras funcionales en puertas y ventanas de apartamentos<\/li>&#13;\n<li>C\u00e1maras de seguridad<\/li>&#13;\n<li>Iluminaci\u00f3n adecuada en \u00e1reas comunes, incluidos los pasillos y garajes<\/li>&#13;\n<li>Vallas de seguridad y portones que funcionen<\/li>&#13;\n<li>Guardias de seguridad<\/li>&#13;\n<\/ul>&#13;\n&#13;\n<p>Adem\u00e1s, las medidas de seguridad razonables tambi\u00e9n pueden incluir pol\u00edticas para garantizar la seguridad b\u00e1sica. Por ejemplo, un bar deber\u00eda tener una pol\u00edtica de no servir alcohol a clientes que parezcan agresivos o ebrios. Un negocio en una zona de alta criminalidad podr\u00eda establecer una pol\u00edtica para que los guardias de seguridad acompa\u00f1en a los empleados a sus autos despu\u00e9s del anochecer.  <\/p>&#13;\n&#13;\n<p><strong>\u00bfQu\u00e9 es una actividad criminal previsible?<\/strong><\/p>&#13;\n&#13;\n<p>Los tribunales suelen determinar que la actividad delictiva es previsible en una propiedad si el propietario sab\u00eda o deber\u00eda haber sabido que es razonablemente probable que se produzcan acciones delictivas. Si los informes policiales indican que se han producido ataques violentos en la zona, ello deber\u00eda poner sobre aviso a los propietarios de las inmediaciones de que las personas que se encuentran en su propiedad se enfrentan a un riesgo de sufrir da\u00f1os superior a la media, y los ataques violentos deber\u00edan considerarse previsibles. Si se sabe que una zona es un lugar donde se re\u00fanen multitudes y se producen peleas con frecuencia por la noche, el riesgo de sufrir da\u00f1os por una pelea debe ser previsible para los propietarios.  <\/p>&#13;\n&#13;\n<p><strong>\u00bfQui\u00e9n puede ser responsable en un caso de seguridad negligente?<\/strong><\/p>&#13;\n&#13;\n<p>Un abogado de responsabilidad por locales podr\u00eda revisar las circunstancias de un caso para determinar qu\u00e9 individuos o negocios pueden ser responsables por la seguridad negligente. Esto podr\u00eda incluir: <\/p>&#13;\n&#13;\n<ul class=\"wp-block-list\">&#13;\n<li>El propietario de la propiedad<\/li>&#13;\n<li>El administrador de la propiedad responsable del mantenimiento<\/li>&#13;\n<li>La empresa de seguridad que proporcion\u00f3 equipos o personal para la seguridad<\/li>&#13;\n<li>Alguien que cre\u00f3 una condici\u00f3n de seguridad peligrosa mediante una conducta como desactivar luces o alarmas<\/li>&#13;\n<\/ul>&#13;\n&#13;\n<p>Por supuesto, el perpetrador del delito tambi\u00e9n ser\u00eda responsable por el da\u00f1o que caus\u00f3, pero a menudo es dif\u00edcil o imposible recuperar una compensaci\u00f3n significativa de un agresor.<\/p>&#13;\n&#13;\n<p><strong>\u00bfPor qu\u00e9 demandar al propietario si no cometi\u00f3 el crimen?<\/strong><\/p>&#13;\n&#13;\n<p>Los propietarios tienen el deber de garantizar la seguridad de aquellos que invitan a su propiedad. Esto es particularmente cierto cuando los propietarios invitan a personas con fines financieros, como cuando invitan a clientes a comprar en sus tiendas o alquilan su propiedad a inquilinos. Los propietarios no son responsables por cometer el delito, sino por permitir una condici\u00f3n en la que el da\u00f1o criminal previsible podr\u00eda ocurrir.  <\/p>&#13;\n&#13;\n<p><strong>\u00bfPor qu\u00e9 no demandar a la persona que cometi\u00f3 el crimen?<\/strong><\/p>&#13;\n&#13;\n<p>Puedes presentar una demanda contra la persona que cometi\u00f3 el crimen si ha sido identificada. Sin embargo, en la mayor\u00eda de los casos, el criminal responsable de las lesiones no tiene los recursos para proporcionar una compensaci\u00f3n adecuada para cubrir los gastos m\u00e9dicos y otras p\u00e9rdidas. Los propietarios de propiedades tienen seguros para cubrir este tipo de p\u00e9rdidas.  <\/p>&#13;\n&#13;\n<p><strong>\u00bfPuedes demandar a una empresa de seguridad?<\/strong><\/p>&#13;\n&#13;\n<p>Si una empresa de seguridad tiene alguna culpa por el da\u00f1o causado por la actividad delictiva, debe incluirse en la demanda. Por ejemplo, si un guardia de seguridad se qued\u00f3 dormido o estaba viendo una pel\u00edcula y no observ\u00f3 la actividad mostrada en una c\u00e1mara, la empresa que contrat\u00f3 a ese guardia podr\u00eda ser responsable. <\/p>&#13;\n&#13;\n<p><strong>\u00bfCu\u00e1l es el plazo de prescripci\u00f3n para casos de seguridad negligente?<\/strong><\/p>&#13;\n&#13;\n<p>En Maryland y D.C., la v\u00edctima de seguridad negligente debe presentar una reclamaci\u00f3n dentro de los tres a\u00f1os posteriores a la lesi\u00f3n. En Virginia, las reclamaciones deben prepararse y presentarse dentro de los dos a\u00f1os. <\/p>&#13;\n&#13;\n<p><strong>\u00bfQu\u00e9 necesito establecer en una acci\u00f3n de seguridad negligente?<\/strong><\/p>&#13;\n&#13;\n<p>Para recuperar una compensaci\u00f3n de un propietario por seguridad negligente en la regi\u00f3n del DMV, debes tener pruebas que demuestren que:<\/p>&#13;\n&#13;\n<ul class=\"wp-block-list\">&#13;\n<li>El propietario te deb\u00eda un deber de cuidado porque fuiste invitado a la propiedad<\/li>&#13;\n<li>Sufriste lesiones causadas por actividad criminal en esa propiedad<\/li>&#13;\n<li>La actividad criminal era previsible<\/li>&#13;\n<li>Las lesiones podr\u00edan haberse reducido o prevenido con medidas de seguridad razonables y apropiadas<\/li>&#13;\n<li>El propietario no implement\u00f3 medidas de seguridad razonables<\/li>&#13;\n<\/ul>&#13;\n&#13;\n<p>Es importante recopilar y preservar pruebas lo antes posible despu\u00e9s de la lesi\u00f3n. A menudo, despu\u00e9s de un incidente, los propietarios de propiedades eliminan grabaciones de video y reparan condiciones que permitieron que el perpetrador causara da\u00f1o. Un abogado puede ayudarte a reunir pruebas antes de que eso ocurra.  <\/p>&#13;\n&#13;\n<p><strong>He o\u00eddo mucho sobre \u201ccompensaci\u00f3n\u201d y \u201cda\u00f1os\u201d. Si soy el demandante en un caso de seguridad negligente, \u00bfpor qu\u00e9 puedo recibir compensaci\u00f3n? <\/strong><\/p>&#13;\n&#13;\n<p>Si puedes probar la responsabilidad por seguridad negligente, puedes recibir compensaci\u00f3n por tus p\u00e9rdidas, tanto tangibles como intangibles. Tus p\u00e9rdidas tangibles incluir\u00edan gastos m\u00e9dicos y salarios perdidos debido al tiempo perdido en el trabajo. Tus p\u00e9rdidas intangibles incluyen factores como el dolor, sufrimiento, angustia emocional y la p\u00e9rdida de disfrute de actividades favoritas.  <\/p>&#13;\n&#13;\n<h2 class=\"wp-block-heading\">Contacta a un abogado experimentado en seguridad negligente que sirva en el \u00e1rea de DC<\/h2>&#13;\n&#13;\n<p>Si has experimentado una lesi\u00f3n debido a actividad criminal, podr\u00edas tener motivos para una reclamaci\u00f3n por seguridad inadecuada. Contacta a nuestro equipo en Johnnie Bond Law hoy al <a href=\"tel:%20202-686-6803\">202-686-6803<\/a> para <a href=\"https:\/\/johnniebondlaw.com\/es\/contacto\/\">programar una consulta<\/a> con un abogado de seguridad negligente.  <\/p>&#13;\n","protected":false},"excerpt":{"rendered":"<p>&#13; \u00bfHas sido v\u00edctima de un crimen en un espacio p\u00fablico? Si es as\u00ed, considera esta pregunta: si el edificio hubiera tenido seguridad adecuada, \u00bfse podr\u00eda haber evitado el crimen? &#13; &#13; En Johnnie Bond Law, hemos ayudado a decenas de clientes en el \u00e1rea de Washington, D.C., a buscar compensaci\u00f3n por reclamaciones de seguridad&hellip;<\/p>\n","protected":false},"author":8,"featured_media":1136,"parent":0,"menu_order":0,"comment_status":"closed","ping_status":"closed","template":"","meta":{"inline_featured_image":false,"footnotes":""},"class_list":["post-9540","page","type-page","status-publish","has-post-thumbnail","hentry"],"_links":{"self":[{"href":"https:\/\/johnniebondlaw.com\/es\/wp-json\/wp\/v2\/pages\/9540","targetHints":{"allow":["GET"]}}],"collection":[{"href":"https:\/\/johnniebondlaw.com\/es\/wp-json\/wp\/v2\/pages"}],"about":[{"href":"https:\/\/johnniebondlaw.com\/es\/wp-json\/wp\/v2\/types\/page"}],"author":[{"embeddable":true,"href":"https:\/\/johnniebondlaw.com\/es\/wp-json\/wp\/v2\/users\/8"}],"replies":[{"embeddable":true,"href":"https:\/\/johnniebondlaw.com\/es\/wp-json\/wp\/v2\/comments?post=9540"}],"version-history":[{"count":0,"href":"https:\/\/johnniebondlaw.com\/es\/wp-json\/wp\/v2\/pages\/9540\/revisions"}],"wp:featuredmedia":[{"embeddable":true,"href":"https:\/\/johnniebondlaw.com\/es\/wp-json\/wp\/v2\/media\/1136"}],"wp:attachment":[{"href":"https:\/\/johnniebondlaw.com\/es\/wp-json\/wp\/v2\/media?parent=9540"}],"curies":[{"name":"wp","href":"https:\/\/api.w.org\/{rel}","templated":true}]}}