{"id":9535,"date":"2022-06-08T07:10:37","date_gmt":"2022-06-08T07:10:37","guid":{"rendered":"https:\/\/johnniebondlaw.com\/abogado-de-accidentes-de-escaleras-electricas-y-ascensores-en-washington-dc\/"},"modified":"2024-10-02T02:28:55","modified_gmt":"2024-10-02T02:28:55","slug":"abogado-de-accidentes-de-escaleras-electricas-y-ascensores-en-washington-dc","status":"publish","type":"page","link":"https:\/\/johnniebondlaw.com\/es\/abogado-de-accidentes-de-escaleras-electricas-y-ascensores-en-washington-dc\/","title":{"rendered":"Abogado de Accidentes de Escaleras El\u00e9ctricas y Ascensores en Washington DC"},"content":{"rendered":"&#13;\n<p>Muchas personas tienen miedo a los ascensores y escaleras el\u00e9ctricas, y con raz\u00f3n. Cuando viaja en una m\u00e1quina que lo eleva por encima del suelo, su vida depende totalmente de los propietarios y operadores que tienen la responsabilidad de garantizar un mantenimiento adecuado y la seguridad. <\/p>&#13;\n&#13;\n<p>Los accidentes en ascensores y escaleras el\u00e9ctricas provocan la muerte de aproximadamente 30 personas al a\u00f1o en los Estados Unidos, y alrededor de 17,000 personas resultan gravemente heridas anualmente, seg\u00fan datos de la Comisi\u00f3n de Seguridad de Productos del Consumidor y la Oficina de Estad\u00edsticas Laborales de EE.UU.<\/p>&#13;\n&#13;\n<p>El tenaz abogado de lesiones personales, Johnnie Bond, ayuda a las v\u00edctimas de accidentes en escaleras el\u00e9ctricas y ascensores, as\u00ed como a sus familias, en el DMV a encontrar justicia y compensaci\u00f3n. Pero es importante actuar r\u00e1pidamente para preservar la evidencia que respalde su reclamo. Si usted o un ser querido sufri\u00f3 una lesi\u00f3n relacionada con un ascensor o escalera el\u00e9ctrica en el \u00e1rea de DC, contacte a un abogado especializado en accidentes de escaleras el\u00e9ctricas y ascensores poco despu\u00e9s del accidente para recibir el m\u00e1ximo nivel de asistencia.  <\/p>&#13;\n&#13;\n<h2 class=\"wp-block-heading\">Qu\u00e9 Hacer Despu\u00e9s de un Accidente en un Ascensor o Escalera El\u00e9ctrica<\/h2>&#13;\n&#13;\n<p>Despu\u00e9s de un accidente, es crucial recibir un examen m\u00e9dico completo y tratamiento, pero tambi\u00e9n es importante tomar medidas para proteger su capacidad de obtener compensaci\u00f3n para cubrir los costos de ese tratamiento. Intente tomar los siguientes pasos lo antes posible: <\/p>&#13;\n&#13;\n<ul class=\"wp-block-list\">&#13;\n<li>Contacte al propietario o administrador de la propiedad para obtener una copia del informe del incidente<\/li>&#13;\n<li>Tome fotos detalladas (tanto de cerca como de vista expandida) y videos de la condici\u00f3n del ascensor o escalera el\u00e9ctrica. (Cuanto m\u00e1s espere para tomar fotos, es m\u00e1s probable que la condici\u00f3n peligrosa que caus\u00f3 el accidente sea reparada, dej\u00e1ndolo sin evidencia crucial). <\/li>&#13;\n<li>Busque c\u00e1maras de video en las cercan\u00edas y tome nota de sus ubicaciones. El incidente podr\u00eda haber sido capturado en video, o el video podr\u00eda usarse para mostrar el mal estado operativo del equipo antes o despu\u00e9s del accidente. <\/li>&#13;\n<li>Haga que su abogado contacte al propietario o administrador de la propiedad o consiga una orden judicial para requerir la preservaci\u00f3n de las grabaciones de video. (Si espera, existe una buena posibilidad de que estas grabaciones de video sean borradas). <\/li>&#13;\n<li>Obtenga la informaci\u00f3n de contacto de cualquier testigo y haga que su abogado tome declaraciones mientras sus recuerdos est\u00e1n frescos.<\/li>&#13;\n<\/ul>&#13;\n&#13;\n<p>Solo puede recuperar una compensaci\u00f3n por sus lesiones si su abogado puede probar que la negligencia de alguien caus\u00f3 esas lesiones. Recoger evidencia temprano es vital para el \u00e9xito de su reclamo. <\/p>&#13;\n&#13;\n<h2 class=\"wp-block-heading\">\u00bfQu\u00e9 es la Responsabilidad de Locales?<\/h2>&#13;\n&#13;\n<p>La responsabilidad de locales se refiere a la responsabilidad del propietario de una propiedad de mantener a los visitantes seguros, lo que se conoce como el deber de cuidado. Los propietarios deben completar las tareas de mantenimiento requeridas e identificar y eliminar razonablemente las posibles causas de accidentes. <\/p>&#13;\n&#13;\n<p>Ya sea que se encuentre en propiedad p\u00fablica o privada, no deber\u00eda estar en peligro debido a la negligencia del propietario. Si la falta de mantenimiento o cuidado razonable resulta en un accidente en un ascensor o escalera el\u00e9ctrica, el propietario de la propiedad puede ser responsable. <\/p>&#13;\n&#13;\n<h2 class=\"wp-block-heading\">Causas Comunes de Accidentes en Ascensores<\/h2>&#13;\n&#13;\n<p>Los ascensores se encuentran en todo tipo de lugares, desde centros comerciales y tiendas hasta edificios de oficinas y escuelas. Muchos complejos de apartamentos tienen ascensores, al igual que los hospitales y museos. <\/p>&#13;\n&#13;\n<p>Algunas causas comunes de accidentes en ascensores incluyen:<\/p>&#13;\n&#13;\n<ul class=\"wp-block-list\">&#13;\n<li>Mal funcionamiento de la polea<\/li>&#13;\n<li>Problemas de cableado<\/li>&#13;\n<li>Nivelaci\u00f3n defectuosa<\/li>&#13;\n<li>Falta de mantenimiento<\/li>&#13;\n<li>Mantenimiento deficiente<\/li>&#13;\n<li>Falta de inspecciones o inspecciones inadecuadas<\/li>&#13;\n<li>Ejes abiertos para reparaciones<\/li>&#13;\n<li>Dise\u00f1o deficiente<\/li>&#13;\n<\/ul>&#13;\n&#13;\n<p>Incluso un simple accidente de tropiezo y ca\u00edda causado por una nivelaci\u00f3n inadecuada puede resultar en lesiones graves. Deje que nuestro abogado especializado en accidentes de escaleras el\u00e9ctricas y ascensores lo ayude a buscar compensaci\u00f3n si sufre una lesi\u00f3n en un ascensor. <\/p>&#13;\n&#13;\n<h2 class=\"wp-block-heading\">Causas Comunes de Accidentes en Escaleras El\u00e9ctricas<\/h2>&#13;\n&#13;\n<p>Las escaleras el\u00e9ctricas son comunes en todo tipo de lugares en el \u00e1rea del DMV. Adem\u00e1s de sus 275 ascensores, el sistema de metro de Washington DC incluye 613 escaleras el\u00e9ctricas. <\/p>&#13;\n&#13;\n<p>Las causas comunes de accidentes en escaleras el\u00e9ctricas incluyen:<\/p>&#13;\n&#13;\n<ul class=\"wp-block-list\">&#13;\n<li>Fallos mec\u00e1nicos<\/li>&#13;\n<li>Falta de mantenimiento<\/li>&#13;\n<li>Mantenimiento deficiente<\/li>&#13;\n<li>Falta de dientes en los escalones<\/li>&#13;\n<li>Dise\u00f1o deficiente<\/li>&#13;\n<\/ul>&#13;\n&#13;\n<p>Cualquiera que haya tropezado en una escalera el\u00e9ctrica sabe lo aterradoras que pueden ser, y desafortunadamente, estos accidentes pueden causar lesiones significativas a las v\u00edctimas.<\/p>&#13;\n&#13;\n<h2 class=\"wp-block-heading\">Lesiones Frecuentes en Accidentes de Escaleras El\u00e9ctricas y Ascensores<\/h2>&#13;\n&#13;\n<p>Muchas lesiones en ascensores y escaleras el\u00e9ctricas resultan ser alteradoras de la vida o potencialmente mortales. Algunas lesiones comunes incluyen: <\/p>&#13;\n&#13;\n<ul class=\"wp-block-list\">&#13;\n<li>Huesos rotos<\/li>&#13;\n<li>Moretones y laceraciones<\/li>&#13;\n<li>Lesiones por aplastamiento<\/li>&#13;\n<li>Conmociones cerebrales<\/li>&#13;\n<li>Lesiones cerebrales<\/li>&#13;\n<li>Par\u00e1lisis<\/li>&#13;\n<\/ul>&#13;\n&#13;\n<p>En un caso, un ni\u00f1o de diez a\u00f1os sufri\u00f3 una lesi\u00f3n cerebral catastr\u00f3fica y par\u00e1lisis despu\u00e9s de inclinarse para observar un eje de ascensor que estaba indebidamente expuesto. En otro caso, una mujer muri\u00f3 en una escalera el\u00e9ctrica despu\u00e9s de que su cabello y bufanda quedaran atrapados en el mecanismo. <\/p>&#13;\n&#13;\n<p>Cuando el mantenimiento oportuno o la previsi\u00f3n podr\u00edan haber evitado que ocurrieran los accidentes, es verdaderamente tr\u00e1gico.<\/p>&#13;\n&#13;\n<h2 class=\"wp-block-heading\">Contacte a un Abogado de Accidentes en Escaleras El\u00e9ctricas y Ascensores en el \u00c1rea de Washington DC<\/h2>&#13;\n&#13;\n<p>Contacte a Johnnie Bond y su equipo si usted o un ser querido ha sido herido o ha fallecido en un accidente de escalera el\u00e9ctrica o ascensor en el DMV. El equipo de accidentes de Johnnie Bond Law est\u00e1 dedicado a brindar apoyo emp\u00e1tico y representaci\u00f3n agresiva para las v\u00edctimas y sus familias. <\/p>&#13;\n&#13;\n<p>Cuando conf\u00eda su caso a Johnnie Bond Law, nos encargamos de todo para que usted o su ser querido puedan concentrarse en la recuperaci\u00f3n. P\u00f3ngase en contacto con nosotros hoy para representaci\u00f3n en casos de lesiones personales y muerte por negligencia en el \u00e1rea del DMV. Puede contactarnos en l\u00ednea o llamarnos al <a href=\"tel:202-683-6803\">202-683-6803<\/a> para programar una consulta gratuita.  <\/p>&#13;\n&#13;\n<h2 class=\"wp-block-heading\">Preguntas Frecuentes sobre Accidentes en Escaleras El\u00e9ctricas y Ascensores<\/h2>&#13;\n&#13;\n<p><strong>\u00bfQu\u00e9 tipo de accidentes pueden ocurrir en un ascensor o escalera el\u00e9ctrica?<\/strong><\/p>&#13;\n&#13;\n<p>Aunque ocurren muchos tipos diferentes de accidentes en escaleras el\u00e9ctricas, algunos de los m\u00e1s frecuentes son los accidentes por resbalones y ca\u00eddas, y las lesiones causadas por atrapamientos. En un incidente de resbal\u00f3n y ca\u00edda, la v\u00edctima puede sufrir lesiones como traumatismos cerebrales, lesiones espinales y fracturas compuestas. Cuando los dedos, el cabello, la ropa o los zapatos de una v\u00edctima se quedan atrapados en una escalera el\u00e9ctrica, las lesiones a menudo incluyen dislocaciones, fracturas y amputaciones.  <\/p>&#13;\n&#13;\n<p>Los accidentes en ascensores tambi\u00e9n pueden causar lesiones por tropiezos y ca\u00eddas, as\u00ed como atrapamientos, incluyendo lesiones por aplastamiento. Sin embargo, debido al potencial de que un ascensor caiga varios pisos, los accidentes en ascensores son con mayor frecuencia fatales. Algunas v\u00edctimas han sufrido lesiones graves o la muerte debido a ca\u00eddas en un ascensor o en un hueco abierto debido a fallos en las puertas.  <\/p>&#13;\n&#13;\n<p><strong>\u00bfCu\u00e1les son algunos de los incidentes m\u00e1s comunes en ascensores y escaleras el\u00e9ctricas que resultan en lesiones?<\/strong><\/p>&#13;\n&#13;\n<p>Los accidentes en ascensores y escaleras el\u00e9ctricas a menudo son causados por negligencia en la fabricaci\u00f3n, dise\u00f1o o mantenimiento de estas complejas piezas de maquinaria. Por ejemplo, si faltan placas de peine o hay brechas considerables en las entradas del pasamanos o entre los escalones de una escalera el\u00e9ctrica, los ni\u00f1os pueden quedar atrapados y sufrir lesiones graves. Las empresas responsables del mantenimiento de ascensores y escaleras el\u00e9ctricas pueden ser responsables si un ascensor no se nivela adecuadamente o si las puertas se abren cuando el ascensor est\u00e1 en otro piso.  <\/p>&#13;\n&#13;\n<p>La empresa responsable del mantenimiento del edificio tambi\u00e9n puede ser culpable. Si cortan la energ\u00eda sin cerrar el acceso, una parada repentina podr\u00eda provocar ca\u00eddas. La iluminaci\u00f3n inadecuada tambi\u00e9n puede causar ca\u00eddas.  <\/p>&#13;\n&#13;\n<p><strong>\u00bfQu\u00e9 debo hacer para comenzar el proceso de considerar un reclamo en mi accidente en ascensor o escalera el\u00e9ctrica?<\/strong><\/p>&#13;\n&#13;\n<p>El paso m\u00e1s importante es recibir un examen m\u00e9dico completo lo antes posible despu\u00e9s del accidente. Mantenga registros de sus lesiones y c\u00f3mo esas lesiones afectan su vida. Si su m\u00e9dico le dice que evite ciertas acciones y que regrese para atenci\u00f3n adicional, siga esas indicaciones.  <\/p>&#13;\n&#13;\n<p>Lo antes posible, recoja evidencia para respaldar su reclamo antes de que la situaci\u00f3n cambie. Obtenga copias de los informes del incidente, tome fotos de la escena del accidente y tome medidas para obtener grabaciones de video antes de que puedan ser borradas o grabadas. <\/p>&#13;\n&#13;\n<p>Un abogado de lesiones personales familiarizado con los casos de accidentes en escaleras el\u00e9ctricas y ascensores puede ayudar a recopilar y preservar evidencia. Su abogado tambi\u00e9n podr\u00eda responder preguntas de los investigadores para ayudarle a evitar decir o hacer algo que podr\u00eda poner en peligro su reclamo. Un abogado experimentado puede evaluar la situaci\u00f3n, explicarle sus opciones y ayudarlo a alcanzar la m\u00e1xima recuperaci\u00f3n f\u00edsica y financiera.  <\/p>&#13;\n&#13;\n<p><strong>\u00bfQu\u00e9 tipo de compensaci\u00f3n podr\u00eda obtener en una demanda por lesiones personales despu\u00e9s de un accidente en ascensor o escalera el\u00e9ctrica?<\/strong><\/p>&#13;\n&#13;\n<p>Cuando puede probar que la negligencia o comportamiento indebido de alguien caus\u00f3 su accidente, puede recuperar da\u00f1os por p\u00e9rdidas tangibles e intangibles. Las p\u00e9rdidas tangibles incluyen sus gastos m\u00e9dicos y salarios perdidos durante la recuperaci\u00f3n. Sus p\u00e9rdidas intangibles pueden valer mucho m\u00e1s. Estas incluyen dolor, sufrimiento y angustia emocional.   <\/p>&#13;\n&#13;\n<p><strong>\u00bfQui\u00e9n es responsable de un reclamo por lesiones en un accidente de ascensor o escalera el\u00e9ctrica?<\/strong><\/p>&#13;\n&#13;\n<p>Muchas partes podr\u00edan ser responsables de un accidente en ascensor o escalera el\u00e9ctrica. El propietario de la propiedad tiene el deber de mantener las \u00e1reas seguras o colocar barreras de advertencia para mantener a las personas alejadas de situaciones peligrosas. Si el propietario sab\u00eda o deber\u00eda haber sabido que un ascensor no estaba funcionando, por ejemplo, deber\u00eda haber colocado se\u00f1ales de advertencia prominentes para evitar que las personas intenten usarlo.  <\/p>&#13;\n&#13;\n<p>La v\u00edctima de un accidente de ascensor o escalera el\u00e9ctrica puede presentar un reclamo contra:<\/p>&#13;\n&#13;\n<ul class=\"wp-block-list\">&#13;\n<li>El propietario de la propiedad<\/li>&#13;\n<li>El administrador de la instalaci\u00f3n<\/li>&#13;\n<li>La empresa de mantenimiento<\/li>&#13;\n<li>El fabricante del ascensor, escalera el\u00e9ctrica o componentes<\/li>&#13;\n<\/ul>&#13;\n&#13;\n<p>Adem\u00e1s, si otros pasajeros o individuos contribuyeron a la causa del accidente, tambi\u00e9n podr\u00edan ser considerados responsables. Por ejemplo, si alguien empuj\u00f3 para entrar en un ascensor o escalera el\u00e9ctrica y caus\u00f3 que otros perdieran el equilibrio, esa persona podr\u00eda ser responsable de las lesiones resultantes. <\/p>&#13;\n&#13;\n<p><strong>\u00bfCu\u00e1l es el plazo de prescripci\u00f3n para accidentes de ascensores y escaleras el\u00e9ctricas?<\/strong><\/p>&#13;\n&#13;\n<p>Si el accidente ocurri\u00f3 en DC o Maryland, las v\u00edctimas deben presentar un reclamo dentro de los tres a\u00f1os posteriores al accidente. Las v\u00edctimas que sufren accidentes en Virginia tienen solo dos a\u00f1os para preparar y presentar su reclamo. Independientemente del lugar, es prudente buscar la ayuda de un abogado lo antes posible. Su representante legal podr\u00eda ayudarle a recopilar evidencia para probar la responsabilidad, y la mejor evidencia solo est\u00e1 disponible poco despu\u00e9s del accidente.   <\/p>&#13;\n","protected":false},"excerpt":{"rendered":"<p>&#13; Muchas personas tienen miedo a los ascensores y escaleras el\u00e9ctricas, y con raz\u00f3n. Cuando viaja en una m\u00e1quina que lo eleva por encima del suelo, su vida depende totalmente de los propietarios y operadores que tienen la responsabilidad de garantizar un mantenimiento adecuado y la seguridad. &#13; &#13; Los accidentes en ascensores y escaleras&hellip;<\/p>\n","protected":false},"author":8,"featured_media":0,"parent":0,"menu_order":0,"comment_status":"closed","ping_status":"closed","template":"","meta":{"inline_featured_image":false,"footnotes":""},"class_list":["post-9535","page","type-page","status-publish","hentry"],"_links":{"self":[{"href":"https:\/\/johnniebondlaw.com\/es\/wp-json\/wp\/v2\/pages\/9535","targetHints":{"allow":["GET"]}}],"collection":[{"href":"https:\/\/johnniebondlaw.com\/es\/wp-json\/wp\/v2\/pages"}],"about":[{"href":"https:\/\/johnniebondlaw.com\/es\/wp-json\/wp\/v2\/types\/page"}],"author":[{"embeddable":true,"href":"https:\/\/johnniebondlaw.com\/es\/wp-json\/wp\/v2\/users\/8"}],"replies":[{"embeddable":true,"href":"https:\/\/johnniebondlaw.com\/es\/wp-json\/wp\/v2\/comments?post=9535"}],"version-history":[{"count":0,"href":"https:\/\/johnniebondlaw.com\/es\/wp-json\/wp\/v2\/pages\/9535\/revisions"}],"wp:attachment":[{"href":"https:\/\/johnniebondlaw.com\/es\/wp-json\/wp\/v2\/media?parent=9535"}],"curies":[{"name":"wp","href":"https:\/\/api.w.org\/{rel}","templated":true}]}}