{"id":9533,"date":"2023-06-30T13:55:45","date_gmt":"2023-06-30T13:55:45","guid":{"rendered":"https:\/\/johnniebondlaw.com\/el-impacto-financiero-de-las-lesiones-de-la-medula-espinal-en-maryland\/"},"modified":"2024-10-02T02:16:46","modified_gmt":"2024-10-02T02:16:46","slug":"el-impacto-financiero-de-las-lesiones-de-la-medula-espinal-en-maryland","status":"publish","type":"page","link":"https:\/\/johnniebondlaw.com\/es\/el-impacto-financiero-de-las-lesiones-de-la-medula-espinal-en-maryland\/","title":{"rendered":"El Impacto Financiero de las Lesiones de la M\u00e9dula Espinal en Maryland"},"content":{"rendered":"\n<p>Una lesi\u00f3n de la m\u00e9dula espinal, que resulte en par\u00e1lisis completa o incompleta, puede y cambiar\u00e1 dr\u00e1sticamente su vida. Adem\u00e1s de la carga f\u00edsica y emocional, el peso financiero puede ser significativo. La atenci\u00f3n m\u00e9dica, los dispositivos de asistencia, las modificaciones en el hogar, la rehabilitaci\u00f3n y el cuidado personal \u2013 los costos se acumulan r\u00e1pidamente. Los residentes de Maryland que enfrentan esta dificultad merecen un apoyo integral, y en Johnnie Bond Law, estamos comprometidos a asegurar que reciba la compensaci\u00f3n que se merece.   <\/p>\n\n<h2 class=\"wp-block-heading\">El Papel del Apoyo Legal en los Casos de Lesiones Medulares<\/h2>\n\n<p>A menudo, las v\u00edctimas de lesiones de la m\u00e9dula espinal y sus familias se sienten abrumadas por el aspecto m\u00e9dico de su situaci\u00f3n y no tienen claro cu\u00e1les son sus derechos legales. Cuando se enfrenta a un evento que cambia la vida de esta manera, contar con un abogado dedicado a su lado puede brindar alivio y tranquilidad. En Johnnie Bond Law, nos esforzamos por aliviar sus preocupaciones, brindando asistencia compasiva con el objetivo de asegurar la compensaci\u00f3n que necesita para cubrir los altos costos asociados con su lesi\u00f3n.  <\/p>\n\n<h2 class=\"wp-block-heading\">Importancia de la Intervenci\u00f3n Legal Temprana en Maryland<\/h2>\n\n<p>Si bien es natural centrarse en la atenci\u00f3n m\u00e9dica inmediata despu\u00e9s de una lesi\u00f3n de la m\u00e9dula espinal, tambi\u00e9n es crucial buscar asesor\u00eda legal temprana. La intervenci\u00f3n legal oportuna asegura que se preserve evidencia vital y que las reclamaciones se presenten dentro del plazo establecido por el estatuto de limitaciones de Maryland. Sabemos que dar este paso puede parecer desafiante en medio de todo lo que est\u00e1 enfrentando. Tenga la seguridad de que nuestro equipo en Johnnie Bond Law est\u00e1 aqu\u00ed para guiarlo en cada paso del camino.   <\/p>\n\n<h2 class=\"wp-block-heading\">Asegurar una Compensaci\u00f3n Integral para Sus Necesidades<\/h2>\n\n<p>Obtener un acuerdo que refleje verdaderamente el impacto a largo plazo de una lesi\u00f3n de la m\u00e9dula espinal requiere una comprensi\u00f3n profunda de los aspectos m\u00e9dicos y legales de su situaci\u00f3n. Por eso, en Johnnie Bond Law, colaboramos con expertos m\u00e9dicos para determinar el verdadero costo de su lesi\u00f3n. Desde la atenci\u00f3n m\u00e9dica continua y la terapia, hasta la posible p\u00e9rdida de ingresos y los ajustes en su estilo de vida, luchamos por una compensaci\u00f3n integral que cubra sus necesidades actuales y futuras.  <\/p>\n\n<h2 class=\"wp-block-heading\">Comience su Camino hacia la Compensaci\u00f3n con Johnnie Bond Law<\/h2>\n\n<p>Navegar a trav\u00e9s de las consecuencias de una lesi\u00f3n de la m\u00e9dula espinal puede parecer abrumador. No est\u00e1 solo en este camino. Nuestro equipo en Johnnie Bond Law est\u00e1 aqu\u00ed para brindarle el apoyo y la experiencia que necesita para buscar la compensaci\u00f3n que se merece. Llame al <a href=\"tel:202-683-6803\">(202) 683-6803<\/a> o cont\u00e1ctenos en l\u00ednea para programar una consulta gratuita. Juntos, podemos trabajar para asegurar su futuro en estos tiempos dif\u00edciles.    <\/p>\n","protected":false},"excerpt":{"rendered":"<p>Una lesi\u00f3n de la m\u00e9dula espinal, que resulte en par\u00e1lisis completa o incompleta, puede y cambiar\u00e1 dr\u00e1sticamente su vida. Adem\u00e1s de la carga f\u00edsica y emocional, el peso financiero puede ser significativo. La atenci\u00f3n m\u00e9dica, los dispositivos de asistencia, las modificaciones en el hogar, la rehabilitaci\u00f3n y el cuidado personal \u2013 los costos se acumulan&hellip;<\/p>\n","protected":false},"author":7,"featured_media":0,"parent":0,"menu_order":0,"comment_status":"closed","ping_status":"closed","template":"","meta":{"inline_featured_image":false,"footnotes":""},"class_list":["post-9533","page","type-page","status-publish","hentry"],"_links":{"self":[{"href":"https:\/\/johnniebondlaw.com\/es\/wp-json\/wp\/v2\/pages\/9533","targetHints":{"allow":["GET"]}}],"collection":[{"href":"https:\/\/johnniebondlaw.com\/es\/wp-json\/wp\/v2\/pages"}],"about":[{"href":"https:\/\/johnniebondlaw.com\/es\/wp-json\/wp\/v2\/types\/page"}],"author":[{"embeddable":true,"href":"https:\/\/johnniebondlaw.com\/es\/wp-json\/wp\/v2\/users\/7"}],"replies":[{"embeddable":true,"href":"https:\/\/johnniebondlaw.com\/es\/wp-json\/wp\/v2\/comments?post=9533"}],"version-history":[{"count":0,"href":"https:\/\/johnniebondlaw.com\/es\/wp-json\/wp\/v2\/pages\/9533\/revisions"}],"wp:attachment":[{"href":"https:\/\/johnniebondlaw.com\/es\/wp-json\/wp\/v2\/media?parent=9533"}],"curies":[{"name":"wp","href":"https:\/\/api.w.org\/{rel}","templated":true}]}}