{"id":9519,"date":"2023-06-30T13:53:13","date_gmt":"2023-06-30T13:53:13","guid":{"rendered":"https:\/\/johnniebondlaw.com\/abogado-para-fracturas-graves-y-lesiones-por-aplastamiento-en-maryland\/"},"modified":"2024-09-16T13:15:21","modified_gmt":"2024-09-16T13:15:21","slug":"abogado-para-fracturas-graves-y-lesiones-por-aplastamiento-en-maryland","status":"publish","type":"page","link":"https:\/\/johnniebondlaw.com\/es\/abogado-para-fracturas-graves-y-lesiones-por-aplastamiento-en-maryland\/","title":{"rendered":"Abogado para Fracturas Graves y Lesiones por Aplastamiento en Maryland"},"content":{"rendered":"\n<p>Experimentar una fractura grave o una lesi\u00f3n por aplastamiento es un evento traum\u00e1tico que puede afectar todos los aspectos de su vida. Estas lesiones, a menudo resultantes de accidentes automovil\u00edsticos, incidentes laborales o resbalones y ca\u00eddas, pueden causar da\u00f1os extensos a sus huesos, articulaciones y tejidos blandos. En Maryland, Johnnie Bond Law est\u00e1 dedicado a ayudar a quienes han sufrido estas lesiones traum\u00e1ticas.  <\/p>\n\n<h2 class=\"wp-block-heading\">Navegando el Proceso de Recuperaci\u00f3n<\/h2>\n\n<p>Como v\u00edctima, su proceso de recuperaci\u00f3n puede ser un desaf\u00edo, a menudo requiriendo m\u00faltiples cirug\u00edas, rehabilitaci\u00f3n a largo plazo y manejo del dolor. Es posible que enfrente p\u00e9rdida de ingresos debido a la incapacidad para trabajar, junto con crecientes facturas m\u00e9dicas. En Johnnie Bond Law entendemos el impacto f\u00edsico, emocional y financiero que estas lesiones pueden tener y estamos comprometidos a ayudarlo a asegurar la compensaci\u00f3n que merece.  <\/p>\n\n<h2 class=\"wp-block-heading\">Asegurando su Compensaci\u00f3n<\/h2>\n\n<p>En Johnnie Bond Law, estamos dedicados a asegurar un paquete de compensaci\u00f3n que refleje verdaderamente el impacto de sus lesiones en su vida. Esto significa que nos esforzamos por cubrir no solo los costos m\u00e9dicos inmediatos, sino tambi\u00e9n los gastos a largo plazo. Entendemos que las fracturas graves y las lesiones por aplastamiento a menudo requieren m\u00faltiples cirug\u00edas, terapia f\u00edsica extendida y manejo del dolor a largo plazo, todo lo cual puede acumularse con el tiempo.  <\/p>\n\n<p>Junto con la tensi\u00f3n financiera inmediata de las facturas m\u00e9dicas, estas lesiones pueden interrumpir significativamente su capacidad para trabajar. Ya sea que est\u00e9 temporalmente incapacitado para trabajar o enfrentando una discapacidad m\u00e1s permanente, la p\u00e9rdida de ingresos puede ser financieramente devastadora. Consideramos esto en su reclamo de compensaci\u00f3n, tomando en cuenta no solo los salarios perdidos, sino tambi\u00e9n el impacto en sus ganancias futuras potenciales, asegurando que reciba compensaci\u00f3n por los ingresos que habr\u00eda ganado si la lesi\u00f3n no hubiera ocurrido.   <\/p>\n\n<p>Adem\u00e1s, entendemos que las ramificaciones de las fracturas graves o las lesiones por aplastamiento van m\u00e1s all\u00e1 de la p\u00e9rdida financiera. El dolor f\u00edsico y el trauma emocional pueden ser abrumadores, afectando su calidad de vida. La ley de Maryland permite la compensaci\u00f3n por este dolor y sufrimiento, y en Johnnie Bond Law, estamos comprometidos a asegurarnos de que reciba esta compensaci\u00f3n.  <\/p>\n\n<h2 class=\"wp-block-heading\">Responsabilizando a las Partes Responsables<\/h2>\n\n<p>En \u00faltima instancia, nuestro objetivo es aliviar su carga financiera y responsabilizar a la parte culpable. Trabajaremos incansablemente, investigando el incidente, reuniendo evidencia y construyendo un caso s\u00f3lido para ayudarlo a recibir la compensaci\u00f3n que le corresponde. Estamos aqu\u00ed para apoyarlo en su b\u00fasqueda de justicia y recuperaci\u00f3n.  <\/p>\n\n<h2 class=\"wp-block-heading\">C\u00f3mo Podemos Ayudar en Maryland<\/h2>\n\n<p>Como abogados experimentados en Maryland, lo guiaremos a trav\u00e9s del complejo proceso legal. Nuestro equipo tiene experiencia en negociar con compa\u00f1\u00edas de seguros y trabajar\u00e1 diligentemente para asegurarse de que no minimicen o nieguen su reclamo leg\u00edtimo. Entendemos los detalles espec\u00edficos de la ley de Maryland y c\u00f3mo se aplican a su caso, y utilizaremos este conocimiento para luchar por la compensaci\u00f3n que merece.  <\/p>\n\n<h2 class=\"wp-block-heading\">D\u00e9 el Primer Paso con Johnnie Bond Law<\/h2>\n\n<p>Emprender el camino legal para recibir la compensaci\u00f3n que le corresponde despu\u00e9s de una fractura grave o una lesi\u00f3n por aplastamiento puede parecer abrumador. Pero no tiene que hacerlo solo. En Johnnie Bond Law, nuestro equipo compasivo y dedicado est\u00e1 listo para estar a su lado. Lo invitamos a llamar al <a href=\"tel:202-683-6803\">(202) 683-6803<\/a> o <a href=\"https:\/\/johnniebondlaw.com\/es\/\">contactarnos en l\u00ednea<\/a> para programar una consulta gratuita. Usted no es solo un caso para nosotros, es una persona que merece justicia. Perm\u00edtanos ayudarlo a dar el primer paso en su camino hacia la recuperaci\u00f3n.     <\/p>\n","protected":false},"excerpt":{"rendered":"<p>Experimentar una fractura grave o una lesi\u00f3n por aplastamiento es un evento traum\u00e1tico que puede afectar todos los aspectos de su vida. Estas lesiones, a menudo resultantes de accidentes automovil\u00edsticos, incidentes laborales o resbalones y ca\u00eddas, pueden causar da\u00f1os extensos a sus huesos, articulaciones y tejidos blandos. En Maryland, Johnnie Bond Law est\u00e1 dedicado a&hellip;<\/p>\n","protected":false},"author":7,"featured_media":0,"parent":0,"menu_order":0,"comment_status":"closed","ping_status":"closed","template":"","meta":{"inline_featured_image":false,"footnotes":""},"class_list":["post-9519","page","type-page","status-publish","hentry"],"_links":{"self":[{"href":"https:\/\/johnniebondlaw.com\/es\/wp-json\/wp\/v2\/pages\/9519","targetHints":{"allow":["GET"]}}],"collection":[{"href":"https:\/\/johnniebondlaw.com\/es\/wp-json\/wp\/v2\/pages"}],"about":[{"href":"https:\/\/johnniebondlaw.com\/es\/wp-json\/wp\/v2\/types\/page"}],"author":[{"embeddable":true,"href":"https:\/\/johnniebondlaw.com\/es\/wp-json\/wp\/v2\/users\/7"}],"replies":[{"embeddable":true,"href":"https:\/\/johnniebondlaw.com\/es\/wp-json\/wp\/v2\/comments?post=9519"}],"version-history":[{"count":0,"href":"https:\/\/johnniebondlaw.com\/es\/wp-json\/wp\/v2\/pages\/9519\/revisions"}],"wp:attachment":[{"href":"https:\/\/johnniebondlaw.com\/es\/wp-json\/wp\/v2\/media?parent=9519"}],"curies":[{"name":"wp","href":"https:\/\/api.w.org\/{rel}","templated":true}]}}