{"id":9517,"date":"2023-06-30T13:58:33","date_gmt":"2023-06-30T13:58:33","guid":{"rendered":"https:\/\/johnniebondlaw.com\/entendiendo-las-lesiones-por-quemaduras-graves-y-la-representacion-legal-en-maryland\/"},"modified":"2024-09-16T13:13:24","modified_gmt":"2024-09-16T13:13:24","slug":"entendiendo-las-lesiones-por-quemaduras-graves-y-la-representacion-legal-en-maryland","status":"publish","type":"page","link":"https:\/\/johnniebondlaw.com\/es\/entendiendo-las-lesiones-por-quemaduras-graves-y-la-representacion-legal-en-maryland\/","title":{"rendered":"Entendiendo las Lesiones por Quemaduras Graves y la Representaci\u00f3n Legal en Maryland"},"content":{"rendered":"\n<p>Las quemaduras graves son algunas de las lesiones m\u00e1s dolorosas y que alteran la vida que uno puede experimentar. M\u00e1s all\u00e1 del dolor f\u00edsico inmediato, pueden resultar en desfiguraci\u00f3n permanente y un trauma psicol\u00f3gico serio. Si ha sufrido una lesi\u00f3n por quemadura grave debido a la negligencia de otra persona en Maryland, es crucial entender sus derechos y las posibles v\u00edas para obtener compensaci\u00f3n.  <\/p>\n\n<h2 class=\"wp-block-heading\">Las Implicaciones de las Quemaduras Graves<\/h2>\n\n<p>Las quemaduras graves pueden cambiar dr\u00e1sticamente la vida de una persona. A menudo requieren tratamientos m\u00e9dicos extensivos, cirug\u00edas e injertos de piel para sanar f\u00edsicamente. Sin embargo, las cicatrices psicol\u00f3gicas pueden durar mucho m\u00e1s tiempo. La depresi\u00f3n, la ansiedad y el trastorno de estr\u00e9s postraum\u00e1tico (TEPT) son comunes entre los sobrevivientes de quemaduras. Por lo tanto, la terapia psicol\u00f3gica suele ser una parte necesaria del proceso de recuperaci\u00f3n.    <\/p>\n\n<p>Estas lesiones tambi\u00e9n causan una gran angustia emocional y potenciales cicatrices de por vida, que no deben pasarse por alto al buscar compensaci\u00f3n. Sin embargo, determinar una compensaci\u00f3n justa por un dolor tan profundo y multifac\u00e9tico puede ser complejo. Es aqu\u00ed donde la orientaci\u00f3n de un abogado experimentado en casos de quemaduras en Maryland se vuelve crucial.  <\/p>\n\n<h2 class=\"wp-block-heading\">C\u00f3mo Puede Ayudar un Abogado de Quemaduras Graves en Maryland<\/h2>\n\n<p>En Johnnie Bond Law, entendemos el impacto devastador de las lesiones por quemaduras graves. Creemos que los responsables deben rendir cuentas, y las v\u00edctimas deben recibir la compensaci\u00f3n que necesitan para recuperarse y reconstruir sus vidas. Podemos guiarlo en cada paso del proceso, ayudando a aliviar parte de la carga y la incertidumbre que pueda estar sintiendo.  <\/p>\n\n<p>Nos esforzamos por asegurar una compensaci\u00f3n por todos los aspectos de su lesi\u00f3n, no solo sus facturas m\u00e9dicas actuales y futuras, sino tambi\u00e9n la terapia psicol\u00f3gica que pueda necesitar, su angustia emocional y cualquier desfiguraci\u00f3n o limitaci\u00f3n f\u00edsica que pueda tener ahora.<\/p>\n\n<h2 class=\"wp-block-heading\">Asegurando su Futuro Despu\u00e9s de una Lesi\u00f3n por Quemadura<\/h2>\n\n<p>Cuando se est\u00e1 recuperando de una lesi\u00f3n por quemadura grave, lo \u00faltimo que necesita es navegar solo por el complejo mundo de la ley de lesiones personales. En Johnnie Bond Law, estamos listos para manejar las complejidades legales en su nombre. Esto le permite concentrarse en su recuperaci\u00f3n y en reconstruir su vida despu\u00e9s de una experiencia tan traum\u00e1tica.  <\/p>\n\n<p>Nuestro equipo entiende los desaf\u00edos \u00fanicos que enfrentan las v\u00edctimas de quemaduras graves y est\u00e1 preparado para proporcionarle la representaci\u00f3n compasiva y completa que necesita durante este tiempo dif\u00edcil. Lucharemos incansablemente para asegurar la compensaci\u00f3n que necesita y merece. <\/p>\n\n<h2 class=\"wp-block-heading\">D\u00e9 el Primer Paso Hacia la Recuperaci\u00f3n Hoy<\/h2>\n\n<p>Las lesiones por quemaduras son incre\u00edblemente graves, tanto f\u00edsica como psicol\u00f3gicamente. Si usted o un ser querido ha sufrido una lesi\u00f3n grave por quemadura debido a la negligencia de otra persona, es importante recordar que no est\u00e1 solo. El equipo de Johnnie Bond Law est\u00e1 aqu\u00ed para apoyarlo durante este momento dif\u00edcil. Llame al <a href=\"tel:202-683-6803\">(202) 683-6803<\/a> o <a href=\"https:\/\/johnniebondlaw.com\/es\/\">cont\u00e1ctenos en l\u00ednea<\/a> para programar una consulta gratuita y dar el primer paso hacia la seguridad de su futuro hoy mismo.   <\/p>\n","protected":false},"excerpt":{"rendered":"<p>Las quemaduras graves son algunas de las lesiones m\u00e1s dolorosas y que alteran la vida que uno puede experimentar. M\u00e1s all\u00e1 del dolor f\u00edsico inmediato, pueden resultar en desfiguraci\u00f3n permanente y un trauma psicol\u00f3gico serio. Si ha sufrido una lesi\u00f3n por quemadura grave debido a la negligencia de otra persona en Maryland, es crucial entender&hellip;<\/p>\n","protected":false},"author":7,"featured_media":0,"parent":0,"menu_order":0,"comment_status":"closed","ping_status":"closed","template":"","meta":{"inline_featured_image":false,"footnotes":""},"class_list":["post-9517","page","type-page","status-publish","hentry"],"_links":{"self":[{"href":"https:\/\/johnniebondlaw.com\/es\/wp-json\/wp\/v2\/pages\/9517","targetHints":{"allow":["GET"]}}],"collection":[{"href":"https:\/\/johnniebondlaw.com\/es\/wp-json\/wp\/v2\/pages"}],"about":[{"href":"https:\/\/johnniebondlaw.com\/es\/wp-json\/wp\/v2\/types\/page"}],"author":[{"embeddable":true,"href":"https:\/\/johnniebondlaw.com\/es\/wp-json\/wp\/v2\/users\/7"}],"replies":[{"embeddable":true,"href":"https:\/\/johnniebondlaw.com\/es\/wp-json\/wp\/v2\/comments?post=9517"}],"version-history":[{"count":0,"href":"https:\/\/johnniebondlaw.com\/es\/wp-json\/wp\/v2\/pages\/9517\/revisions"}],"wp:attachment":[{"href":"https:\/\/johnniebondlaw.com\/es\/wp-json\/wp\/v2\/media?parent=9517"}],"curies":[{"name":"wp","href":"https:\/\/api.w.org\/{rel}","templated":true}]}}