{"id":9515,"date":"2023-06-30T13:49:47","date_gmt":"2023-06-30T13:49:47","guid":{"rendered":"https:\/\/johnniebondlaw.com\/compensacion-por-perdida-de-extremidades-en-maryland\/"},"modified":"2024-09-12T21:57:18","modified_gmt":"2024-09-12T21:57:18","slug":"compensacion-por-perdida-de-extremidades-en-maryland","status":"publish","type":"page","link":"https:\/\/johnniebondlaw.com\/es\/compensacion-por-perdida-de-extremidades-en-maryland\/","title":{"rendered":"Compensaci\u00f3n por P\u00e9rdida de Extremidades en Maryland"},"content":{"rendered":"\n<p>La vida cambia dr\u00e1sticamente despu\u00e9s de una lesi\u00f3n que resulta en la p\u00e9rdida de una extremidad. De repente, se enfrenta a un futuro con alteraciones significativas en la movilidad y el estilo de vida, junto con el impacto psicol\u00f3gico que este tipo de lesi\u00f3n puede tener. En Johnnie Bond Law, reconocemos el profundo impacto que estas lesiones tienen en su vida diaria y estamos aqu\u00ed para guiarlo a trav\u00e9s de los aspectos legales de su situaci\u00f3n.  <\/p>\n\n<h2 class=\"wp-block-heading\">El Impacto Integral de Perder una Extremidad<\/h2>\n\n<p>Una de las primeras cosas que queremos que nuestros clientes en Maryland comprendan es que la compensaci\u00f3n por p\u00e9rdida de extremidades no se trata solo de los gastos m\u00e9dicos inmediatos. S\u00ed, los procedimientos quir\u00fargicos, la estancia hospitalaria y los dispositivos prot\u00e9sicos iniciales son costosos, pero las implicaciones financieras van m\u00e1s all\u00e1 de eso. <\/p>\n\n<p>Tambi\u00e9n debe considerar las necesidades m\u00e9dicas a largo plazo, como reemplazo de pr\u00f3tesis, ajustes y mantenimiento. Adem\u00e1s, los costos de la terapia f\u00edsica y la rehabilitaci\u00f3n tambi\u00e9n son un factor, ya que reaprender tareas diarias b\u00e1sicas puede llevar meses o incluso a\u00f1os. <\/p>\n\n<h2 class=\"wp-block-heading\">Capacitaci\u00f3n Vocacional y Apoyo Psicol\u00f3gico<\/h2>\n\n<p>La p\u00e9rdida de una extremidad a menudo requiere cambios sustanciales en el empleo de una persona. Algunos pueden no poder regresar a sus roles anteriores y pueden necesitar capacitaci\u00f3n vocacional para un nuevo trabajo. Este reentrenamiento puede ser costoso y llevar tiempo, pero es necesario para la independencia financiera.  <\/p>\n\n<p>Otro aspecto a menudo pasado por alto en estos casos es la necesidad de apoyo psicol\u00f3gico. Afrontar una p\u00e9rdida tan significativa es mentalmente agotador, y la ayuda psicol\u00f3gica profesional puede ser fundamental para adaptarse a esta nueva fase de la vida. <\/p>\n\n<h2 class=\"wp-block-heading\">Entendiendo Sus Opciones Legales en Maryland<\/h2>\n\n<p>Aqu\u00ed en Johnnie Bond Law, ayudamos a clientes como usted a comprender sus opciones legales despu\u00e9s de un evento que cambia la vida, como la p\u00e9rdida de una extremidad. La persona o entidad responsable de su lesi\u00f3n debe rendir cuentas por la amplia gama de costos asociados con su lesi\u00f3n. <\/p>\n\n<p>Le ayudamos a reunir la documentaci\u00f3n necesaria y a presentar un caso convincente para ayudarle a recibir la compensaci\u00f3n que merece. Esto puede cubrir sus gastos m\u00e9dicos pasados y futuros, p\u00e9rdida de ingresos, capacitaci\u00f3n vocacional, apoyo psicol\u00f3gico y otros costos relacionados. <\/p>\n\n<h2 class=\"wp-block-heading\">Contacte a un Abogado Dedicado en Maryland por P\u00e9rdida de Extremidades<\/h2>\n\n<p>Las lesiones que resultan en la p\u00e9rdida de extremidades pueden ser abrumadoras, por decir lo menos. Pero recuerde, no tiene que enfrentar este desaf\u00edo solo. Nuestro equipo en Johnnie Bond Law est\u00e1 comprometido a apoyarlo durante este momento dif\u00edcil y luchar\u00e1 por la compensaci\u00f3n que merece.  <\/p>\n\n<p>Llame al <a href=\"tel:202-683-6803\">(202) 683-6803<\/a> o cont\u00e1ctenos en l\u00ednea para programar una consulta gratuita. Estamos aqu\u00ed para escuchar su historia, explicarle sus opciones legales y abogar en su nombre. Su enfoque debe estar en la recuperaci\u00f3n y la adaptaci\u00f3n a la vida despu\u00e9s de su lesi\u00f3n; perm\u00edtanos encargarnos de los aspectos legales por usted.  <\/p>\n","protected":false},"excerpt":{"rendered":"<p>La vida cambia dr\u00e1sticamente despu\u00e9s de una lesi\u00f3n que resulta en la p\u00e9rdida de una extremidad. De repente, se enfrenta a un futuro con alteraciones significativas en la movilidad y el estilo de vida, junto con el impacto psicol\u00f3gico que este tipo de lesi\u00f3n puede tener. En Johnnie Bond Law, reconocemos el profundo impacto que&hellip;<\/p>\n","protected":false},"author":7,"featured_media":0,"parent":0,"menu_order":0,"comment_status":"closed","ping_status":"closed","template":"","meta":{"inline_featured_image":false,"footnotes":""},"class_list":["post-9515","page","type-page","status-publish","hentry"],"_links":{"self":[{"href":"https:\/\/johnniebondlaw.com\/es\/wp-json\/wp\/v2\/pages\/9515","targetHints":{"allow":["GET"]}}],"collection":[{"href":"https:\/\/johnniebondlaw.com\/es\/wp-json\/wp\/v2\/pages"}],"about":[{"href":"https:\/\/johnniebondlaw.com\/es\/wp-json\/wp\/v2\/types\/page"}],"author":[{"embeddable":true,"href":"https:\/\/johnniebondlaw.com\/es\/wp-json\/wp\/v2\/users\/7"}],"replies":[{"embeddable":true,"href":"https:\/\/johnniebondlaw.com\/es\/wp-json\/wp\/v2\/comments?post=9515"}],"version-history":[{"count":0,"href":"https:\/\/johnniebondlaw.com\/es\/wp-json\/wp\/v2\/pages\/9515\/revisions"}],"wp:attachment":[{"href":"https:\/\/johnniebondlaw.com\/es\/wp-json\/wp\/v2\/media?parent=9515"}],"curies":[{"name":"wp","href":"https:\/\/api.w.org\/{rel}","templated":true}]}}