{"id":9514,"date":"2024-05-02T03:14:27","date_gmt":"2024-05-02T03:14:27","guid":{"rendered":"https:\/\/johnniebondlaw.com\/casos-de-abuso-sexual-en-dc-referentes-a-victimas-de-35-anos-o-mas\/"},"modified":"2024-05-02T03:14:27","modified_gmt":"2024-05-02T03:14:27","slug":"casos-de-abuso-sexual-en-dc-referentes-a-victimas-de-35-anos-o-mas","status":"publish","type":"page","link":"https:\/\/johnniebondlaw.com\/es\/casos-de-abuso-sexual-en-dc-referentes-a-victimas-de-35-anos-o-mas\/","title":{"rendered":"Casos de Abuso Sexual en DC, Referentes a V\u00edctimas de 35 A\u00f1os o M\u00e1s"},"content":{"rendered":"<p>En Johnnie Bond Law, nuestra misi\u00f3n es servir como un pilar de fortaleza y gu\u00eda para las v\u00edctimas mayores de 35 a\u00f1os, enfoc\u00e1ndonos espec\u00edficamente en casos de abuso sexual institucional. Nuestro equipo est\u00e1 comprometido a proporcionar un apoyo legal compasivo, experimentado y firme a los sobrevivientes, con un enfoque profundo en casos que involucran instituciones como escuelas, organizaciones religiosas y empresas.  <\/p>\n<h2>Comprendiendo el Panorama de las Leyes de Abuso Sexual Institucional en Washington DC<\/h2>\n<p> El marco legal en Washington DC define el abuso sexual como cualquier acto sexual no consensual con el objetivo de obtener gratificaci\u00f3n sexual. Esta amplia definici\u00f3n captura la esencia tanto de las acciones criminales como civiles contra el abuso y la agresi\u00f3n sexual, tal como se describe en el DC Code \u00a7\u00a7 22-3002 y siguientes. Cuando el perpetrador es parte de una instituci\u00f3n, el caso a menudo involucra complejidades adicionales, como la negligencia o el fallo de la instituci\u00f3n para prevenir el abuso, lo que hace esencial navegar estos casos con una experiencia legal especializada.<\/p>\n<p>El delito de agresi\u00f3n sexual es especialmente relevante en demandas civiles contra instituciones, enfatizando la ausencia de consentimiento y la intenci\u00f3n detr\u00e1s de los actos abusivos. Las v\u00edctimas que buscan justicia contra una instituci\u00f3n descubrir\u00e1n que la ley no solo examina los actos directos de abuso, sino tambi\u00e9n el papel de la instituci\u00f3n en permitir o no prevenir estos actos.     <\/p>\n<h2>Empoderando a las V\u00edctimas Contra las Instituciones<\/h2>\n<p> Para aquellos de 35 a\u00f1os o m\u00e1s que han sufrido abuso dentro de un entorno institucional, la ley ofrece un camino hacia la justicia y la compensaci\u00f3n. Las v\u00edctimas tienen un plazo de 5 a\u00f1os desde que se dieron cuenta, o deber\u00edan haberse dado cuenta, del abuso para iniciar una acci\u00f3n legal. Este per\u00edodo cr\u00edtico es vital para responsabilizar a las instituciones y asegurar que las voces de los sobrevivientes sean escuchadas.   <\/p>\n<h2>Gu\u00edas Actualizadas para Presentar Demandas Civiles por Abuso Sexual en Washington DC<\/h2>\n<p> En 2019, Washington DC realiz\u00f3 enmiendas significativas a su ley de prescripci\u00f3n, espec\u00edficamente descritas en el DC Code \u00a7 12-301. Estos cambios ampliaron el plazo que permite a las v\u00edctimas de abuso sexual infantil presentar demandas civiles mucho m\u00e1s all\u00e1 de la ocurrencia del abuso. Para aquellos que ten\u00edan 35 a\u00f1os o m\u00e1s en el momento del abuso, se proporciona un per\u00edodo de cinco a\u00f1os desde la fecha del \u00faltimo incidente de abuso para presentar un reclamo.<\/p>\n<p>Es importante tener en cuenta, sin embargo, que este estatuto revisado no tiene aplicaci\u00f3n retroactiva. El plazo ampliado para presentar demandas civiles por abuso sexual solo se aplica a los incidentes que ocurrieron a partir del 2 de mayo de 2021. Cuando se promulgaron estos ajustes legales en 2019, se ofreci\u00f3 una oportunidad temporal de dos a\u00f1os a las v\u00edctimas de incidentes anteriores de abuso sexual para presentar una demanda sin enfrentarse a las restricciones del plazo de prescripci\u00f3n. Esta oportunidad concluy\u00f3 en mayo de 2021.<\/p>\n<p>Para los casos de abuso sexual que ocurrieron antes de mayo de 2021, los posibles demandantes a\u00fan pueden perseguir una demanda civil, aunque estar\u00edan sujetos a las limitaciones establecidas por el estatuto anterior. Seg\u00fan el estatuto anterior, las v\u00edctimas de abuso sexual infantil ten\u00edan hasta su 25\u00ba cumplea\u00f1os para presentar una demanda.         <\/p>\n<h2>Consideraciones Clave para Casos de Abuso Sexual Institucional en DC<\/h2>\n<p> El valor de un acuerdo en casos que involucran instituciones est\u00e1 influenciado por varios factores, incluyendo la gravedad del abuso, los costos asociados con la recuperaci\u00f3n, la edad de la v\u00edctima y la capacidad financiera de la instituci\u00f3n. Nuestro enfoque considera meticulosamente estos elementos, con el objetivo de maximizar la recuperaci\u00f3n para nuestros clientes y hacer cumplir un fuerte mensaje de responsabilidad.  <\/p>\n<h2>D\u00e9 el Primer Paso para Responsabilizar a las Instituciones<\/h2>\n<p> Recuperarse del abuso sexual institucional implica m\u00e1s que solo una compensaci\u00f3n financiera; se trata de sanar, cerrar ciclos y garantizar que se prevengan futuros abusos. Nuestro equipo dedicado apoya a los sobrevivientes en responsabilizar a estas instituciones, ofreciendo los recursos necesarios para reconstruir su vida.<\/p>\n<p>Si usted o alguien que conoce ha sido v\u00edctima de abuso sexual institucional a la edad de 35 a\u00f1os o m\u00e1s, le animamos a que tome acci\u00f3n. Comun\u00edquese con Johnnie Bond Law al <a href=\"tel:(202)%20683-6803\">(202) 683-6803<\/a> o <a href=\"https:\/\/johnniebondlaw.com\/contact-us\/\">en l\u00ednea<\/a> para una consulta gratuita. Juntos, podemos explorar sus opciones legales y embarcarnos en el camino hacia la recuperaci\u00f3n y la justicia. Recuerde, no est\u00e1 solo en esta lucha; estamos aqu\u00ed para apoyarlo en cada paso del camino.     <\/p>\n","protected":false},"excerpt":{"rendered":"<p>En Johnnie Bond Law, nuestra misi\u00f3n es servir como un pilar de fortaleza y gu\u00eda para las v\u00edctimas mayores de 35 a\u00f1os, enfoc\u00e1ndonos espec\u00edficamente en casos de abuso sexual institucional. Nuestro equipo est\u00e1 comprometido a proporcionar un apoyo legal compasivo, experimentado y firme a los sobrevivientes, con un enfoque profundo en casos que involucran instituciones&hellip;<\/p>\n","protected":false},"author":9,"featured_media":0,"parent":0,"menu_order":0,"comment_status":"closed","ping_status":"closed","template":"","meta":{"inline_featured_image":false,"footnotes":""},"class_list":["post-9514","page","type-page","status-publish","hentry"],"_links":{"self":[{"href":"https:\/\/johnniebondlaw.com\/es\/wp-json\/wp\/v2\/pages\/9514","targetHints":{"allow":["GET"]}}],"collection":[{"href":"https:\/\/johnniebondlaw.com\/es\/wp-json\/wp\/v2\/pages"}],"about":[{"href":"https:\/\/johnniebondlaw.com\/es\/wp-json\/wp\/v2\/types\/page"}],"author":[{"embeddable":true,"href":"https:\/\/johnniebondlaw.com\/es\/wp-json\/wp\/v2\/users\/9"}],"replies":[{"embeddable":true,"href":"https:\/\/johnniebondlaw.com\/es\/wp-json\/wp\/v2\/comments?post=9514"}],"version-history":[{"count":0,"href":"https:\/\/johnniebondlaw.com\/es\/wp-json\/wp\/v2\/pages\/9514\/revisions"}],"wp:attachment":[{"href":"https:\/\/johnniebondlaw.com\/es\/wp-json\/wp\/v2\/media?parent=9514"}],"curies":[{"name":"wp","href":"https:\/\/api.w.org\/{rel}","templated":true}]}}