{"id":9510,"date":"2024-03-06T06:59:03","date_gmt":"2024-03-06T06:59:03","guid":{"rendered":"https:\/\/johnniebondlaw.com\/comprendiendo-los-riesgos-de-la-exposicion-al-afff\/"},"modified":"2024-03-06T06:59:03","modified_gmt":"2024-03-06T06:59:03","slug":"comprendiendo-los-riesgos-de-la-exposicion-al-afff","status":"publish","type":"page","link":"https:\/\/johnniebondlaw.com\/es\/comprendiendo-los-riesgos-de-la-exposicion-al-afff\/","title":{"rendered":"Comprendiendo los Riesgos de la Exposici\u00f3n al AFFF"},"content":{"rendered":"<p>En Johnnie Bond Law, estamos profundamente comprometidos con la protecci\u00f3n de la salud y el bienestar de los h\u00e9roes de nuestra comunidad: los bomberos. La naturaleza exigente de la lucha contra incendios los expone a diversos peligros, incluidos productos qu\u00edmicos peligrosos. Uno de estos qu\u00edmicos es la espuma formadora de pel\u00edcula acuosa (AFFF), ampliamente utilizada en la lucha contra incendios, especialmente para combatir incendios de l\u00edquidos inflamables. Aunque el AFFF es eficaz en la supresi\u00f3n de incendios, plantea preocupaciones significativas para la salud y el medio ambiente debido a su composici\u00f3n, incluidos los compuestos per y polifluoroalquilo (PFAS).    <\/p>\n<h2>Los Peligros Ocultos del AFFF para los Bomberos<\/h2>\n<p> La efectividad del AFFF para extinguir incendios de l\u00edquidos inflamables es inigualable. Al crear una barrera entre el combustible y el ox\u00edgeno, evita que los incendios se propaguen. Sin embargo, las mismas sustancias que hacen que el AFFF sea tan eficaz, los PFAS, est\u00e1n vinculadas a una serie de problemas de salud, incluido un mayor riesgo de c\u00e1ncer entre los bomberos. Los PFAS son conocidos por su persistencia en el medio ambiente y en el cuerpo humano, lo que lleva a posibles impactos a largo plazo en la salud de quienes est\u00e1n expuestos.    <\/p>\n<h2>Por Qu\u00e9 los Bomberos Est\u00e1n en Riesgo<\/h2>\n<p> Los bomberos se enfrentan rutinariamente a situaciones donde se utiliza el AFFF, lo que los coloca en un mayor riesgo de exposici\u00f3n a los da\u00f1inos PFAS. Ya sea a trav\u00e9s del contacto directo durante la lucha contra incendios o indirectamente a trav\u00e9s de equipo y material contaminado, el riesgo de exposici\u00f3n es una preocupaci\u00f3n constante. Esta exposici\u00f3n puede llevar a graves problemas de salud, incluidos varios tipos de c\u00e1ncer, por lo que comprender y abordar estos riesgos es crucial para el bienestar de nuestros bomberos.   <\/p>\n<h2>Comprendiendo el Estatuto de Limitaciones para Demandas por Exposici\u00f3n al AFFF en Maryland, DC y Virginia<\/h2>\n<p> Comprender el estatuto de limitaciones es crucial para los bomberos y sus familias que est\u00e9n considerando emprender acciones legales por problemas de salud relacionados con la exposici\u00f3n a la espuma formadora de pel\u00edcula acuosa (AFFF). El estatuto de limitaciones establece una fecha l\u00edmite para presentar una demanda, y var\u00eda seg\u00fan el estado y el tipo de reclamo. A continuaci\u00f3n, se presenta un resumen para los posibles demandantes en Maryland, DC y Virginia.   <\/p>\n<ul>\n<li aria-level=\"1\"><b>Maryland: <\/b>En Maryland, el estatuto de limitaciones para reclamos por lesiones personales, incluidas aquellas relacionadas con la exposici\u00f3n a sustancias nocivas como el AFFF, es generalmente de tres a\u00f1os desde la fecha en que se descubri\u00f3 o deber\u00eda haberse descubierto razonablemente la lesi\u00f3n. Esta \u00abregla de descubrimiento\u00bb permite que los problemas de salud derivados de la exposici\u00f3n a PFAS no sean inmediatamente aparentes. Las personas afectadas deben prestar mucha atenci\u00f3n a este plazo para asegurarse de conservar su derecho a buscar compensaci\u00f3n.  <\/li>\n<li aria-level=\"1\"><b>Distrito de Columbia (DC): <\/b>El Distrito de Columbia tambi\u00e9n sigue un estatuto de limitaciones similar para reclamos por lesiones personales, con un plazo general de tres a\u00f1os. La regla de descubrimiento tambi\u00e9n se aplica aqu\u00ed, proporcionando una ventana para que los demandantes presenten un reclamo dentro de los tres a\u00f1os desde el momento en que se percataron de la lesi\u00f3n y su posible v\u00ednculo con la exposici\u00f3n al AFFF. Dadas las complejidades para establecer el momento exacto del descubrimiento, consultar con un profesional legal desde el principio puede ayudar a clarificar este aspecto crucial.  <\/li>\n<li aria-level=\"1\"><b>Virginia: <\/b>El enfoque de Virginia con respecto al estatuto de limitaciones para reclamos por lesiones personales es ligeramente diferente, con un plazo de dos a\u00f1os desde la fecha de la lesi\u00f3n. La regla de descubrimiento tambi\u00e9n se aplica en Virginia, pero dado el plazo m\u00e1s corto, las personas afectadas deben actuar con prontitud. Esto garantiza que conserven su oportunidad de presentar una demanda antes de que expire el estatuto de limitaciones.  <\/li>\n<\/ul>\n<h2>Recurso Legal para Bomberos Afectados<\/h2>\n<p> El reconocimiento de los riesgos para la salud asociados con la exposici\u00f3n al AFFF ha llevado a la aparici\u00f3n de demandas colectivas. Estas acciones legales tienen como objetivo responsabilizar a los fabricantes y otras entidades por los problemas de salud derivados de la exposici\u00f3n a PFAS. En Johnnie Bond Law, estamos listos para apoyar a los bomberos y sus familias afectados por el AFFF, ayud\u00e1ndolos a atravesar el proceso legal para buscar una compensaci\u00f3n por gastos m\u00e9dicos, dolor y sufrimiento, y otros da\u00f1os.   <\/p>\n<h2>Protegiendo a Nuestros Bomberos<\/h2>\n<p> La lucha contra el c\u00e1ncer entre los bomberos va m\u00e1s all\u00e1 de las batallas legales. Implica abogar por alternativas m\u00e1s seguras al AFFF, implementar regulaciones m\u00e1s estrictas sobre el uso de PFAS, y garantizar que los bomberos tengan acceso a equipo de protecci\u00f3n que minimice su exposici\u00f3n a productos qu\u00edmicos da\u00f1inos. Al aumentar la conciencia y tomar medidas colectivas, podemos proteger a nuestros bomberos de los riesgos del AFFF.   <\/p>\n<h2>Obtenga el Apoyo que Necesita<\/h2>\n<p> Si usted o un ser querido ha sido afectado por la exposici\u00f3n al AFFF, sepa que no est\u00e1 solo. En Johnnie Bond Law, sirviendo a Maryland, DC y Virginia, estamos dedicados a brindar a nuestros clientes un apoyo legal compasivo y bien informado. Nuestro equipo amable y accesible est\u00e1 aqu\u00ed para guiarle en cada paso del proceso, asegur\u00e1ndose de que comprenda sus derechos y opciones.<br \/>Comprender sus derechos legales y opciones es el primer paso para buscar justicia y compensaci\u00f3n. Llame al <a href=\"tel:(202)%20683-6803\">(202) 683-6803<\/a> o cont\u00e1ctenos en <a href=\"https:\/\/johnniebondlaw.com\/contact-us\/\">l\u00ednea<\/a> para programar una consulta gratuita. Nuestro equipo est\u00e1 aqu\u00ed para responder sus preguntas y apoyarle durante este momento dif\u00edcil.     <\/p>\n","protected":false},"excerpt":{"rendered":"<p>En Johnnie Bond Law, estamos profundamente comprometidos con la protecci\u00f3n de la salud y el bienestar de los h\u00e9roes de nuestra comunidad: los bomberos. La naturaleza exigente de la lucha contra incendios los expone a diversos peligros, incluidos productos qu\u00edmicos peligrosos. Uno de estos qu\u00edmicos es la espuma formadora de pel\u00edcula acuosa (AFFF), ampliamente utilizada&hellip;<\/p>\n","protected":false},"author":3,"featured_media":1142,"parent":0,"menu_order":0,"comment_status":"closed","ping_status":"closed","template":"","meta":{"inline_featured_image":false,"footnotes":""},"class_list":["post-9510","page","type-page","status-publish","has-post-thumbnail","hentry"],"_links":{"self":[{"href":"https:\/\/johnniebondlaw.com\/es\/wp-json\/wp\/v2\/pages\/9510","targetHints":{"allow":["GET"]}}],"collection":[{"href":"https:\/\/johnniebondlaw.com\/es\/wp-json\/wp\/v2\/pages"}],"about":[{"href":"https:\/\/johnniebondlaw.com\/es\/wp-json\/wp\/v2\/types\/page"}],"author":[{"embeddable":true,"href":"https:\/\/johnniebondlaw.com\/es\/wp-json\/wp\/v2\/users\/3"}],"replies":[{"embeddable":true,"href":"https:\/\/johnniebondlaw.com\/es\/wp-json\/wp\/v2\/comments?post=9510"}],"version-history":[{"count":0,"href":"https:\/\/johnniebondlaw.com\/es\/wp-json\/wp\/v2\/pages\/9510\/revisions"}],"wp:featuredmedia":[{"embeddable":true,"href":"https:\/\/johnniebondlaw.com\/es\/wp-json\/wp\/v2\/media\/1142"}],"wp:attachment":[{"href":"https:\/\/johnniebondlaw.com\/es\/wp-json\/wp\/v2\/media?parent=9510"}],"curies":[{"name":"wp","href":"https:\/\/api.w.org\/{rel}","templated":true}]}}