{"id":9501,"date":"2023-03-07T21:39:33","date_gmt":"2023-03-07T21:39:33","guid":{"rendered":"https:\/\/johnniebondlaw.com\/hair-relaxer-litigation-page\/"},"modified":"2024-09-01T03:53:32","modified_gmt":"2024-09-01T03:53:32","slug":"hair-relaxer-litigation-page","status":"publish","type":"page","link":"https:\/\/johnniebondlaw.com\/es\/hair-relaxer-litigation-page\/","title":{"rendered":"P\u00e1gina de Litigio por Alisadores de Cabello"},"content":{"rendered":"&#13;\n<p>El <a href=\"https:\/\/www.nih.gov\/news-events\/news-releases\/hair-straightening-chemicals-associated-higher-uterine-cancer-risk\" target=\"_blank\" rel=\"noopener\">Instituto Nacional de Salud<\/a> ha informado que las mujeres que usan alisadores qu\u00edmicos para el cabello tienen un mayor riesgo de desarrollar c\u00e1ncer. Muchos en la industria creen que las empresas que fabrican y venden productos para alisar el cabello sab\u00edan que los qu\u00edmicos en ellos podr\u00edan representar graves riesgos para la salud, y sin embargo, no los retiraron del mercado ni advirtieron a los consumidores. <\/p>&#13;\n&#13;\n<p>El Instituto Nacional de Salud ha informado que las mujeres que usan alisadores qu\u00edmicos para el cabello tienen un mayor riesgo de desarrollar c\u00e1ncer. Muchos en la industria creen que las empresas que fabrican y venden productos para alisar el cabello sab\u00edan que los qu\u00edmicos en ellos podr\u00edan representar graves riesgos para la salud, y sin embargo, no los retiraron del mercado ni advirtieron a los consumidores.  <\/p>&#13;\n&#13;\n<h2 class=\"wp-block-heading\">Qu\u00edmicos en Alisadores de Cabello Relacionados con Varios Tipos de C\u00e1ncer<\/h2>&#13;\n&#13;\n<p>Los qu\u00edmicos para alisar el cabello se han relacionado con una amplia gama de c\u00e1nceres. Estos incluyen: <\/p>&#13;\n\r\n<ul class=\"wp-block-list\">&#13;\n<li>C\u00e1ncer de ovario<\/li>&#13;\n\r\n\r\n&#13;\n<li>C\u00e1ncer uterino<\/li>&#13;\n\r\n\r\n&#13;\n<li>C\u00e1ncer endometrial<\/li>&#13;\n\r\n\r\n&#13;\n<li>Fibromas uterinos que conducen a una histerectom\u00eda premenop\u00e1usica<\/li>&#13;\n\r\n\r\n&#13;\n<li>C\u00e1ncer de mama<\/li>&#13;\n<\/ul>\r\n&#13;\n<p>Debido a que estos productos son utilizados con mayor frecuencia por mujeres afroamericanas para suavizar sus rizos naturales, el impacto de estos productos peligrosos recae desproporcionadamente en este segmento de la poblaci\u00f3n.<\/p>&#13;\n&#13;\n<h2 class=\"wp-block-heading\">Resultados del Estudio Sister<\/h2>&#13;\n&#13;\n<p>Uno de los estudios principales que vincula estos productos con el c\u00e1ncer fue el Estudio Sister realizado por una divisi\u00f3n del Instituto Nacional de Salud conocida como el Instituto Nacional de Ciencias de la Salud Ambiental. Siguieron a miles de mujeres durante casi 11 a\u00f1os y observaron que las mujeres que usaban frecuentemente alisadores qu\u00edmicos para el cabello ten\u00edan m\u00e1s del doble de probabilidades de desarrollar c\u00e1ncer uterino. <\/p>&#13;\n&#13;\n<p>De hecho, se estima que las mujeres que nunca usaron qu\u00edmicos para alisar el cabello tienen una tasa de 1.64% de desarrollar c\u00e1ncer uterino, mientras que las mujeres que usaron estos qu\u00edmicos al menos cuatro veces al a\u00f1o ten\u00edan una tasa de riesgo superior al 4%.<\/p>&#13;\n&#13;\n<p>Los investigadores creen que los qu\u00edmicos se absorben a trav\u00e9s del cuero cabelludo. Los qu\u00edmicos que pueden causar el da\u00f1o incluyen parabenos, metales, formaldeh\u00eddo y bisfenol A. Aunque este estudio en particular se centr\u00f3 en el c\u00e1ncer uterino, estudios previos del mismo equipo se\u00f1alaron una conexi\u00f3n entre el alisador de cabello y un mayor riesgo de casos de c\u00e1ncer de ovario y mama. <\/p>&#13;\n&#13;\n<h2 class=\"wp-block-heading\">Demanda Colectiva para V\u00edctimas de C\u00e1ncer<\/h2>&#13;\n&#13;\n<p>Si has sido diagnosticada con una de las formas de c\u00e1ncer vinculadas y usaste regularmente o usaste anteriormente alisadores qu\u00edmicos para el cabello, podr\u00edas tener derecho a una compensaci\u00f3n a trav\u00e9s de las demandas consolidadas u otra acci\u00f3n legal. El equipo de Johnnie Bond Law est\u00e1 listo para ayudar. <\/p>&#13;\n&#13;\n<p>Las reclamaciones por alisadores de cabello presentadas en el tribunal federal han sido aprobadas como una demanda colectiva, por lo que las v\u00edctimas que deseen ser incluidas tendr\u00e1n un tiempo limitado para actuar.<\/p>&#13;\n&#13;\n<h2 class=\"wp-block-heading\">Contacta a Johnnie Bond si Has Sido Diagnosticada con C\u00e1ncer que Podr\u00eda Ser Causado por Alisadores de Cabello<\/h2>&#13;\n&#13;\n<p>Cuando los fabricantes de productos eligen ignorar los peligros que sus productos representan, deben ser responsables. Muchas mujeres que usaron productos peligrosos para alisar el cabello no lo habr\u00edan hecho si hubieran sido advertidas adecuadamente de los riesgos. <\/p>&#13;\n&#13;\n<p>Si t\u00fa o un ser querido han sufrido de c\u00e1ncer que puede haber sido causado por la exposici\u00f3n a alisadores de cabello, <a href=\"https:\/\/johnniebondlaw.com\/es\/contacto\/\">contacta<\/a> al equipo de Johnnie Bond Law. Trabajaremos para asegurar que recibas un trato justo y la compensaci\u00f3n completa a la que tienes derecho. <\/p>&#13;\n","protected":false},"excerpt":{"rendered":"<p>&#13; El Instituto Nacional de Salud ha informado que las mujeres que usan alisadores qu\u00edmicos para el cabello tienen un mayor riesgo de desarrollar c\u00e1ncer. Muchos en la industria creen que las empresas que fabrican y venden productos para alisar el cabello sab\u00edan que los qu\u00edmicos en ellos podr\u00edan representar graves riesgos para la salud,&hellip;<\/p>\n","protected":false},"author":7,"featured_media":0,"parent":0,"menu_order":0,"comment_status":"closed","ping_status":"closed","template":"","meta":{"inline_featured_image":false,"footnotes":""},"class_list":["post-9501","page","type-page","status-publish","hentry"],"_links":{"self":[{"href":"https:\/\/johnniebondlaw.com\/es\/wp-json\/wp\/v2\/pages\/9501","targetHints":{"allow":["GET"]}}],"collection":[{"href":"https:\/\/johnniebondlaw.com\/es\/wp-json\/wp\/v2\/pages"}],"about":[{"href":"https:\/\/johnniebondlaw.com\/es\/wp-json\/wp\/v2\/types\/page"}],"author":[{"embeddable":true,"href":"https:\/\/johnniebondlaw.com\/es\/wp-json\/wp\/v2\/users\/7"}],"replies":[{"embeddable":true,"href":"https:\/\/johnniebondlaw.com\/es\/wp-json\/wp\/v2\/comments?post=9501"}],"version-history":[{"count":0,"href":"https:\/\/johnniebondlaw.com\/es\/wp-json\/wp\/v2\/pages\/9501\/revisions"}],"wp:attachment":[{"href":"https:\/\/johnniebondlaw.com\/es\/wp-json\/wp\/v2\/media?parent=9501"}],"curies":[{"name":"wp","href":"https:\/\/api.w.org\/{rel}","templated":true}]}}