{"id":9471,"date":"2022-06-06T08:02:51","date_gmt":"2022-06-06T08:02:51","guid":{"rendered":"https:\/\/johnniebondlaw.com\/stroke-and-birth-injuries\/"},"modified":"2024-08-02T01:53:42","modified_gmt":"2024-08-02T01:53:42","slug":"accidente-cerebrovascular-y-lesiones-de-nacimiento","status":"publish","type":"page","link":"https:\/\/johnniebondlaw.com\/es\/accidente-cerebrovascular-y-lesiones-de-nacimiento\/","title":{"rendered":"Accidente Cerebrovascular Y Lesiones De Nacimiento"},"content":{"rendered":"<p>Cualquier lesi\u00f3n en un reci\u00e9n nacido requiere una acci\u00f3n r\u00e1pida, diagn\u00f3stico y tratamiento. Si un feto o reci\u00e9n nacido sufre falta de riego sangu\u00edneo en el cerebro, se puede producir un accidente cerebrovascular (ACV). Un ACV puede ocurrir en el \u00fatero (fetal), durante el parto (perinatal) o despu\u00e9s del nacimiento (neonatal).<\/p>\n<p>Existen varios incidentes que pueden bloquear el flujo sangu\u00edneo hacia el cerebro. Por ejemplo, la encefalopat\u00eda hip\u00f3xico-isqu\u00e9mica, los co\u00e1gulos sangu\u00edneos y las hemorragias pueden disminuir el riego sangu\u00edneo al cerebro. Cuando esto ocurre, es posible un ACV. Un ACV, ya sea fetal, perinatal o neonatal, puede conducir a complicaciones m\u00e1s graves como la par\u00e1lisis cerebral.<\/p>\n<p>Los accidentes cerebrovasculares fetales podr\u00edan dar lugar a los siguientes signos y s\u00edntomas:<\/p>\n<ul>\n<li>Retrasos en el desarrollo<\/li>\n<li>Convulsiones<\/li>\n<li>Problemas de alimentaci\u00f3n<\/li>\n<li>Dificultad para respirar<\/li>\n<\/ul>\n<p>El personal m\u00e9dico puede determinar y diagnosticar un ACV fetal mediante la realizaci\u00f3n de pruebas como an\u00e1lisis de sangre, resonancias magn\u00e9ticas (RM), angiograf\u00edas por resonancia magn\u00e9tica (ARM), tomograf\u00edas computarizadas (TC) o angiograf\u00edas por tomograf\u00eda computarizada (ATC). La respuesta r\u00e1pida al ACV de un beb\u00e9 es crucial en el tiempo de recuperaci\u00f3n. Asegurar que el cerebro reciba suficiente ox\u00edgeno y que el beb\u00e9 mantenga una circulaci\u00f3n adecuada es fundamental.<\/p>\n<p>Si el personal m\u00e9dico no reconoce que se produjo un ACV, el beb\u00e9 podr\u00eda experimentar otro y sufrir m\u00e1s da\u00f1o como resultado. El tratamiento con hipotermia ha demostrado ser \u00fatil para los beb\u00e9s que han sufrido un ACV. Diagnosticar la causa subyacente es importante para determinar el tratamiento necesario para la rehabilitaci\u00f3n. Por ejemplo, si el ni\u00f1o sufre convulsiones, los medicamentos anticonvulsivos lo ayudar\u00edan, mientras que un ni\u00f1o que sufre de coagulaci\u00f3n necesitar\u00eda un m\u00e9todo de tratamiento diferente.<\/p>\n<p>En Johnnie Bond Law, nuestro personal legal capacitado trabajar\u00e1 con nuestros analistas m\u00e9dicos para revisar los registros m\u00e9dicos, las acciones tomadas por el personal del hospital y todas las dem\u00e1s circunstancias para determinar si las acciones del personal del hospital fueron apropiadas o deficientes. Una vez que se tome una determinaci\u00f3n, comenzaremos a entrevistar a las personas con informaci\u00f3n sobre su caso. Despu\u00e9s de la investigaci\u00f3n preliminar, seguiremos adelante con una estrategia dise\u00f1ada espec\u00edficamente para su caso.<\/p>\n<p>Entendemos que las facturas m\u00e9dicas pasadas son abrumadoras. Sabemos que las facturas m\u00e9dicas pasadas no son lo \u00fanico que tiene en mente. Sabemos que est\u00e1 pensando en las facturas futuras. Probablemente habr\u00e1 m\u00e1s tratamientos m\u00e9dicos, prolongados o de por vida, para los que tendr\u00e1 que recaudar fondos para pagar. Queremos ayudarlo a usted y a su familia a luchar por la compensaci\u00f3n que necesitar\u00e1 para mantener a su hijo a largo plazo.<\/p>\n<h2>Abogado Especialista En ACV Infantil En Washington, DC<\/h2>\n<p>Johnnie Bond Law est\u00e1 convenientemente ubicado en el \u00e1rea de Washington, DC. Estaremos encantados de ayudarlo cuando llame para conocer sus pr\u00f3ximos pasos. No haga este viaje solo. Tenga el apoyo que necesita llamando hoy y programando una reuni\u00f3n con el abogado Johnnie Bond. A veces, compartir la carga puede ayudar a aliviarla. Permita que Johnnie Bond y su equipo lo apoyen durante este tiempo de dificultades.<\/p>\n<p>Llame hoy al <a href=\"tel:(202)683-6803\">(202) 683-6803<\/a> para hablar con un miembro del equipo, programar una consulta gratuita y discutir sus inquietudes.<\/p>\n","protected":false},"excerpt":{"rendered":"<p>Cualquier lesi\u00f3n en un reci\u00e9n nacido requiere una acci\u00f3n r\u00e1pida, diagn\u00f3stico y tratamiento. Si un feto o reci\u00e9n nacido sufre falta de riego sangu\u00edneo en el cerebro, se puede producir un accidente cerebrovascular (ACV). Un ACV puede ocurrir en el \u00fatero (fetal), durante el parto (perinatal) o despu\u00e9s del nacimiento (neonatal). Existen varios incidentes que&hellip;<\/p>\n","protected":false},"author":8,"featured_media":0,"parent":0,"menu_order":0,"comment_status":"closed","ping_status":"closed","template":"","meta":{"inline_featured_image":false,"footnotes":""},"class_list":["post-9471","page","type-page","status-publish","hentry"],"_links":{"self":[{"href":"https:\/\/johnniebondlaw.com\/es\/wp-json\/wp\/v2\/pages\/9471","targetHints":{"allow":["GET"]}}],"collection":[{"href":"https:\/\/johnniebondlaw.com\/es\/wp-json\/wp\/v2\/pages"}],"about":[{"href":"https:\/\/johnniebondlaw.com\/es\/wp-json\/wp\/v2\/types\/page"}],"author":[{"embeddable":true,"href":"https:\/\/johnniebondlaw.com\/es\/wp-json\/wp\/v2\/users\/8"}],"replies":[{"embeddable":true,"href":"https:\/\/johnniebondlaw.com\/es\/wp-json\/wp\/v2\/comments?post=9471"}],"version-history":[{"count":0,"href":"https:\/\/johnniebondlaw.com\/es\/wp-json\/wp\/v2\/pages\/9471\/revisions"}],"wp:attachment":[{"href":"https:\/\/johnniebondlaw.com\/es\/wp-json\/wp\/v2\/media?parent=9471"}],"curies":[{"name":"wp","href":"https:\/\/api.w.org\/{rel}","templated":true}]}}