{"id":9468,"date":"2023-07-18T21:59:29","date_gmt":"2023-07-18T21:59:29","guid":{"rendered":"https:\/\/johnniebondlaw.com\/hair-relaxer-lawsuits-and-associated-hysterectomies-what-you-need-to-know\/"},"modified":"2024-08-02T01:52:32","modified_gmt":"2024-08-02T01:52:32","slug":"demanda-por-alisados-de-pelo-e-histerectomias-asociadas-lo-que-necesita-saber","status":"publish","type":"page","link":"https:\/\/johnniebondlaw.com\/es\/demanda-por-alisados-de-pelo-e-histerectomias-asociadas-lo-que-necesita-saber\/","title":{"rendered":"Demanda Por Alisados De Pelo E Histerectom\u00edas Asociadas: Lo Que Necesita Saber"},"content":{"rendered":"<p>Recientemente, las demandas por alisados de pelo han estado en los titulares, pintando un sombr\u00edo panorama de complicaciones m\u00e9dicas inesperadas. Estas complicaciones han sido tan graves que algunas v\u00edctimas han tenido que someterse a histerectom\u00edas. En Johnnie Bond Law, estamos comprometidos a arrojar luz sobre este alarmante problema y asegurarnos de que conozca sus derechos legales si se ve afectado.<\/p>\n<h2>Alisados De Pelo E Histerectom\u00edas: La Conexi\u00f3n<span class=\"Apple-converted-space\">\u00a0<\/span><\/h2>\n<p>Los alisados de pelo, aunque populares por su capacidad para alisar y suavizar el cabello, han sido objeto de escrutinio debido a las afirmaciones que los vinculan con graves complicaciones de salud. Algunas personas han experimentado problemas tan serios como la alteraci\u00f3n hormonal, lo que en algunos casos ha llevado a la necesidad de una histerectom\u00eda. Queremos que sea consciente de estos riesgos y comprenda que si se ha visto afectado, no est\u00e1 solo y hay ayuda legal disponible.<\/p>\n<h2>Alteraciones Hormonales Y Da\u00f1o Uterino<span class=\"Apple-converted-space\">\u00a0<\/span><\/h2>\n<p>Ciertos qu\u00edmicos que se encuentran en los alisados de pelo, como la lej\u00eda (hidr\u00f3xido de sodio), se han asociado con alteraciones hormonales y problemas de salud reproductiva. Estos qu\u00edmicos pueden absorberse a trav\u00e9s del cuero cabelludo, donde pueden interferir con el sistema endocrino y provocar desequilibrios hormonales. Las alteraciones hormonales pueden provocar diversos problemas de salud, incluidos crecimientos anormales en el \u00fatero, como fibromas, que en algunos casos pueden requerir una histerectom\u00eda si se vuelven grandes o causan sangrado abundante o dolor.<span class=\"Apple-converted-space\">\u00a0<\/span><\/p>\n<p>Adem\u00e1s, algunos estudios sugieren que la exposici\u00f3n prolongada a estos qu\u00edmicos puede causar da\u00f1o al \u00fatero y otros \u00f3rganos reproductivos. Este da\u00f1o puede provocar afecciones como la endometriosis, donde el tejido similar al revestimiento del \u00fatero comienza a crecer fuera del \u00fatero. En casos graves de endometriosis, puede ser necesaria una histerectom\u00eda.<\/p>\n<h2>C\u00e1ncer Y Otros Riesgos Graves Para La Salud<span class=\"Apple-converted-space\">\u00a0<\/span><\/h2>\n<p>Tambi\u00e9n existe un riesgo potencial de ciertos tipos de c\u00e1ncer asociados con el uso de alisados de pelo. Los estudios han se\u00f1alado un posible v\u00ednculo entre el uso de estos productos y un mayor riesgo de c\u00e1ncer uterino y otros c\u00e1nceres reproductivos. En etapas avanzadas, el c\u00e1ncer de \u00fatero (c\u00e1ncer endometrial) puede requerir una histerectom\u00eda como parte del tratamiento.<\/p>\n<h2>Posibles Riesgos Para La Salud Asociados Con Las Histerectom\u00edas<span class=\"Apple-converted-space\">\u00a0<\/span><\/h2>\n<p>Si bien las histerectom\u00edas pueden ser m\u00e9dicamente necesarias en ciertas situaciones, es importante reconocer que este importante procedimiento quir\u00fargico puede representar amenazas adicionales para la salud de una mujer. Despu\u00e9s de una histerectom\u00eda, una mujer puede enfrentar un mayor riesgo de accidente cerebrovascular y enfermedades cardiovasculares. Este riesgo aumenta porque los ovarios, si tambi\u00e9n se extirpan durante el procedimiento, desempe\u00f1an un papel crucial en la producci\u00f3n de hormonas que protegen contra las enfermedades card\u00edacas.<span class=\"Apple-converted-space\">\u00a0<\/span><\/p>\n<p>Adem\u00e1s, una histerectom\u00eda puede interferir potencialmente con los nervios vagos, que se extienden hasta el \u00fatero. La interrupci\u00f3n de estos nervios puede provocar problemas gastrointestinales, como estre\u00f1imiento e hinchaz\u00f3n, y puede afectar el control de la vejiga. Adem\u00e1s, despu\u00e9s de una histerectom\u00eda, algunas mujeres pueden experimentar prolapso de \u00f3rganos p\u00e9lvicos. Esta afecci\u00f3n ocurre cuando los m\u00fasculos y tejidos que sostienen los \u00f3rganos p\u00e9lvicos se debilitan, causando que uno o m\u00e1s de los \u00f3rganos p\u00e9lvicos caigan o presionen dentro o fuera de la vagina. El prolapso de \u00f3rganos p\u00e9lvicos puede provocar molestias y problemas urinarios e intestinales.<span class=\"Apple-converted-space\">\u00a0<\/span><\/p>\n<p>Considerando estos posibles riesgos, es angustiante que un producto como un alisado de pelo pueda conducir indirectamente a la necesidad de este grave procedimiento quir\u00fargico. Esto enfatiza a\u00fan m\u00e1s por qu\u00e9 tomar medidas legales contra los fabricantes negligentes no es solo buscar compensaci\u00f3n, sino buscar justicia y abogar por una mejor seguridad del consumidor. En Johnnie Bond Law, estamos listos para ayudarlo a hacer precisamente eso.<\/p>\n<h2>Sus Derechos Legales En Las Demandas Por Alisados De Pelo<span class=\"Apple-converted-space\">\u00a0<\/span><\/h2>\n<p>Las crecientes demandas contra los fabricantes de alisados de pelo son una clara indicaci\u00f3n de que los consumidores no se quedan de brazos cruzados frente al da\u00f1o. En Johnnie Bond Law, creemos en empoderar a nuestros clientes con conocimiento y recursos. Si ha sufrido complicaciones de salud graves debido a un producto de alisado de pelo, puede tener un reclamo legal contra el fabricante. Su reclamo podr\u00eda cubrir gastos m\u00e9dicos, dolor, sufrimiento y otros da\u00f1os relacionados con su experiencia.<\/p>\n<h2>La Ayuda Est\u00e1 Aqu\u00ed<\/h2>\n<p>Si usted o un ser querido han experimentado problemas de salud despu\u00e9s de usar un alisado de pelo, y particularmente si estos problemas han llevado a una histerectom\u00eda, sepa que no est\u00e1 solo. En Johnnie Bond Law, estamos aqu\u00ed para apoyarlo, ofrecerle asesor\u00eda legal y ayudarlo a obtener la compensaci\u00f3n que merece.<\/p>\n<p>En Johnnie Bond Law, reconocemos que este puede ser un momento angustiante. Estamos comprometidos a estar a su lado, asegur\u00e1ndonos de que tenga el apoyo legal necesario para navegar este camino. No dude en comunicarse para una consulta gratuita. Puede llamarnos al <a href=\"tel:(202)683-6803\">(202) 683-6803<\/a> o contactarnos en l\u00ednea para programar su consulta gratuita. Estamos listos y dispuestos a ayudarlo a comprender sus derechos legales y opciones en esta situaci\u00f3n compleja. Demos el primer paso hacia la justicia juntos.<\/p>\n","protected":false},"excerpt":{"rendered":"<p>Recientemente, las demandas por alisados de pelo han estado en los titulares, pintando un sombr\u00edo panorama de complicaciones m\u00e9dicas inesperadas. Estas complicaciones han sido tan graves que algunas v\u00edctimas han tenido que someterse a histerectom\u00edas. En Johnnie Bond Law, estamos comprometidos a arrojar luz sobre este alarmante problema y asegurarnos de que conozca sus derechos&hellip;<\/p>\n","protected":false},"author":7,"featured_media":0,"parent":0,"menu_order":0,"comment_status":"closed","ping_status":"closed","template":"","meta":{"inline_featured_image":false,"footnotes":""},"class_list":["post-9468","page","type-page","status-publish","hentry"],"_links":{"self":[{"href":"https:\/\/johnniebondlaw.com\/es\/wp-json\/wp\/v2\/pages\/9468","targetHints":{"allow":["GET"]}}],"collection":[{"href":"https:\/\/johnniebondlaw.com\/es\/wp-json\/wp\/v2\/pages"}],"about":[{"href":"https:\/\/johnniebondlaw.com\/es\/wp-json\/wp\/v2\/types\/page"}],"author":[{"embeddable":true,"href":"https:\/\/johnniebondlaw.com\/es\/wp-json\/wp\/v2\/users\/7"}],"replies":[{"embeddable":true,"href":"https:\/\/johnniebondlaw.com\/es\/wp-json\/wp\/v2\/comments?post=9468"}],"version-history":[{"count":0,"href":"https:\/\/johnniebondlaw.com\/es\/wp-json\/wp\/v2\/pages\/9468\/revisions"}],"wp:attachment":[{"href":"https:\/\/johnniebondlaw.com\/es\/wp-json\/wp\/v2\/media?parent=9468"}],"curies":[{"name":"wp","href":"https:\/\/api.w.org\/{rel}","templated":true}]}}