{"id":9450,"date":"2022-06-06T08:02:22","date_gmt":"2022-06-06T08:02:22","guid":{"rendered":"https:\/\/johnniebondlaw.com\/seizures-and-birth-injuries\/"},"modified":"2024-07-15T03:05:40","modified_gmt":"2024-07-15T03:05:40","slug":"convulsiones-y-lesiones-de-parto","status":"publish","type":"page","link":"https:\/\/johnniebondlaw.com\/es\/convulsiones-y-lesiones-de-parto\/","title":{"rendered":"Convulsiones Y Lesiones De Parto"},"content":{"rendered":"<p>Las lesiones que ocurren durante el proceso del parto pueden resultar en convulsiones y posiblemente epilepsia. Las convulsiones se diferencian de la epilepsia en que una convulsi\u00f3n es una ocurrencia \u00fanica, mientras que la epilepsia son dos o m\u00e1s convulsiones no provocadas. Las convulsiones, causadas por interrupciones en las interacciones neuronales dentro del cerebro, pueden causar espasmos musculares o sacudidas, alteraciones en el comportamiento, la sensaci\u00f3n o la conciencia. Hay dos clasificaciones de convulsiones: generalizadas y parciales.<\/p>\n<h2>Tipos De Convulsiones:<\/h2>\n<ul>\n<li><b>Convulsiones generalizadas:<\/b> Ocurren en todas las partes del cerebro al mismo tiempo y no son provocadas. Estas convulsiones pueden ser ausencias, miocl\u00f3nicas, cl\u00f3nicas, t\u00f3nicas, t\u00f3nico-cl\u00f3nicas o at\u00f3nicas.<\/li>\n<li><b>Convulsiones parciales:<\/b> Ocurren en una parte del cerebro y se dirigen a un \u00e1rea espec\u00edfica del cuerpo. Estas convulsiones pueden ser parciales simples, parciales complejas o parciales que se generalizan secundariamente.<\/li>\n<\/ul>\n<h2>S\u00edntomas De Convulsiones En Un Ni\u00f1o:<\/h2>\n<p>Los s\u00edntomas de convulsiones en un ni\u00f1o pueden incluir confusi\u00f3n temporal, episodios de mirada fija, temblores o movimientos bruscos incontrolables, p\u00e9rdida del conocimiento o la conciencia, y\/o s\u00edntomas ps\u00edquicos. Las lesiones prenatales pueden provocar s\u00edntomas de convulsiones porque los beb\u00e9s son inusualmente sensibles durante el desarrollo gestacional. El da\u00f1o cerebral podr\u00eda deberse a una infecci\u00f3n no diagnosticada en la madre, mala nutrici\u00f3n, deficiencias de ox\u00edgeno, da\u00f1o nervioso o fiebres altas.<\/p>\n<p>Seg\u00fan una publicaci\u00f3n del Centro Nacional de Informaci\u00f3n Biotecnol\u00f3gica, las convulsiones neonatales son las que ocurren durante los primeros d\u00edas de vida. Aunque estos episodios pueden parecer insignificantes en duraci\u00f3n, podr\u00edan indicar un mal funcionamiento m\u00e1s grave que requiere un diagn\u00f3stico de emergencia. El art\u00edculo indica que aproximadamente 3 beb\u00e9s de cada 1,000 nacidos vivos experimentar\u00e1n convulsiones neonatales. El art\u00edculo afirma que diagnosticar una convulsi\u00f3n neonatal es imperativo y requiere atenci\u00f3n urgente y tratamiento de la causa subyacente de la convulsi\u00f3n.<\/p>\n<h2>Abogado Especializado En Convulsiones Infantiles En Washington, DC<\/h2>\n<p>Si cree que su hijo fue mal diagnosticado o que el personal no actu\u00f3 con la suficiente rapidez para diagnosticarlo, busque asesoramiento legal. El abogado Johnnie Bond tiene experiencia en estos asuntos y quiere ayudarlo a usted y a su familia a obtener la compensaci\u00f3n que se merece despu\u00e9s de la angustia de un diagn\u00f3stico errado o una atenci\u00f3n inadecuada.<\/p>\n<p>Johnnie Bond Law est\u00e1 convenientemente ubicado en Washington, DC y brinda asistencia a familias en el \u00e1rea circundante. Johnnie Bond es un abogado agresivo y experimentado que luchar\u00e1 por sus derechos. Su equipo legal utilizar\u00e1 sus recursos y colaborar\u00e1 con sus analistas m\u00e9dicos para asegurar el mejor enfoque para su caso. El uso de analistas m\u00e9dicos es importante para determinar la causa subyacente de las convulsiones, las se\u00f1ales que el personal m\u00e9dico pudo haber pasado por alto al diagnosticar la causa y las deficiencias del tratamiento o la atenci\u00f3n brindada. El uso de testimonio de expertos puede ser una necesidad para probar ciertas determinaciones m\u00e9dicas que deber\u00edan haber ocurrido pero que faltaban.<\/p>\n<p>Permita que Johnnie Bond y su personal capacitado lo ayuden en su momento de incertidumbre legal. Sabemos que necesitar\u00e1 hacer preguntas; esto es importante y le permite comprender mejor su situaci\u00f3n. Entendemos que todo esto es nuevo para usted. Podemos ayudar.<\/p>\n<p>Llame hoy al <a href=\"tel:(202)%20683-6803\">(202) 683-6803<\/a> para hablar con un miembro del equipo, programar una consulta gratuita y discutir sus inquietudes.<\/p>\n<p><span class=\"Apple-converted-space\">\u00a0<\/span><\/p>\n","protected":false},"excerpt":{"rendered":"<p>Las lesiones que ocurren durante el proceso del parto pueden resultar en convulsiones y posiblemente epilepsia. Las convulsiones se diferencian de la epilepsia en que una convulsi\u00f3n es una ocurrencia \u00fanica, mientras que la epilepsia son dos o m\u00e1s convulsiones no provocadas. Las convulsiones, causadas por interrupciones en las interacciones neuronales dentro del cerebro, pueden&hellip;<\/p>\n","protected":false},"author":8,"featured_media":0,"parent":0,"menu_order":0,"comment_status":"closed","ping_status":"closed","template":"","meta":{"inline_featured_image":false,"footnotes":""},"class_list":["post-9450","page","type-page","status-publish","hentry"],"_links":{"self":[{"href":"https:\/\/johnniebondlaw.com\/es\/wp-json\/wp\/v2\/pages\/9450","targetHints":{"allow":["GET"]}}],"collection":[{"href":"https:\/\/johnniebondlaw.com\/es\/wp-json\/wp\/v2\/pages"}],"about":[{"href":"https:\/\/johnniebondlaw.com\/es\/wp-json\/wp\/v2\/types\/page"}],"author":[{"embeddable":true,"href":"https:\/\/johnniebondlaw.com\/es\/wp-json\/wp\/v2\/users\/8"}],"replies":[{"embeddable":true,"href":"https:\/\/johnniebondlaw.com\/es\/wp-json\/wp\/v2\/comments?post=9450"}],"version-history":[{"count":0,"href":"https:\/\/johnniebondlaw.com\/es\/wp-json\/wp\/v2\/pages\/9450\/revisions"}],"wp:attachment":[{"href":"https:\/\/johnniebondlaw.com\/es\/wp-json\/wp\/v2\/media?parent=9450"}],"curies":[{"name":"wp","href":"https:\/\/api.w.org\/{rel}","templated":true}]}}