{"id":9446,"date":"2022-06-08T07:18:48","date_gmt":"2022-06-08T07:18:48","guid":{"rendered":"https:\/\/johnniebondlaw.com\/qualified-washington-dc-and-maryland-truck-accidents-lawyer\/"},"modified":"2024-07-15T03:04:47","modified_gmt":"2024-07-15T03:04:47","slug":"abogado-calificado-en-accidentes-de-camiones-en-washington-d-c-y-maryland","status":"publish","type":"page","link":"https:\/\/johnniebondlaw.com\/es\/abogado-calificado-en-accidentes-de-camiones-en-washington-d-c-y-maryland\/","title":{"rendered":"Abogado Calificado En Accidentes De Camiones En Washington D.C. Y Maryland"},"content":{"rendered":"<p>Es com\u00fan sentirse ansioso al conducir cerca de un cami\u00f3n grande, y tiene una buena raz\u00f3n para ser cauteloso. Los accidentes que involucran semirremolques, camiones de 18 ruedas u otros veh\u00edculos de tama\u00f1o considerable pueden causar lesiones significativas que cambian la vida.<\/p>\n<p>Si usted o un ser querido ha estado en un accidente que involucr\u00f3 a un cami\u00f3n que caus\u00f3 da\u00f1os, como p\u00e9rdida de salario, muerte por negligencia, sufrimiento extremo por una lesi\u00f3n o da\u00f1os a la propiedad, comun\u00edquese con un abogado especializado en accidentes de camiones lo antes posible. Un profesional podr\u00e1 evaluar su caso y determinar si tiene derecho a una indemnizaci\u00f3n.<\/p>\n<p>Johnnie Bond ha ayudado a muchos clientes en el DMV a trav\u00e9s de las secuelas de accidentes de camiones. Nuestro bufete de abogados puede tomar las riendas de su caso para que pueda concentrarse en su familia y recuperaci\u00f3n.<\/p>\n<h2>Accidentes De Camiones En DC Y Maryland<\/h2>\n<p>Si la negligencia de otra persona provoc\u00f3 un accidente, es posible que tenga acceso a una compensaci\u00f3n por los da\u00f1os que haya sufrido. En el caso de los accidentes de camiones, determinar la causa y la responsabilidad es m\u00e1s complejo que en otros casos. Muchas personas y organizaciones participan en las operaciones de transporte por carretera, como el conductor, el empleador del conductor, los cargadores de mercanc\u00edas y el fabricante del cami\u00f3n.<\/p>\n<p>La naturaleza complicada de los accidentes de camiones hace que sea vital trabajar con un abogado especializado en lesiones personales. El abogado Johnnie Bond buscar\u00e1 todas las v\u00edas posibles para obtener pruebas que le permitan recibir una compensaci\u00f3n justa.<\/p>\n<p>Causas Comunes de Accidentes de Camiones<\/p>\n<ul>\n<li>Fallas mec\u00e1nicas<\/li>\n<li>Exceso de velocidad<\/li>\n<li>No revisar los puntos ciegos<\/li>\n<li>Conducir distra\u00eddo<\/li>\n<li>Falta de sue\u00f1o<\/li>\n<li>Conducir bajo los efectos del alcohol o las drogas<\/li>\n<li>Carga sin asegurar<\/li>\n<li>Incumplimiento de las regulaciones de la FMCSA<\/li>\n<\/ul>\n<p>Todo conductor de cami\u00f3n debe tener un cuidado razonable al operar un veh\u00edculo. La conducci\u00f3n distra\u00edda es com\u00fan entre los camioneros. Dado que est\u00e1n en la carretera durante largos per\u00edodos, algunos conductores de camiones pasan el tiempo hablando por sus auriculares o usando sus tel\u00e9fonos.<\/p>\n<p>La responsabilidad del accidente puede extenderse m\u00e1s all\u00e1 del conductor del cami\u00f3n. Si una empresa de transporte establece cuotas y plazos de entrega irrazonables, los camioneros podr\u00edan sufrir falta de sue\u00f1o o exceso de velocidad para ahorrar tiempo, lo que provocar\u00eda accidentes.<\/p>\n<p>El fabricante del cami\u00f3n tambi\u00e9n podr\u00eda ser considerado responsable en su caso de lesiones. Si los frenos fallan o un neum\u00e1tico explota, causando un choque que lo lastime, los tribunales pueden exigirle al fabricante que lo compense.<\/p>\n<p>La Administraci\u00f3n Federal de Seguridad de Autotransportistas (FMCSA) regula la industria del transporte por carretera para prevenir accidentes como el suyo. La organizaci\u00f3n requiere que las empresas de transporte sigan las pautas relacionadas con las pruebas de drogas, la seguridad de la carga, la sobrecarga de camiones comerciales y las calificaciones m\u00e9dicas para los conductores.<\/p>\n<h2>Compensaci\u00f3n Por Accidentes De Camiones En DC Y Maryland<\/h2>\n<p>Una gran parte de la dificultad al lidiar con un accidente de cami\u00f3n son las compa\u00f1\u00edas de seguros. La empresa de camiones probablemente tendr\u00e1 un equipo altamente especializado de aseguradoras que la respalde para protegerla de costos como la compensaci\u00f3n a la v\u00edctima. A menudo, le ofrecer\u00e1n un acuerdo por un monto mucho menor del que usted merece.<\/p>\n<p>Nuestro abogado de accidentes de camiones puede quitarle un peso de encima y negociar con el equipo de seguros de la otra parte en su nombre. El abogado Johnnie Bond tiene una amplia experiencia en el manejo de casos con compa\u00f1\u00edas de seguros y luchar\u00e1 apasionadamente por su derecho a una compensaci\u00f3n por parte del responsable.<\/p>\n<p>Los tipos de compensaci\u00f3n incluyen:<\/p>\n<ul>\n<li>Facturas m\u00e9dicas (hospitalizaci\u00f3n, cirug\u00eda, medicamentos, rehabilitaci\u00f3n, etc.)<\/li>\n<li>Sueldos perdidos (durante el tratamiento m\u00e9dico y la recuperaci\u00f3n)<\/li>\n<li>Dolor y sufrimiento<\/li>\n<\/ul>\n<p>Nuestro equipo en Johnnie Bond Law evaluar\u00e1 su reclamo por accidente para determinar si tiene derecho a ciertas formas de compensaci\u00f3n. Dependiendo de sus lesiones, se le podr\u00eda otorgar una cantidad significativa para gastos m\u00e9dicos. Tambi\u00e9n trabajaremos arduamente para recuperar cualquier salario que haya perdido mientras tuvo que ausentarse del trabajo.<\/p>\n<p>El efecto del accidente en su salud mental tambi\u00e9n puede justificar una compensaci\u00f3n. Si se siente ansioso, deprimido o desarrolla un trastorno psicol\u00f3gico debido al choque, debe recibir un pago justo para cubrir los costos asociados con el tratamiento.<\/p>\n<h2>Preguntas Frecuentes Sobre Accidentes De Camiones<\/h2>\n<h3>\u00bfEn Qu\u00e9 Se Diferencian Los Accidentes De Camiones De Otros Accidentes?<\/h3>\n<p>Los camiones son mucho m\u00e1s grandes y pesados que la mayor\u00eda de los dem\u00e1s veh\u00edculos en la carretera, por lo que las colisiones con un cami\u00f3n tienen m\u00e1s probabilidades de resultar en lesiones graves. Adem\u00e1s, los conductores de camiones tienen m\u00e1s dificultad para detenerse o reducir la velocidad y tienen m\u00e1s puntos ciegos que otros conductores. Esto significa que necesitan estar bien capacitados y extremar la precauci\u00f3n al conducir.<\/p>\n<p>Cuando las empresas de transporte utilizan conductores mal capacitados o con exceso de trabajo, la empresa puede ser responsable de los accidentes causados por estos conductores. Finalmente, debido a que los camiones suelen ser veh\u00edculos comerciales, est\u00e1n sujetos al control de muchas personas, por lo que puede haber muchas m\u00e1s personas y empresas potencialmente responsables de un accidente de cami\u00f3n que en accidentes que involucran autom\u00f3viles de propiedad privada.<\/p>\n<h3>\u00bfQu\u00e9 Causa Los Accidentes De Camiones?<\/h3>\n<p>Al igual que otras colisiones, los accidentes de camiones en el DMV (Washington D.C., Maryland y Virginia) a menudo son el resultado de una combinaci\u00f3n de causas. Algunas de las m\u00e1s comunes incluyen:<\/p>\n<ul>\n<li><b>Distracciones del conductor:<\/b> Usar el tel\u00e9fono celular, comer o beber mientras conduce, o estar fatigado son factores que pueden distraer al conductor.<\/li>\n<li><b>Condiciones peligrosas en la carretera:<\/b> Mal clima, baches, escombros en la carretera y falta de se\u00f1alizaci\u00f3n adecuada pueden contribuir a accidentes.<\/li>\n<li><b>Mantenimiento o carga inadecuada del cami\u00f3n:<\/b> Frenos defectuosos, neum\u00e1ticos lisos o carga mal asegurada pueden provocar la p\u00e9rdida de control del veh\u00edculo.<\/li>\n<li><b>Conductores bajo los efectos de la fatiga o el abuso de sustancias:<\/b> La falta de sue\u00f1o o estar bajo la influencia de drogas o alcohol compromete seriamente la capacidad de conducir.<\/li>\n<li><b>Errores por falta de capacitaci\u00f3n adecuada:<\/b> Los conductores de camiones requieren una formaci\u00f3n espec\u00edfica para manejar veh\u00edculos de gran tama\u00f1o.<\/li>\n<li><b>Conducci\u00f3n temeraria por plazos poco realistas:<\/b> Las empresas de transporte que presionan a los conductores para cumplir con plazos de entrega imposibles los incentivan a conducir de forma insegura.<\/li>\n<\/ul>\n<p>Si bien el conductor puede ser responsable de muchos factores, a menudo las acciones del empleador tambi\u00e9n contribuyen a la causa de los accidentes de camiones.<\/p>\n<h3>\u00bfQu\u00e9 Puedo Hacer Para Proteger Mis Derechos Despu\u00e9s De Un Accidente De Cami\u00f3n?<\/h3>\n<p>Los abogados est\u00e1n capacitados para proteger los derechos de las personas en todas las circunstancias. Por lo tanto, la mejor manera de proteger sus derechos despu\u00e9s de un accidente es consultar a un abogado familiarizado con este tipo de incidentes. Su abogado puede brindarle asesoramiento y manejar las comunicaciones en su nombre para ayudarlo a evitar decir o hacer algo que pueda poner en peligro sus intereses o renunciar a sus derechos sin querer.<\/p>\n<h3>\u00bfQu\u00e9 Debo Hacer En La Escena De Un Accidente De Cami\u00f3n?<\/h3>\n<p>En la escena de un accidente, lo primero es verificar la salud y seguridad de usted y las personas que lo rodean. Si tiene un tel\u00e9fono disponible, llame al 911 para obtener asistencia de emergencia lo antes posible. Incluso si no se siente lesionado, es posible que otros necesiten ayuda de emergencia y la presencia de veh\u00edculos de emergencia y socorristas lo proteger\u00e1 de da\u00f1os mayores. Si se encuentra en una posici\u00f3n peligrosa y puede moverse con seguridad, reub\u00edquese a un lugar seguro.<\/p>\n<p>Evite hablar con nadie sobre el accidente real o los eventos que lo condujeron. En particular, evite la tentaci\u00f3n de decir \u00ablo siento\u00bb a nadie, aunque ese sea el instinto natural de cortes\u00eda en situaciones problem\u00e1ticas. Incluso la expresi\u00f3n de simpat\u00eda m\u00e1s inocente puede tomarse como una admisi\u00f3n de culpa m\u00e1s adelante.<\/p>\n<p>Debe recibir un examen m\u00e9dico completo incluso si se siente bien. Los m\u00e9dicos pueden detectar lesiones que pueden no ser evidentes de inmediato.<\/p>\n<p>Si usted o alguien m\u00e1s en la escena puede hacerlo, tome fotograf\u00edas de todos los veh\u00edculos y los alrededores involucrados en el choque y recopile la informaci\u00f3n de contacto de los testigos. Cuando llegue la polic\u00eda, responda las preguntas con hechos, pero no haga suposiciones. Si no sabe algo, simplemente admita que no lo sabe.<\/p>\n<h3>\u00bfQu\u00e9 Debo Hacer En Los D\u00edas Posteriores A Un Accidente De Cami\u00f3n?<\/h3>\n<p>Su salud es el factor m\u00e1s importante despu\u00e9s de un accidente de cami\u00f3n, as\u00ed que siga las instrucciones del m\u00e9dico. Algunas lesiones tardan en aparecer, por lo que si nota s\u00edntomas como mareos o dolor, aseg\u00farese de que el m\u00e9dico lo examine nuevamente. Tome notas sobre c\u00f3mo se siente y c\u00f3mo el accidente ha afectado su vida.<\/p>\n<p>Contin\u00fae recolectando evidencia para mostrar las causas del accidente, como fotograf\u00edas y videos del tr\u00e1fico o c\u00e1maras de seguridad. Su abogado puede ayudarlo con este proceso. Eso significa que si a\u00fan no ha comenzado a trabajar con un abogado experimentado en accidentes de camiones, una consulta deber\u00eda ser una de las primeras cosas en su lista de tareas pendientes. Cuanto antes comience a trabajar con un abogado, m\u00e1s oportunidades tendr\u00e1 de ayudarlo a recuperarse.<\/p>\n<h3>\u00bfA Qui\u00e9n Se Puede Demandar En Un Caso De Accidente De Cami\u00f3n?<\/h3>\n<p>Cualquier persona cuyas acciones (u omisiones) hayan contribuido a la causa del accidente podr\u00eda ser considerada responsable. Su abogado podr\u00eda presentar una acci\u00f3n contra:<\/p>\n<ul>\n<li>El propietario del cami\u00f3n<\/li>\n<li>La empresa de transporte<\/li>\n<li>Los proveedores de mantenimiento del veh\u00edculo<\/li>\n<li>El conductor del cami\u00f3n<\/li>\n<li>Conductores de otros veh\u00edculos involucrados en la colisi\u00f3n<\/li>\n<li>Propietarios o responsables de una condici\u00f3n peligrosa en la carretera<\/li>\n<\/ul>\n<h3>\u00bfQu\u00e9 Tipo De Da\u00f1os Puedo Recuperar?<\/h3>\n<p>Si puede demostrar que otra persona o empresa es responsable de un accidente de cami\u00f3n, puede recuperar da\u00f1os para compensar sus p\u00e9rdidas econ\u00f3micas, as\u00ed como efectos intangibles como dolor, sufrimiento y angustia emocional. Sus p\u00e9rdidas econ\u00f3micas incluyen facturas m\u00e9dicas, da\u00f1os al veh\u00edculo, salarios perdidos y cantidades para cubrir sus necesidades futuras.<\/p>\n<h3>\u00bfQu\u00e9 Debo Hacer Si La Empresa De Transportes Me Llama Antes De Elegir Un Abogado?<\/h3>\n<p>No tiene que responder preguntas ni discutir acuerdos de conciliaci\u00f3n antes de consultar con un abogado. Simplemente puede negarse a hablar con ellos, incluso si intentan presionarlo.<\/p>\n<p>A menudo, los abogados o investigadores de las empresas de transporte intentar\u00e1n enga\u00f1arlo para que diga algo que perjudique su caso. O pueden decirle que si se niega a aceptar la peque\u00f1a cantidad de liquidaci\u00f3n que ofrecen ahora, retirar\u00e1n la oferta y no obtendr\u00e1 nada. Hable con un abogado con experiencia en accidentes de camiones antes de hacer nada. Un abogado puede calcular un valor justo por sus p\u00e9rdidas y trabajar para garantizar que lo reciba.<\/p>\n<h3>\u00bfCu\u00e1nto Tiempo Tengo Para Presentar Una Demanda Despu\u00e9s De Un Accidente De Cami\u00f3n?<\/h3>\n<p>Cada jurisdicci\u00f3n establece un estatuto de limitaciones con un l\u00edmite de tiempo para presentar tipos particulares de acciones legales. Para un accidente de cami\u00f3n en DC o Maryland, las v\u00edctimas de accidentes deben preparar y presentar sus demandas dentro de un plazo de tres a\u00f1os. En Virginia, el l\u00edmite es de dos a\u00f1os. Pero para tener mejores posibilidades de \u00e9xito, es recomendable comenzar a trabajar con un abogado para construir su reclamo legal mucho antes de que se acerque la fecha l\u00edmite del tribunal.<\/p>\n<h2>Trabaje Con Un Abogado Experimentado En Accidentes De Camiones En Maryland Y Washington, DC<\/h2>\n<p>El abogado Johnnie Bond representa a sus clientes con ferocidad en la corte y en las negociaciones con las otras partes. \u00c9l comprende que ha pasado por eventos dolorosos y escuchar\u00e1 sus inquietudes con compasi\u00f3n. Johnnie Bond trabajar\u00e1 con usted para idear una estrategia personalizada que aborde sus preocupaciones legales.<\/p>\n<p>Si busca una compensaci\u00f3n despu\u00e9s de un accidente de cami\u00f3n, comun\u00edquese con los abogados experimentados en accidentes de camiones de Johnnie Bond Law al <a href=\"tel:(202)%20683-6803\">(202) 683-6803<\/a> para programar una consulta gratuita.<\/p>\n","protected":false},"excerpt":{"rendered":"<p>Es com\u00fan sentirse ansioso al conducir cerca de un cami\u00f3n grande, y tiene una buena raz\u00f3n para ser cauteloso. Los accidentes que involucran semirremolques, camiones de 18 ruedas u otros veh\u00edculos de tama\u00f1o considerable pueden causar lesiones significativas que cambian la vida. Si usted o un ser querido ha estado en un accidente que involucr\u00f3&hellip;<\/p>\n","protected":false},"author":8,"featured_media":0,"parent":0,"menu_order":0,"comment_status":"closed","ping_status":"closed","template":"","meta":{"inline_featured_image":false,"footnotes":""},"class_list":["post-9446","page","type-page","status-publish","hentry"],"_links":{"self":[{"href":"https:\/\/johnniebondlaw.com\/es\/wp-json\/wp\/v2\/pages\/9446","targetHints":{"allow":["GET"]}}],"collection":[{"href":"https:\/\/johnniebondlaw.com\/es\/wp-json\/wp\/v2\/pages"}],"about":[{"href":"https:\/\/johnniebondlaw.com\/es\/wp-json\/wp\/v2\/types\/page"}],"author":[{"embeddable":true,"href":"https:\/\/johnniebondlaw.com\/es\/wp-json\/wp\/v2\/users\/8"}],"replies":[{"embeddable":true,"href":"https:\/\/johnniebondlaw.com\/es\/wp-json\/wp\/v2\/comments?post=9446"}],"version-history":[{"count":0,"href":"https:\/\/johnniebondlaw.com\/es\/wp-json\/wp\/v2\/pages\/9446\/revisions"}],"wp:attachment":[{"href":"https:\/\/johnniebondlaw.com\/es\/wp-json\/wp\/v2\/media?parent=9446"}],"curies":[{"name":"wp","href":"https:\/\/api.w.org\/{rel}","templated":true}]}}