{"id":9443,"date":"2022-06-08T07:16:25","date_gmt":"2022-06-08T07:16:25","guid":{"rendered":"https:\/\/johnniebondlaw.com\/traumatic-brain-injury-and-concussions-lawyer-in-d-c-maryland-northern-virginia\/"},"modified":"2024-07-15T03:02:57","modified_gmt":"2024-07-15T03:02:57","slug":"abogado-de-lesiones-cerebrales-traumaticas-y-conmociones-cerebrales-en-d-c-maryland-y-el-norte-de-virginia","status":"publish","type":"page","link":"https:\/\/johnniebondlaw.com\/es\/abogado-de-lesiones-cerebrales-traumaticas-y-conmociones-cerebrales-en-d-c-maryland-y-el-norte-de-virginia\/","title":{"rendered":"Abogado De Lesiones Cerebrales Traum\u00e1ticas Y Conmociones Cerebrales En D.C., Maryland Y El Norte De Virginia"},"content":{"rendered":"<p>Seg\u00fan los Centros para el Control y la Prevenci\u00f3n de Enfermedades de EE. UU. (CDC), en 2020 ocurrieron m\u00e1s de 64,000 muertes relacionadas con LCT en EE. UU., aproximadamente 176 por d\u00eda. Una lesi\u00f3n cerebral traum\u00e1tica (LCT) ocurre cuando una persona sufre una lesi\u00f3n en la cabeza que afecta el funcionamiento de su cerebro. Si bien la mayor\u00eda de las lesiones cerebrales traum\u00e1ticas son relativamente leves, los casos graves pueden ser fatales.<\/p>\n<p>Si usted o un ser querido ha sufrido una lesi\u00f3n cerebral traum\u00e1tica o una concusi\u00f3n en la regi\u00f3n de DMV, nuestro equipo legal en Johnnie Bond Law tiene la experiencia y los recursos para manejar su caso.<\/p>\n<h2>Abogado Con Experiencia En Casos De Lesiones Cerebrales Traum\u00e1ticas Y Conmociones Cerebrales En DMV<\/h2>\n<p>En Johnnie Bond Law, sabemos el efecto devastador que una lesi\u00f3n cerebral traum\u00e1tica puede tener en las v\u00edctimas y sus seres queridos. Nuestro equipo legal luchar\u00e1 sin descanso en su nombre, facilitando el tratamiento emocional, f\u00edsico y mental despu\u00e9s de un accidente traum\u00e1tico.<\/p>\n<p>Podemos ayudarlo a usted y a su familia durante este momento dif\u00edcil brind\u00e1ndole representaci\u00f3n legal experta encabezada por nuestro fundador y abogado principal, Johnnie Bond. Llame hoy para programar su consulta gratuita con nuestros abogados de lesiones cerebrales.<\/p>\n<h2>Tipos de Lesiones Cerebrales Traum\u00e1ticas<\/h2>\n<p>El trauma cerebral puede ocurrir siempre que la cabeza reciba un golpe, impacto o sacudida. Una LCT tambi\u00e9n puede ocurrir por una lesi\u00f3n cerebral penetrante, como una bala o metralla. Hay tres niveles de LCT: leve, moderada y grave.<\/p>\n<p>Si sufri\u00f3 una lesi\u00f3n en la cabeza debido a la negligencia de otra persona, tiene derecho a contratar a un abogado y buscar una compensaci\u00f3n por su sufrimiento f\u00edsico, mental y emocional.<\/p>\n<h2>LCT Leves Y Conmociones Cerebrales<\/h2>\n<p>Las lesiones leves y las conmociones cerebrales son los tipos m\u00e1s comunes de LCT. Si bien el t\u00e9rmino m\u00e9dico aceptado para este trauma cerebral es \u00ableve\u00bb, los efectos a\u00fan pueden ser graves. Una LCT leve o una concusi\u00f3n causa lesiones al:<\/p>\n<ul>\n<li>Provocar cambios qu\u00edmicos en el cerebro<span class=\"Apple-converted-space\">\u00a0<\/span><\/li>\n<li>Torcer, estirar o da\u00f1ar las c\u00e9lulas cerebrales<span class=\"Apple-converted-space\">\u00a0<\/span><\/li>\n<li>Hacer que el cerebro rebote dentro del cr\u00e1neo<\/li>\n<\/ul>\n<p>Es posible que despu\u00e9s de sufrir una LCT o una concusi\u00f3n se sienta bien al principio. Sin embargo, a\u00fan necesita buscar atenci\u00f3n m\u00e9dica inmediata porque los s\u00edntomas no siempre se presentan de inmediato.<\/p>\n<p>Luego, llame a nuestro equipo en Johnnie Bond Law. Tenemos un amplio conocimiento de las leyes de DMV con respecto a las lesiones cerebrales y lo ayudaremos a navegar su caso de principio a fin.<\/p>\n<h2>LCT Moderadas Y Graves<\/h2>\n<p>Las LCT moderadas y graves causan da\u00f1o cerebral a miles de estadounidenses cada a\u00f1o. Las principales causas incluyen:<\/p>\n<ul>\n<li>Ca\u00eddas<span class=\"Apple-converted-space\">\u00a0<\/span><\/li>\n<li>Agresiones<span class=\"Apple-converted-space\">\u00a0<\/span><\/li>\n<li>Lesiones por arma de fuego<span class=\"Apple-converted-space\">\u00a0<\/span><\/li>\n<li>Accidentes automovil\u00edsticos<\/li>\n<\/ul>\n<p>Miles de personas mueren en los EE. UU. a causa de LCT graves cada a\u00f1o. Incluso si la v\u00edctima de una lesi\u00f3n cerebral sobrevive, los efectos de una LCT grave son devastadores y, a menudo, duran toda la vida, incluido el da\u00f1o cerebral irreversible.<\/p>\n<h2>S\u00edntomas De Lesiones Cerebrales Traum\u00e1ticas (LCT)<\/h2>\n<p>Cuando una persona sufre una lesi\u00f3n cerebral traum\u00e1tica (LTC), los s\u00edntomas pueden tardar horas o d\u00edas en aparecer despu\u00e9s de la lesi\u00f3n inicial, especialmente en casos leves o conmociones cerebrales. En esos casos, la gravedad de la lesi\u00f3n puede no aparecer en una prueba de diagn\u00f3stico est\u00e1ndar, lo que a menudo hace que la compa\u00f1\u00eda de seguros subestime el da\u00f1o o deniegue la reclamaci\u00f3n por completo.<\/p>\n<p>Nuestro bufete tiene experiencia en el manejo de casos de LCT en Washington, D.C., Virginia y Maryland. Combinamos nuestro vasto conocimiento legal y recursos para construir su caso y demostrar el alcance de su lesi\u00f3n y el sufrimiento que le ha causado a usted y a su familia.<\/p>\n<p>S\u00edntomas de LCT leves y conmociones cerebrales:<\/p>\n<ul>\n<li>Mareo<\/li>\n<li>Fatiga o letargo<\/li>\n<li>Dolores de cabeza<\/li>\n<li>N\u00e1useas o v\u00f3mitos<\/li>\n<li>Sensibilidad a la luz o al sonido<\/li>\n<li>Problemas de visi\u00f3n<\/li>\n<li>Problemas del habla<\/li>\n<li>Funci\u00f3n cerebral m\u00e1s lenta<\/li>\n<li>Cambios de humor<\/li>\n<\/ul>\n<p>S\u00edntomas de LCT moderada a grave:<\/p>\n<ul>\n<li>Dolores de cabeza persistentes o que empeoran<\/li>\n<li>Inconsciencia durante unos minutos o horas<\/li>\n<li>Convulsiones<\/li>\n<li>L\u00edquidos claros que salen de los o\u00eddos o la nariz<\/li>\n<li>N\u00e1useas o v\u00f3mitos recurrentes<\/li>\n<li>Confusi\u00f3n extrema<\/li>\n<li>Cambios de comportamiento<\/li>\n<li>Habla arrastrada<\/li>\n<\/ul>\n<h2>\u00bfQu\u00e9 Grupos Tienen Mayor Riesgo De Sufrir Una Lesi\u00f3n Cerebral Traum\u00e1tica?<\/h2>\n<p>Las personas de todas las edades pueden sufrir una LCT, desde beb\u00e9s hasta ancianos. Sin embargo, los datos del CDC sugieren que ciertos grupos tienen un mayor riesgo de experimentar problemas m\u00e9dicos a largo plazo o morir a causa de una LCT, incluidos:<\/p>\n<ul>\n<li>Residentes de zonas rurales<\/li>\n<li>Minor\u00edas \u00e9tnicas y raciales<\/li>\n<li>Personas sin hogar<\/li>\n<li>Veteranos y miembros del servicio militar<\/li>\n<li>Sobrevivientes de violencia dom\u00e9stica o de pareja<\/li>\n<li>Personas que viven en centros de detenci\u00f3n o correccionales<\/li>\n<\/ul>\n<p>Adem\u00e1s, las personas mayores tienen m\u00e1s probabilidades de ser hospitalizadas o morir a causa de una LCT que cualquier otro grupo de edad.<\/p>\n<h2>Preguntas Frecuentes Sobre Lesiones Cerebrales Traum\u00e1ticas (LCT)<\/h2>\n<h3>\u00bfQu\u00e9 Es Una Lesi\u00f3n Cerebral Traum\u00e1tica?<\/h3>\n<p>Una lesi\u00f3n cerebral traum\u00e1tica (LCT), tambi\u00e9n llamada trauma craneoencef\u00e1lico, es un da\u00f1o cerebral causado por una fuerza externa. Las LCT generalmente son el resultado de un golpe violento en la cabeza debido a una colisi\u00f3n de alta fuerza, como en un accidente automovil\u00edstico. La fuerza hace que el tejido cerebral se magulle, se desgarre, sangre o se hinche. Estas lesiones afectan la forma en que el cerebro funciona y controla otras partes del cuerpo. Las v\u00edctimas a menudo sufren efectos f\u00edsicos y mentales que pueden afectar su funci\u00f3n de manera permanente.<\/p>\n<h3>\u00bfCu\u00e1les Son Algunas Lesiones Cerebrales Comunes?<\/h3>\n<p>Los m\u00e9dicos suelen clasificar las lesiones cerebrales en tipos que incluyen:<\/p>\n<ul>\n<li>Contusiones cerebrales: roturas en vasos sangu\u00edneos peque\u00f1os que filtran sangre y provocan hematomas en el tejido cerebral. La rotura puede ser causada por un impacto directo o un impacto secundario cuando el cerebro golpea el lado opuesto del cr\u00e1neo. La inflamaci\u00f3n de las contusiones graves puede impedir que el ox\u00edgeno llegue a partes vitales del cerebro.<\/li>\n<li>Conmociones cerebrales: un movimiento brusco como un latigazo cervical o un impacto puede causar conmociones cerebrales de gravedad variable. Si la v\u00edctima sufre una segunda conmoci\u00f3n cerebral mientras a\u00fan se recupera de una anterior, los efectos acumulativos pueden provocar da\u00f1os graves.<\/li>\n<li>Lesiones cerebrales penetrantes: cuando un objeto perfora el cr\u00e1neo, la fuerza y el contacto mismo pueden da\u00f1ar \u00e1reas espec\u00edficas del cerebro. Fragmentos del propio cr\u00e1neo pueden causar lesiones cerebrales penetrantes cuando un impacto, como una ca\u00edda, hace que el cr\u00e1neo se fracture.<\/li>\n<li>Lesiones cerebrales an\u00f3xicas: cuando las c\u00e9lulas cerebrales se ven privadas de ox\u00edgeno, comienzan a morir en unos pocos minutos.<\/li>\n<li>Lesiones axiales difusas: el movimiento violento provoca desgarros en el tejido que conecta el cerebro y la m\u00e9dula espinal.<\/li>\n<li>Lesiones cerebrales hip\u00f3xicas: cuando el tejido cerebral recibe algo de ox\u00edgeno pero no lo suficiente para funcionar correctamente, la v\u00edctima puede sufrir un da\u00f1o isqu\u00e9mico.<\/li>\n<\/ul>\n<h3>\u00bfCu\u00e1les Son Los S\u00edntomas De Una Conmoci\u00f3n Cerebral?<\/h3>\n<p>Las v\u00edctimas pueden experimentar una variedad de s\u00edntomas f\u00edsicos y mentales. A menudo sufren dolores de cabeza, desorientaci\u00f3n o confusi\u00f3n. Pueden sentir una fatiga inusual y tener dificultad para mantener el equilibrio. Las n\u00e1useas y los v\u00f3mitos tambi\u00e9n son s\u00edntomas comunes de conmoci\u00f3n cerebral u otras lesiones en la cabeza. Las v\u00edctimas a menudo notan un cambio en los patrones de sue\u00f1o y pueden dormir m\u00e1s de lo habitual o tener dificultad para conciliar el sue\u00f1o. Tambi\u00e9n pueden experimentar depresi\u00f3n, sensibilidad a la luz, zumbido en los o\u00eddos y mayor irritabilidad.<\/p>\n<h3>\u00bfQu\u00e9 Accidentes Causan Com\u00fanmente Lesiones Cerebrales?<\/h3>\n<p>Cualquier accidente que cause un impacto repentino puede provocar una lesi\u00f3n cerebral que puede no ser evidente de inmediato. Los accidentes que involucran veh\u00edculos de alta velocidad como autom\u00f3viles y camiones con frecuencia causan LCT, particularmente cuando un ciclista o un peat\u00f3n es atropellado por un veh\u00edculo motorizado. Los accidentes por resbalones y ca\u00eddas tambi\u00e9n causan com\u00fanmente lesiones cerebrales.<\/p>\n<h3>\u00bfC\u00f3mo Se Tratan Las Conmociones Cerebrales Y Las LCT?<\/h3>\n<p>El tratamiento para las lesiones cerebrales var\u00eda seg\u00fan la naturaleza y la gravedad. Para muchas lesiones, hay poco que los m\u00e9dicos puedan hacer m\u00e1s que controlar los s\u00edntomas y tratar de aliviar el dolor mientras el cerebro intenta curarse por s\u00ed mismo. Es fundamental descansar cuando se le indique y evitar actividades que puedan causar una lesi\u00f3n por impacto secundario.<\/p>\n<p>Para ciertas lesiones graves, puede ser necesaria una cirug\u00eda para aliviar la presi\u00f3n o aumentar el suministro de ox\u00edgeno. A menudo, las personas que han sufrido conmociones cerebrales o LCT necesitan una terapia de rehabilitaci\u00f3n extensa despu\u00e9s de la curaci\u00f3n f\u00edsica para volver a aprender habilidades funcionales b\u00e1sicas y recuperar funciones cognitivas. Muchas veces las v\u00edctimas necesitan desarrollar estrategias de afrontamiento para manejar los cambios permanentes.<\/p>\n<h3>\u00bfCu\u00e1ndo Necesito Un Abogado De Lesiones Cerebrales Traum\u00e1ticas?<\/h3>\n<p>Puede ser muy \u00fatil que un ser querido consulte a un abogado de lesiones cerebrales traum\u00e1ticas justo despu\u00e9s del accidente o incidente que caus\u00f3 la lesi\u00f3n. Un abogado puede brindar asesoramiento sobre c\u00f3mo manejar las preguntas de las compa\u00f1\u00edas de seguros y recopilar pruebas para respaldar la recuperaci\u00f3n. Una vez que contrata a un abogado, este puede hablar con los investigadores y otras personas en su nombre y ayudar a garantizar que su ser querido reciba la atenci\u00f3n que necesita para lograr la recuperaci\u00f3n m\u00e1s completa posible.<\/p>\n<h3>\u00bfQu\u00e9 Elementos Se Necesitan Para Probar La Negligencia En Una Lesi\u00f3n Cerebral?<\/h3>\n<p>En cualquier caso de negligencia, para recuperar una compensaci\u00f3n por sus p\u00e9rdidas, necesita demostrar que sufri\u00f3 da\u00f1os y que esos da\u00f1os fueron causados por alguien que incumpli\u00f3 con el deber de cuidado que le ten\u00eda. Por ejemplo, si result\u00f3 lesionado en una ca\u00edda, tendr\u00eda que demostrar que ten\u00eda permiso para estar en la propiedad y que el due\u00f1o de la propiedad no repar\u00f3 o advirti\u00f3 sobre una condici\u00f3n peligrosa que deber\u00eda haber abordado. Si sufri\u00f3 una lesi\u00f3n cerebral en un accidente automovil\u00edstico, tendr\u00eda que demostrar c\u00f3mo la persona responsable no cumpli\u00f3 con su deber de conducir con seguridad y c\u00f3mo esa acci\u00f3n caus\u00f3 el accidente y las lesiones. Necesita evidencia para demostrar cada eslab\u00f3n de la cadena de causalidad, por eso es una buena idea trabajar con un abogado con experiencia lo antes posible despu\u00e9s de la lesi\u00f3n.<\/p>\n<h2>Abogado De Lesiones Cerebrales Traum\u00e1ticas En El DMV: Johnnie Bond Law<\/h2>\n<p>Si usted o un ser querido ha sufrido una lesi\u00f3n cerebral traum\u00e1tica debido a negligencia, no espere para contactar a un abogado calificado en lesiones personales. En Johnnie Bond Law, tenemos experiencia en guiar a nuestros clientes en Maryland, Virginia y Washington D.C. a trav\u00e9s de la compleja batalla legal de un caso de LCT. Utilizaremos todos los recursos a nuestra disposici\u00f3n para buscar la m\u00e1xima compensaci\u00f3n.<\/p>\n<p>Llame a Johnnie Bond Law hoy mismo al <a href=\"tel:(202)%20683-6803\">(202) 683-6803<\/a> para programar su consulta gratuita con nuestro talentoso equipo de abogados especializados en lesiones cerebrales.<\/p>\n","protected":false},"excerpt":{"rendered":"<p>Seg\u00fan los Centros para el Control y la Prevenci\u00f3n de Enfermedades de EE. UU. (CDC), en 2020 ocurrieron m\u00e1s de 64,000 muertes relacionadas con LCT en EE. UU., aproximadamente 176 por d\u00eda. Una lesi\u00f3n cerebral traum\u00e1tica (LCT) ocurre cuando una persona sufre una lesi\u00f3n en la cabeza que afecta el funcionamiento de su cerebro. Si&hellip;<\/p>\n","protected":false},"author":8,"featured_media":0,"parent":0,"menu_order":0,"comment_status":"closed","ping_status":"closed","template":"","meta":{"inline_featured_image":false,"footnotes":""},"class_list":["post-9443","page","type-page","status-publish","hentry"],"_links":{"self":[{"href":"https:\/\/johnniebondlaw.com\/es\/wp-json\/wp\/v2\/pages\/9443","targetHints":{"allow":["GET"]}}],"collection":[{"href":"https:\/\/johnniebondlaw.com\/es\/wp-json\/wp\/v2\/pages"}],"about":[{"href":"https:\/\/johnniebondlaw.com\/es\/wp-json\/wp\/v2\/types\/page"}],"author":[{"embeddable":true,"href":"https:\/\/johnniebondlaw.com\/es\/wp-json\/wp\/v2\/users\/8"}],"replies":[{"embeddable":true,"href":"https:\/\/johnniebondlaw.com\/es\/wp-json\/wp\/v2\/comments?post=9443"}],"version-history":[{"count":0,"href":"https:\/\/johnniebondlaw.com\/es\/wp-json\/wp\/v2\/pages\/9443\/revisions"}],"wp:attachment":[{"href":"https:\/\/johnniebondlaw.com\/es\/wp-json\/wp\/v2\/media?parent=9443"}],"curies":[{"name":"wp","href":"https:\/\/api.w.org\/{rel}","templated":true}]}}