{"id":9440,"date":"2022-06-03T06:35:57","date_gmt":"2022-06-03T06:35:57","guid":{"rendered":"https:\/\/johnniebondlaw.com\/premises-liability-attorney-for-the-dmv\/"},"modified":"2024-07-15T03:01:05","modified_gmt":"2024-07-15T03:01:05","slug":"abogado-de-responsabilidad-de-locales-para-el-dmv","status":"publish","type":"page","link":"https:\/\/johnniebondlaw.com\/es\/abogado-de-responsabilidad-de-locales-para-el-dmv\/","title":{"rendered":"Abogado De Responsabilidad De Locales Para El DMV"},"content":{"rendered":"<p>Cuando usted es cliente o invitado en la propiedad de alguien m\u00e1s, es responsabilidad legal del propietario mantenerlo a salvo realizando esfuerzos razonables de mantenimiento, seguridad y protecci\u00f3n de la salud. Por ejemplo, si usted es inquilino, su arrendador debe reparar las escaleras rotas u otras condiciones peligrosas que podr\u00edan causarle un tropiezo y una ca\u00edda.<\/p>\n<p>Cuando los propietarios descuidan sus deberes y alguien sale lastimado, la v\u00edctima puede responsabilizarlos bajo la ley de responsabilidad de locales. Sin embargo, puede ser un desaf\u00edo tener \u00e9xito con este tipo de reclamo bajo las leyes del \u00e1rea metropolitana de DC. Trabajar con un abogado experimentado en responsabilidad de locales le brinda la mejor ventaja para responsabilizar a los propietarios negligentes.<\/p>\n<p>En Johnnie Bond Law, entendemos las complejidades de la ley de responsabilidad de locales y c\u00f3mo responsabilizar a los propietarios por el mantenimiento irresponsable, la seguridad negligente y otras acciones que podr\u00edan causar lesiones graves. Luchamos para obtener una compensaci\u00f3n justa por su sufrimiento y otras p\u00e9rdidas.<\/p>\n<h2>Conceptos B\u00e1sicos De Responsabilidad De Locales<\/h2>\n<p>Puede presentar una demanda por responsabilidad de locales para solicitar una compensaci\u00f3n financiera despu\u00e9s de una lesi\u00f3n en todo tipo de propiedad, incluidas tiendas, edificios de oficinas, restaurantes, hoteles y complejos de apartamentos. Aquellos que poseen o administran propiedades tienen el deber de mantener la propiedad segura para otras personas que invitan o permiten en las instalaciones, particularmente cuando las personas est\u00e1n en la propiedad para el beneficio financiero del propietario, como los clientes en una tienda.<\/p>\n<p>La ley exige que los propietarios realicen mantenimiento y reparaciones regulares, implementen las medidas de seguridad necesarias y alerten a los clientes, visitantes y residentes sobre situaciones potencialmente peligrosas. Esto podr\u00eda ser tan simple como un letrero de \u00abpiso mojado\u00bb sobre baldosas reci\u00e9n fregadas.<\/p>\n<p>En algunas situaciones, los propietarios tienen el deber de realizar inspecciones peri\u00f3dicas para buscar problemas potenciales. Cuando los propietarios no cumplen con sus responsabilidades legales, usted puede y debe responsabilizarlos legalmente.<\/p>\n<h2>Reclamos Comunes De Responsabilidad De Locales En El DMV<\/h2>\n<p>Debido a que la negligencia del propietario ocurre de muchas formas, puede encontrar muchas circunstancias bajo las cuales puede presentar un reclamo por responsabilidad de locales. Aqu\u00ed hay una lista de algunas lesiones comunes por responsabilidad de locales y sus causas:<\/p>\n<ul>\n<li>Lesiones por resbalones y ca\u00eddas causadas por la falta de se\u00f1ales de advertencia.<span class=\"Apple-converted-space\">\u00a0<\/span><\/li>\n<li>Lesiones en escaleras, escaleras mec\u00e1nicas y ascensores causadas por un mal. mantenimiento Lesiones por ca\u00edda de escombros causadas por protocolos de seguridad descuidados.<\/li>\n<li>Lesiones por asalto causadas por la falta de medidas de seguridad adecuadas.<span class=\"Apple-converted-space\">\u00a0<\/span><\/li>\n<li>Lesiones cerebrales o muerte por negligencia causadas por piscinas sin cerca.<\/li>\n<li>Lesiones por ataque de animales causadas por un animal mal manejado, a menudo un perro.<\/li>\n<\/ul>\n<p>Es importante que la v\u00edctima recopile evidencia sobre la condici\u00f3n peligrosa que condujo a la lesi\u00f3n para que un abogado de responsabilidad de locales pueda demostrar que el propietario sab\u00eda o deber\u00eda haber sabido acerca de la condici\u00f3n pero no tom\u00f3 las medidas adecuadas para abordar el problema. Es igualmente importante consultar con un abogado antes de hacer cualquier declaraci\u00f3n a las compa\u00f1\u00edas de seguros para evitar decir o hacer algo que pueda poner en peligro su capacidad para recuperarse.<\/p>\n<h2>Compensaci\u00f3n En Casos De Responsabilidad De Locales<\/h2>\n<p>Un reclamante en un caso de responsabilidad de locales puede buscar una compensaci\u00f3n financiera por muchas consecuencias diferentes de las lesiones causadas por la negligencia del propietario. Esto incluye:<\/p>\n<ul>\n<li>Dolor f\u00edsico y sufrimiento.<span class=\"Apple-converted-space\">\u00a0<\/span><\/li>\n<li>Angustia mental y emocional.<\/li>\n<li>Salarios perdidos.<\/li>\n<li>Capacidad de generar ingresos perdida.<span class=\"Apple-converted-space\">\u00a0<\/span><\/li>\n<li>Costos m\u00e9dicos.<span class=\"Apple-converted-space\">\u00a0<\/span><\/li>\n<li>Necesidades m\u00e9dicas futuras.<\/li>\n<\/ul>\n<p>Si usted o un ser querido sufri\u00f3 lesiones en la propiedad de alguien m\u00e1s, es importante someterse a un examen m\u00e9dico completo lo antes posible porque algunas lesiones graves no son evidentes de inmediato.<\/p>\n<h2>Obtenga Ayuda De Un Abogado De Responsabilidad De Locales Que Preste Servicios En El \u00c1rea De Dc<\/h2>\n<p>El abogado de responsabilidad de locales Johnnie Bond y su equipo saben c\u00f3mo obtener para las v\u00edctimas la compensaci\u00f3n que merecen despu\u00e9s de una lesi\u00f3n por responsabilidad de locales. Como litigante calificado, Johnnie Bond tiene experiencia en la b\u00fasqueda de justicia en todo tipo de situaciones, ya sea que involucren equipos legales fuertemente financiados por grandes corporaciones o aseguradoras que representen a propietarios individuales.<\/p>\n<p>Lo respaldamos durante todo el proceso posterior a su lesi\u00f3n y podemos comunicarnos con las compa\u00f1\u00edas de seguros para ahorrarle estr\u00e9s y preocupaciones. Para una representaci\u00f3n en\u00e9rgica y diligente de su caso de responsabilidad de locales, llame a Johnnie Bond Law hoy mismo al <a href=\"tel:202-683-6803\">202-683-6803<\/a> o programe una <a href=\"https:\/\/johnniebondlaw.com\/contact-us\/\">consulta en l\u00ednea<\/a>.<\/p>\n","protected":false},"excerpt":{"rendered":"<p>Cuando usted es cliente o invitado en la propiedad de alguien m\u00e1s, es responsabilidad legal del propietario mantenerlo a salvo realizando esfuerzos razonables de mantenimiento, seguridad y protecci\u00f3n de la salud. Por ejemplo, si usted es inquilino, su arrendador debe reparar las escaleras rotas u otras condiciones peligrosas que podr\u00edan causarle un tropiezo y una&hellip;<\/p>\n","protected":false},"author":8,"featured_media":1139,"parent":0,"menu_order":0,"comment_status":"closed","ping_status":"closed","template":"","meta":{"inline_featured_image":false,"footnotes":""},"class_list":["post-9440","page","type-page","status-publish","has-post-thumbnail","hentry"],"_links":{"self":[{"href":"https:\/\/johnniebondlaw.com\/es\/wp-json\/wp\/v2\/pages\/9440","targetHints":{"allow":["GET"]}}],"collection":[{"href":"https:\/\/johnniebondlaw.com\/es\/wp-json\/wp\/v2\/pages"}],"about":[{"href":"https:\/\/johnniebondlaw.com\/es\/wp-json\/wp\/v2\/types\/page"}],"author":[{"embeddable":true,"href":"https:\/\/johnniebondlaw.com\/es\/wp-json\/wp\/v2\/users\/8"}],"replies":[{"embeddable":true,"href":"https:\/\/johnniebondlaw.com\/es\/wp-json\/wp\/v2\/comments?post=9440"}],"version-history":[{"count":0,"href":"https:\/\/johnniebondlaw.com\/es\/wp-json\/wp\/v2\/pages\/9440\/revisions"}],"wp:featuredmedia":[{"embeddable":true,"href":"https:\/\/johnniebondlaw.com\/es\/wp-json\/wp\/v2\/media\/1139"}],"wp:attachment":[{"href":"https:\/\/johnniebondlaw.com\/es\/wp-json\/wp\/v2\/media?parent=9440"}],"curies":[{"name":"wp","href":"https:\/\/api.w.org\/{rel}","templated":true}]}}