{"id":9437,"date":"2022-05-30T09:00:28","date_gmt":"2022-05-30T09:00:28","guid":{"rendered":"https:\/\/johnniebondlaw.com\/personal-injury\/"},"modified":"2024-07-15T03:00:01","modified_gmt":"2024-07-15T03:00:01","slug":"abogado-de-lesiones-personales-en-el-area-de-dmv","status":"publish","type":"page","link":"https:\/\/johnniebondlaw.com\/es\/abogado-de-lesiones-personales-en-el-area-de-dmv\/","title":{"rendered":"Abogado De Lesiones Personales En El \u00c1rea De DMV"},"content":{"rendered":"<p>Una lesi\u00f3n grave podr\u00eda dejarlo incapacitado para trabajar y tambi\u00e9n cargarlo con costosas facturas m\u00e9dicas, haci\u00e9ndole sentir como si estuviera atrapado en un pozo sin fondo.<\/p>\n<p>Sin embargo, si las acciones negligentes de una persona, empresa o entidad causaron su lesi\u00f3n, es probable que tenga derecho a una compensaci\u00f3n financiera. Nuestro abogado de lesiones personales en Johnnie Bond Law puede construir la escalera que lo saque del pozo.<\/p>\n<p>En nuestro bufete de abogados que presta servicios en el Distrito de Columbia y Maryland, nuestro equipo de Johnnie Bond Law se dedica a ayudar a los clientes en el DMV que han sufrido el comportamiento imprudente de otro. Protegeremos sus derechos y lucharemos para obtener una compensaci\u00f3n por sus da\u00f1os, como salarios perdidos, tratamientos m\u00e9dicos y dolor y sufrimiento.<\/p>\n<h2>Demandas Por Lesiones Personales En El DMV<\/h2>\n<p>La ley est\u00e1 de su lado si sufre p\u00e9rdidas debido a negligencia. La parte responsable debe pagar los da\u00f1os, pero se necesitan algunas condiciones para obtener una compensaci\u00f3n en un caso de lesiones personales, que incluyen:<\/p>\n<ul>\n<li><b>Deber de cuidado.<\/b> Todos tenemos un deber de cuidado hacia los dem\u00e1s, lo que significa que debemos actuar razonablemente para evitar da\u00f1ar a nadie. Algunos profesionales, como los m\u00e9dicos, tienen un deber legal hacia sus pacientes o clientes. La parte responsable debe tener un deber de cuidado hacia usted.<\/li>\n<li><b>Incumplimiento del deber de cuidado.<\/b> La parte responsable debe haber incumplido con su deber de cuidado al comportarse de manera negligente. Enviar mensajes de texto mientras conduce es un ejemplo de la falta de un conductor de cumplir con su deber de cuidado como automovilista.<\/li>\n<li><b>Causa de la lesi\u00f3n<\/b>. Debe demostrar que la persona, empresa o entidad contra la que est\u00e1 presentando una reclamaci\u00f3n tiene la culpa de su lesi\u00f3n y, por lo tanto, de sus p\u00e9rdidas.<\/li>\n<li><b>Da\u00f1os. <\/b>La parte responsable ser\u00e1 responsable de compensarlo por sus p\u00e9rdidas, como gastos m\u00e9dicos o salarios perdidos.<\/li>\n<\/ul>\n<p>Nuestro calificado equipo legal en Johnnie Bond Law puede ayudarlo a identificar la evidencia que necesita para satisfacer estas condiciones. \u00a1Ll\u00e1menos hoy para una consulta!<\/p>\n<h2>Tipos de da\u00f1os disponibles en una demanda por lesiones personales<\/h2>\n<p>Los tipos de da\u00f1os son diferentes para todas las demandas por lesiones personales, y el monto que adeuda la parte responsable depende de las circunstancias de su caso. Podemos ayudarlo a determinar si puede reclamar los siguientes da\u00f1os comunes a los casos de lesiones personales:<\/p>\n<ul>\n<li><b>Gastos m\u00e9dicos:<\/b> hospitalizaciones, cirug\u00edas, rehabilitaci\u00f3n, etc.<span class=\"Apple-converted-space\">\u00a0<\/span><\/li>\n<li><b>Ingresos perdidos:<\/b> salarios pasados \u200b\u200by futuros perdidos debido a su lesi\u00f3n o discapacidad <b>Dolor y sufrimiento: <\/b>angustia f\u00edsica y emocional por el accidente<span class=\"Apple-converted-space\">\u00a0<\/span><\/li>\n<li><b>Da\u00f1os punitivos:<\/b> una cantidad que la parte responsable debe pagar como castigo por comportamiento malicioso<\/li>\n<\/ul>\n<h2>C\u00f3mo Puede Ayudar Nuestro Abogado Experimentado En Lesiones Personales<\/h2>\n<p>Ya sea que necesite ayuda para negociar un acuerdo o un representante de confianza en la corte, nuestro abogado de lesiones personales en Johnnie Bond Law estar\u00e1 a su lado. Demostrar que la otra parte tiene toda la culpa es fundamental para obtener una compensaci\u00f3n en Maryland y Washington, D.C. Recopilaremos evidencia para su reclamo, que incluye:<\/p>\n<ul>\n<li>Informes de accidentes.<span class=\"Apple-converted-space\">\u00a0<\/span><\/li>\n<li>Fotos o videos del accidente y sus lesiones.<span class=\"Apple-converted-space\">\u00a0<\/span><\/li>\n<li>Documentaci\u00f3n m\u00e9dica y registros de gastos.<span class=\"Apple-converted-space\">\u00a0<\/span><\/li>\n<li>Documentos financieros como extractos bancarios y recibos de pago.<span class=\"Apple-converted-space\">\u00a0<\/span><\/li>\n<li>Testimonios de testigos y expertos.<\/li>\n<\/ul>\n<p>Si decide llegar a un acuerdo con la compa\u00f1\u00eda de seguros de la parte culpable en lugar de presentar una reclamaci\u00f3n, podr\u00eda perder la oportunidad de recibir el pago por sus p\u00e9rdidas. Las compa\u00f1\u00edas de seguros intentar\u00e1n culparlo parcialmente por el accidente para reducir la cantidad que deben o evitar pagar por completo.<\/p>\n<p>Nos aseguraremos de que cualquier oferta que reciba para llegar a un acuerdo sea la compensaci\u00f3n m\u00e1xima basada en sus p\u00e9rdidas. Si no podemos llegar a un acuerdo, perseguiremos en\u00e9rgicamente los da\u00f1os correspondientes en los tribunales.<\/p>\n<h2>Negligencia Contributiva En Maryland Y Washington, D.C.<\/h2>\n<p>Maryland y D.C. se encuentran entre las pocas jurisdicciones donde a\u00fan se aplica la negligencia contributiva. La ley establece que una v\u00edctima de lesiones personales no puede recibir ninguna compensaci\u00f3n si tiene aunque sea un 1% de culpa por el accidente. Trabajaremos incansablemente para demostrar que la parte negligente tiene el 100% de la culpa para obtener una compensaci\u00f3n por sus p\u00e9rdidas.<\/p>\n<h2>Estatuto De Limitaciones En Maryland Y Washington, D.C.<\/h2>\n<p>En Maryland y el Distrito, tiene tres a\u00f1os para presentar una demanda por una demanda por lesiones personales. Este estatuto de limitaciones tiene excepciones, incluidas las demandas por negligencia m\u00e9dica y las demandas contra entidades gubernamentales. Para obtener ayuda para determinar la fecha l\u00edmite para su reclamo, comun\u00edquese con nosotros en Johnnie Bond Law lo antes posible.<\/p>\n<h2>Contacte Al Abogado De Lesiones Personales Johnnie Bond Law Para Obtener Ayuda Con Su Reclamo<\/h2>\n<p>Si usted o un ser querido ha recibido una lesi\u00f3n grave en el DMV debido a las acciones negligentes de otro, cont\u00e1ctenos en Johnnie Bond Law. Somos un bufete de abogados de lesiones personales de confianza que lo ayudar\u00e1 durante su recuperaci\u00f3n y proteger\u00e1 sus derechos. Ll\u00e1menos al <a href=\"tel:202-683-6803\">202-683-6803<\/a> o contactenos en <a href=\"https:\/\/johnniebondlaw.com\/contact-us\/\">nuestra pagina<\/a> para programar una consulta gratuita.<\/p>\n<p><span class=\"Apple-converted-space\">\u00a0<\/span><\/p>\n","protected":false},"excerpt":{"rendered":"<p>Una lesi\u00f3n grave podr\u00eda dejarlo incapacitado para trabajar y tambi\u00e9n cargarlo con costosas facturas m\u00e9dicas, haci\u00e9ndole sentir como si estuviera atrapado en un pozo sin fondo. Sin embargo, si las acciones negligentes de una persona, empresa o entidad causaron su lesi\u00f3n, es probable que tenga derecho a una compensaci\u00f3n financiera. Nuestro abogado de lesiones personales&hellip;<\/p>\n","protected":false},"author":8,"featured_media":0,"parent":0,"menu_order":0,"comment_status":"closed","ping_status":"closed","template":"","meta":{"inline_featured_image":false,"footnotes":""},"class_list":["post-9437","page","type-page","status-publish","hentry"],"_links":{"self":[{"href":"https:\/\/johnniebondlaw.com\/es\/wp-json\/wp\/v2\/pages\/9437","targetHints":{"allow":["GET"]}}],"collection":[{"href":"https:\/\/johnniebondlaw.com\/es\/wp-json\/wp\/v2\/pages"}],"about":[{"href":"https:\/\/johnniebondlaw.com\/es\/wp-json\/wp\/v2\/types\/page"}],"author":[{"embeddable":true,"href":"https:\/\/johnniebondlaw.com\/es\/wp-json\/wp\/v2\/users\/8"}],"replies":[{"embeddable":true,"href":"https:\/\/johnniebondlaw.com\/es\/wp-json\/wp\/v2\/comments?post=9437"}],"version-history":[{"count":0,"href":"https:\/\/johnniebondlaw.com\/es\/wp-json\/wp\/v2\/pages\/9437\/revisions"}],"wp:attachment":[{"href":"https:\/\/johnniebondlaw.com\/es\/wp-json\/wp\/v2\/media?parent=9437"}],"curies":[{"name":"wp","href":"https:\/\/api.w.org\/{rel}","templated":true}]}}