{"id":9433,"date":"2022-06-03T06:38:41","date_gmt":"2022-06-03T06:38:41","guid":{"rendered":"https:\/\/johnniebondlaw.com\/pedestrian-accident-attorney-for-the-dmv\/"},"modified":"2024-07-15T02:57:55","modified_gmt":"2024-07-15T02:57:55","slug":"abogado-de-accidentes-peatones-para-el-dmv","status":"publish","type":"page","link":"https:\/\/johnniebondlaw.com\/es\/abogado-de-accidentes-peatones-para-el-dmv\/","title":{"rendered":"Abogado De Accidentes Peatones Para El DMV"},"content":{"rendered":"<p>Cuando camina por la acera o el cruce peatonal, espera que los automovilistas a su alrededor presten atenci\u00f3n y sigan las leyes de tr\u00e1nsito para mantenerlo a salvo. Desafortunadamente, las pr\u00e1cticas de conducci\u00f3n negligente causan accidentes de peatones por miles cada a\u00f1o en el \u00e1rea de DC.<\/p>\n<p>Si usted o un ser querido ha sido atropellado como peat\u00f3n, un abogado especializado en accidentes de peatones puede proteger sus derechos y luchar para garantizar que lo traten con justicia. El experimentado abogado de accidentes de DC, Johnnie Bond, y su equipo legal est\u00e1n listos para obtener una compensaci\u00f3n financiera completa por sus lesiones f\u00edsicas y emocionales.<\/p>\n<h2>Qu\u00e9 Saber Sobre Las Reclamaciones Por Accidentes De Peatones<\/h2>\n<p>Si se considera que usted tiene la culpa de causar el accidente, las reglas de negligencia contributiva en el DMV podr\u00edan prevenir o limitar su capacidad para recibir da\u00f1os. Eso hace que la recopilaci\u00f3n de evidencia sea especialmente cr\u00edtica en un caso de accidente peatonal. Necesita poder demostrar que estaba siguiendo las leyes de peatones y que el conductor no le cedi\u00f3 el paso.<\/p>\n<p>Si un automovilista lo atropell\u00f3 mientras cruzaba imprudentemente, por ejemplo, es posible que no sea elegible para una compensaci\u00f3n. Sin embargo, si puede demostrar que un automovilista lo atropell\u00f3 mientras estaba en el cruce de peatones y siguiendo las reglas, entonces puede tener derecho a una indemnizaci\u00f3n. La forma en que presente su caso puede marcar la diferencia.<\/p>\n<p>Es importante brindarle a su abogado de accidentes de peatones una descripci\u00f3n detallada de lo sucedido y comenzar a trabajar con un asesor legal desde el principio para que tengan las mejores oportunidades de construir un caso s\u00f3lido. Tambi\u00e9n necesitar\u00e1n tiempo suficiente para anticipar y contrarrestar las estrategias del equipo de defensa.<\/p>\n<h2>Advertencia Importante De Seguridad Para Peatones En El DMV<\/h2>\n<p>Incluso cuando usted observa todas las leyes de tr\u00e1nsito, eso no significa que todos los dem\u00e1s en la calle lo hagan. Los autos a menudo se saltan los sem\u00e1foros en rojo o transitan por los carriles incorrectos. Para protegerse a usted mismo y a sus seres queridos de lesiones graves, debe:<\/p>\n<ul>\n<li>Cruzar la calle solo por el paso peatonal.<\/li>\n<li>Esperar para cruzar hasta que la luz est\u00e9 verde Si no hay sem\u00e1foros, aseg\u00farese de que no haya tr\u00e1fico visible antes de cruzar.<span class=\"Apple-converted-space\">\u00a0<\/span><\/li>\n<li>No asuma que los autos se detendr\u00e1n por usted, incluso si se supone que deben ceder el paso. Mant\u00e9ngase alerta mientras cruza.<span class=\"Apple-converted-space\">\u00a0<\/span><\/li>\n<li>No env\u00ede mensajes de texto mientras camina ni escuche m\u00fasica con auriculares.<\/li>\n<li>Mire a su alrededor 360\u00b0 continuamente mientras cruza hasta llegar a la acera del otro lado.<span class=\"Apple-converted-space\">\u00a0<\/span><\/li>\n<li>Los conductores pueden venir de cualquier direcci\u00f3n, incluso en una calle de un solo sentido o de acceso restringido.<span class=\"Apple-converted-space\">\u00a0<\/span><\/li>\n<li>Los autom\u00f3viles y camiones tambi\u00e9n cruzan aceras con frecuencia.<span class=\"Apple-converted-space\">\u00a0<\/span><\/li>\n<li>Entrene a sus hijos sobre h\u00e1bitos de cruce seguro.<\/li>\n<\/ul>\n<p>Los conductores negligentes e imprudentes hacen que las calles sean muy peligrosas para los peatones. Debe estar atento a estos conductores y anticipar sus acciones para mantenerse a salvo. Saber que se supon\u00eda que un conductor le cediera el derecho de paso puede ser un peque\u00f1o consuelo cuando sufre el dolor de lesiones debilitantes. Puede responsabilizar a ese conductor y recibir una compensaci\u00f3n, pero es mejor evitar el accidente y las lesiones por completo.<\/p>\n<h2>Causas Frecuentes De Accidentes De Peatones En El \u00c1rea Metropolitana De DC<\/h2>\n<p>Los automovilistas negligentes causan una gran cantidad de accidentes de peatones en el \u00e1rea de DC, pero los peatones o terceros tambi\u00e9n pueden tener la culpa. A continuaci\u00f3n se presentan algunas causas comunes de accidentes de peatones:<\/p>\n<p>Conducci\u00f3n imprudente, descuidada o distra\u00edda Conducir bajo los efectos del alcohol No detenerse en las se\u00f1ales de stop, se\u00f1ales de alto y sem\u00e1foros Desviarse hacia el arc\u00e9n o la acera No encender las luces delanteras por la noche Conducci\u00f3n agresiva Exceso de velocidad<\/p>\n<p>Como defensa, un abogado puede argumentar que un peat\u00f3n que result\u00f3 lesionado en un accidente estaba haciendo algo para causar un riesgo innecesario, como caminar hacia la calle, enviar mensajes de texto mientras camina o cruzar contra la se\u00f1al en un paso de peatones. Su abogado trabajar\u00e1 para demostrar que sus acciones no fueron la causa del accidente.<\/p>\n<p>Si no est\u00e1 seguro de qui\u00e9n tiene la culpa en su caso, comun\u00edquese con un abogado de accidentes de peatones. Aqu\u00ed en Johnnie Bond Law, revisaremos su caso y lo ayudaremos a determinar si tiene una reclamaci\u00f3n de indemnizaci\u00f3n s\u00f3lida.<\/p>\n<h2>Lesiones Comunes Resultantes De Accidentes De Peatones<\/h2>\n<p>Los accidentes de peatones pueden causar lesiones catastr\u00f3ficas o incluso la muerte. Algunas lesiones comunes que resultan de accidentes de peatones incluyen:<\/p>\n<ul>\n<li>Golpes y laceraciones.<\/li>\n<li>Conmociones y traumatismos craneales.<\/li>\n<li>Lesiones cerebrales traum\u00e1ticas.<\/li>\n<li>Huesos rotos.<\/li>\n<li>Trauma en la cabeza, cuello y espalda.<\/li>\n<li>Lesiones internas.<\/li>\n<li>Lesiones de la m\u00e9dula espinal.<\/li>\n<\/ul>\n<p>Las v\u00edctimas pueden tener derecho a una compensaci\u00f3n por gastos m\u00e9dicos, salarios perdidos, necesidades futuras, dolor y sufrimiento, y otros efectos del accidente. Si usted o un ser querido sufri\u00f3 una lesi\u00f3n peatonal causada por un conductor negligente, busque asesoramiento legal y representaci\u00f3n de un abogado de accidentes de confianza lo antes posible despu\u00e9s del accidente para que puedan ayudarlo a recolectar evidencia mientras est\u00e9 fresca.<\/p>\n<h2>Preguntas Frecuentes Sobre Accidentes De Peatones<\/h2>\n<h3>\u00bfQu\u00e9 Sucede Si Un Auto Atropella A Un Peat\u00f3n?<\/h3>\n<p>Cuando el conductor de cualquier tipo de veh\u00edculo atropella a un peat\u00f3n, debe detenerse y proporcionar informaci\u00f3n de contacto a la persona que atropell\u00f3. Si hay lesiones, deben permanecer en el lugar hasta que llegue la polic\u00eda y tome un informe. Desafortunadamente, los conductores a menudo huyen de la escena. Esto puede dejarlos expuestos a sanciones penales por atropello y fuga, adem\u00e1s de cualquier responsabilidad civil por las lesiones. Si el conductor se va sin proporcionar informaci\u00f3n de contacto, trate de tomar nota de cualquier detalle sobre el veh\u00edculo y ubique a testigos que puedan recordar informaci\u00f3n sobre el veh\u00edculo o el conductor.<\/p>\n<p>El peat\u00f3n debe someterse a un examen m\u00e9dico completo, incluso si no nota lesiones obvias. Un m\u00e9dico puede detectar lesiones ocultas como hemorragias internas o traumatismos craneales. Si el accidente causa lesiones, es una buena idea que el peat\u00f3n consulte con un abogado lo antes posible.<\/p>\n<h3>\u00bfQui\u00e9n Es Responsable Cuando Un Auto Atropella A Un Peat\u00f3n?<\/h3>\n<p>En muchos casos, el conductor del veh\u00edculo puede ser considerado responsable del accidente. Otras veces, si las acciones de un tercero obligaron al conductor a actuar de una manera que caus\u00f3 la colisi\u00f3n, esa persona ser\u00eda parcial o totalmente responsable. Por ejemplo, si un conductor retrocede por un camino de entrada sin mirar y un autom\u00f3vil se sale del camino de ese conductor y atropella a un peat\u00f3n, el conductor que retrocede ser\u00eda el culpable.<\/p>\n<p>Si un peat\u00f3n tiene parte de la culpa por la causa del accidente, la regla de negligencia contributiva le impedir\u00eda recuperar una compensaci\u00f3n en Maryland y Virginia, pero las reglas de DC permitir\u00edan la recuperaci\u00f3n siempre que las acciones del peat\u00f3n representen menos del 50% de la culpa.<\/p>\n<h3>Los Peatones No Siempre Tienen El Derecho De Paso En DMV<\/h3>\n<p>Mucha gente cree que los peatones siempre tienen el derecho de paso, pero eso no es cierto en DC, Maryland o Virginia. Los peatones s\u00ed tienen el derecho de paso en los cruces peatonales, incluso si no est\u00e1n marcados. Entonces, cuando un peat\u00f3n cruza en una intersecci\u00f3n, se espera que los conductores les cedan el paso.<\/p>\n<p>Sin embargo, si un peat\u00f3n cruza la calle en otro lugar que no sea un cruce peatonal, se espera que ceda el paso a los veh\u00edculos que se aproximan. Del mismo modo, los peatones tienen el derecho de paso en las aceras, pero si eligen caminar por la calle en su lugar, no tienen el derecho de paso.<\/p>\n<h3>\u00bfD\u00f3nde Ocurren Algunos Lugares Comunes De Accidentes De Peatones?<\/h3>\n<p>Como era de esperar, las \u00e1reas con m\u00e1s tr\u00e1fico de peatones y veh\u00edculos tambi\u00e9n son los sitios de m\u00e1s accidentes de peatones. Debido a que muchos peatones cruzan las calles en intersecciones donde se supone que est\u00e1n protegidos por la ley, esos tambi\u00e9n son un lugar com\u00fan de accidentes.<\/p>\n<p>Si no tengo seguro m\u00e9dico, \u00bfpuedo obtener ayuda m\u00e9dica despu\u00e9s de un accidente peatonal?<\/p>\n<p>Usted merece atenci\u00f3n m\u00e9dica despu\u00e9s de un accidente peatonal. Tiene derecho a la atenci\u00f3n y un examen r\u00e1pido proporcionar\u00e1 evidencia de sus lesiones. Si no tiene seguro m\u00e9dico, su abogado de lesiones personales podr\u00eda ayudarlo a recuperar una compensaci\u00f3n para cubrir las facturas.<\/p>\n<h3>\u00bfPuede Un Peat\u00f3n Ser Responsable En Un Accidente Automovil\u00edstico?<\/h3>\n<p>Si las acciones de un peat\u00f3n son la causa de un accidente automovil\u00edstico, pueden ser considerados responsables del accidente. Es esencial reunir evidencia sobre la causa de cualquier accidente para establecer la responsabilidad. Si las acciones del peat\u00f3n fueron solo parte de la causa de un accidente en DC, a\u00fan podr\u00edan recuperar una compensaci\u00f3n por el porcentaje de culpa de otros.<\/p>\n<h2>Para Contactar A Un Abogado De Accidentes De Peatones Que Atiende A Dmv:<\/h2>\n<p>Si necesita un abogado de accidentes de peatones en el \u00e1rea de DC que defienda sus derechos, puede confiar en el equipo de Johnnie Bond Law. Brindamos a las v\u00edctimas de accidentes de peatones y sus familias una representaci\u00f3n knowledgeable y emp\u00e1tica para cubrir todas las necesidades de lesiones personales. Lo acompa\u00f1aremos durante todo el proceso, desde el manejo de las compa\u00f1\u00edas de seguros hasta llevar su caso a juicio.<\/p>\n<p>El tiempo posterior a un accidente es dif\u00edcil, pero no tiene que enfrentarlo solo. Podemos ayudarlo a luchar por una compensaci\u00f3n financiera para cubrir sus p\u00e9rdidas, incluido el tiempo dedicado al dolor f\u00edsico o emocional. Llame a Johnnie Bond Law hoy mismo para una consulta gratuita al <a href=\"tel:202-683-6803\">202-683-6803<\/a> o utilice nuestro formulario de <a href=\"https:\/\/johnniebondlaw.com\/contact-us\/\">contacto en l\u00ednea<\/a>.<\/p>\n","protected":false},"excerpt":{"rendered":"<p>Cuando camina por la acera o el cruce peatonal, espera que los automovilistas a su alrededor presten atenci\u00f3n y sigan las leyes de tr\u00e1nsito para mantenerlo a salvo. Desafortunadamente, las pr\u00e1cticas de conducci\u00f3n negligente causan accidentes de peatones por miles cada a\u00f1o en el \u00e1rea de DC. Si usted o un ser querido ha sido&hellip;<\/p>\n","protected":false},"author":8,"featured_media":1138,"parent":0,"menu_order":0,"comment_status":"closed","ping_status":"closed","template":"","meta":{"inline_featured_image":false,"footnotes":""},"class_list":["post-9433","page","type-page","status-publish","has-post-thumbnail","hentry"],"_links":{"self":[{"href":"https:\/\/johnniebondlaw.com\/es\/wp-json\/wp\/v2\/pages\/9433","targetHints":{"allow":["GET"]}}],"collection":[{"href":"https:\/\/johnniebondlaw.com\/es\/wp-json\/wp\/v2\/pages"}],"about":[{"href":"https:\/\/johnniebondlaw.com\/es\/wp-json\/wp\/v2\/types\/page"}],"author":[{"embeddable":true,"href":"https:\/\/johnniebondlaw.com\/es\/wp-json\/wp\/v2\/users\/8"}],"replies":[{"embeddable":true,"href":"https:\/\/johnniebondlaw.com\/es\/wp-json\/wp\/v2\/comments?post=9433"}],"version-history":[{"count":0,"href":"https:\/\/johnniebondlaw.com\/es\/wp-json\/wp\/v2\/pages\/9433\/revisions"}],"wp:featuredmedia":[{"embeddable":true,"href":"https:\/\/johnniebondlaw.com\/es\/wp-json\/wp\/v2\/media\/1138"}],"wp:attachment":[{"href":"https:\/\/johnniebondlaw.com\/es\/wp-json\/wp\/v2\/media?parent=9433"}],"curies":[{"name":"wp","href":"https:\/\/api.w.org\/{rel}","templated":true}]}}