{"id":9360,"date":"2022-06-03T06:43:03","date_gmt":"2022-06-03T06:43:03","guid":{"rendered":"https:\/\/johnniebondlaw.com\/assault-and-battery-lawyer\/"},"modified":"2024-06-12T04:32:31","modified_gmt":"2024-06-12T04:32:31","slug":"abogado-de-agresion-y-lesiones","status":"publish","type":"page","link":"https:\/\/johnniebondlaw.com\/es\/abogado-de-agresion-y-lesiones\/","title":{"rendered":"Abogado De Agresi\u00f3n Y Lesiones"},"content":{"rendered":"<p>Es probable que sepa que puede buscar una compensaci\u00f3n tras una lesi\u00f3n causada por la negligencia de otra persona, pero tambi\u00e9n puede buscar da\u00f1os y perjuicios si un atacante le lesiona intencionalmente. Un fiscal puede acusar a su atacante de agresi\u00f3n, pero \u00bfqu\u00e9 pasa con la b\u00fasqueda de una compensaci\u00f3n por sus lesiones o salarios perdidos? Ya sea que quiera presentar un reclamo contra su atacante u otra parte responsable, permita que el abogado de agresiones y lesiones Johnnie Bond le ayude.<\/p>\n<h2>Cargos por Agresi\u00f3n y Lesiones en el DMV<span class=\"Apple-converted-space\">\u00a0<\/span><\/h2>\n<p>La ley del DMV agrupa la agresi\u00f3n y las lesiones bajo dos grados de cargos. El estado define la agresi\u00f3n como el acto o la amenaza de violencia contra otra persona. Una persona puede ser acusada de agresi\u00f3n por causar da\u00f1o f\u00edsico o hacer amenazas da\u00f1inas u ofensivas.<\/p>\n<h2>Cargos por Delito de Primer Grado<span class=\"Apple-converted-space\">\u00a0<\/span><\/h2>\n<p>Los cargos de agresi\u00f3n de primer grado resultan cuando un atacante causa (o intenta causar) una lesi\u00f3n f\u00edsica grave o usa un arma de fuego en un ataque. Si usan un arma, el atacante puede enfrentar un cargo de agresi\u00f3n de primer grado incluso sin disparar el arma.<\/p>\n<h2>Cargos por Delito Menor de Segundo Grado<span class=\"Apple-converted-space\">\u00a0<\/span><\/h2>\n<p>Cuando un ataque no califica para un cargo de primer grado, el atacante enfrenta cargos de agresi\u00f3n de segundo grado, tambi\u00e9n conocidos como agresi\u00f3n simple.<\/p>\n<h2>Tipos de Agresi\u00f3n<span class=\"Apple-converted-space\">\u00a0<\/span><\/h2>\n<p>La agresi\u00f3n toma muchas formas. Si usted o un ser querido ha experimentado alguna de las siguientes situaciones, considere buscar una compensaci\u00f3n con la ayuda de un abogado de agresiones y lesiones:<\/p>\n<ul>\n<li>Agresi\u00f3n dom\u00e9stica<\/li>\n<li>Agresi\u00f3n sexual<\/li>\n<li>Peleas p\u00fablicas<\/li>\n<li>Asaltos<\/li>\n<li>Agresi\u00f3n criminal<\/li>\n<\/ul>\n<p>Recuerde que la agresi\u00f3n no es solo un delito cometido por extra\u00f1os. Puede ser agredido por conocidos, amigos e incluso familiares.<\/p>\n<h2>Responsabilidad en Casos de Agresi\u00f3n y Lesiones<span class=\"Apple-converted-space\">\u00a0<\/span><\/h2>\n<p>Si usted o un ser querido es v\u00edctima de agresi\u00f3n, considere presentar un reclamo contra el atacante y cualquier otra parte responsable. Los propietarios tienen un deber de cuidado hacia cualquier persona en su propiedad bajo la ley de responsabilidad de locales. Por ejemplo, si su ataque result\u00f3 de una falta de iluminaci\u00f3n adecuada, el propietario de la propiedad puede ser responsable.<\/p>\n<p>Otras circunstancias en las que puede presentar un reclamo contra un propietario incluyen:<\/p>\n<ul>\n<li>Personal de seguridad insuficiente o c\u00e1maras de vigilancia<\/li>\n<li>Incapacidad para prevenir actos violentos previsibles por parte de los empleados<\/li>\n<li>Incapacidad para prevenir actos violentos previsibles por parte de terceros<\/li>\n<\/ul>\n<p>Si no est\u00e1 seguro de la responsabilidad en su caso, hable con un profesional del derecho.<\/p>\n<h2>Situaciones Comunes de Agresi\u00f3n y Lesiones<span class=\"Apple-converted-space\">\u00a0<\/span><\/h2>\n<p>Ciertos lugares y eventos parecen cultivar la violencia. Las agresiones ocurren principalmente en lugares con una gran cantidad de personas, incluidos:<\/p>\n<ul>\n<li>Clubes nocturnos<\/li>\n<li>Conciertos<\/li>\n<li>Casinos<\/li>\n<li>Lugares de entretenimiento<\/li>\n<\/ul>\n<p>Tiene derecho a estar seguro cuando asiste a eventos y visita este tipo de lugares.<\/p>\n<h2>Compensaci\u00f3n en Casos de Agresi\u00f3n y Lesiones<span class=\"Apple-converted-space\">\u00a0<\/span><\/h2>\n<p>Presentar un reclamo contra las partes responsables le permite buscar una compensaci\u00f3n por sus lesiones y sus efectos en su vida. Los da\u00f1os perseguibles incluyen:<\/p>\n<ul>\n<li>Dolor f\u00edsico<\/li>\n<li>Sufrimiento psicol\u00f3gico<\/li>\n<li>Salarios perdidos y potencial de ganancias<\/li>\n<li>Discapacidad o desfiguraci\u00f3n<\/li>\n<li>P\u00e9rdida de calidad de vida<\/li>\n<\/ul>\n<p>Busque ayuda de un abogado de agresiones y lesiones para construir un reclamo s\u00f3lido.<\/p>\n<h2>Abogado de Agresiones y Lesiones en el DMV<span class=\"Apple-converted-space\">\u00a0<\/span><\/h2>\n<p>Los profesionales legales en Johnnie Bond Law quieren ayudarle a buscar una compensaci\u00f3n en su caso de agresi\u00f3n. Trabajamos sobre una base de honorarios de contingencia, lo que significa que solo cobramos honorarios si logramos un resultado favorable en su caso.<\/p>\n<p>Cont\u00e1ctenos en l\u00ednea o ll\u00e1menos al <a href=\"tel:202-683-6803\">202-683-6803<\/a> para programar una consulta gratuita. Manejar\u00e9mos su reclamo con la empat\u00eda y dedicaci\u00f3n que espera de un abogado profesional de agresiones y lesiones.<\/p>\n","protected":false},"excerpt":{"rendered":"<p>Es probable que sepa que puede buscar una compensaci\u00f3n tras una lesi\u00f3n causada por la negligencia de otra persona, pero tambi\u00e9n puede buscar da\u00f1os y perjuicios si un atacante le lesiona intencionalmente. Un fiscal puede acusar a su atacante de agresi\u00f3n, pero \u00bfqu\u00e9 pasa con la b\u00fasqueda de una compensaci\u00f3n por sus lesiones o salarios&hellip;<\/p>\n","protected":false},"author":8,"featured_media":1142,"parent":0,"menu_order":0,"comment_status":"closed","ping_status":"closed","template":"","meta":{"inline_featured_image":false,"footnotes":""},"class_list":["post-9360","page","type-page","status-publish","has-post-thumbnail","hentry"],"_links":{"self":[{"href":"https:\/\/johnniebondlaw.com\/es\/wp-json\/wp\/v2\/pages\/9360","targetHints":{"allow":["GET"]}}],"collection":[{"href":"https:\/\/johnniebondlaw.com\/es\/wp-json\/wp\/v2\/pages"}],"about":[{"href":"https:\/\/johnniebondlaw.com\/es\/wp-json\/wp\/v2\/types\/page"}],"author":[{"embeddable":true,"href":"https:\/\/johnniebondlaw.com\/es\/wp-json\/wp\/v2\/users\/8"}],"replies":[{"embeddable":true,"href":"https:\/\/johnniebondlaw.com\/es\/wp-json\/wp\/v2\/comments?post=9360"}],"version-history":[{"count":0,"href":"https:\/\/johnniebondlaw.com\/es\/wp-json\/wp\/v2\/pages\/9360\/revisions"}],"wp:featuredmedia":[{"embeddable":true,"href":"https:\/\/johnniebondlaw.com\/es\/wp-json\/wp\/v2\/media\/1142"}],"wp:attachment":[{"href":"https:\/\/johnniebondlaw.com\/es\/wp-json\/wp\/v2\/media?parent=9360"}],"curies":[{"name":"wp","href":"https:\/\/api.w.org\/{rel}","templated":true}]}}