{"id":9356,"date":"2022-06-03T06:44:14","date_gmt":"2022-06-03T06:44:14","guid":{"rendered":"https:\/\/johnniebondlaw.com\/automobile-accident-attorney-for-the-dmv\/"},"modified":"2024-06-12T04:29:06","modified_gmt":"2024-06-12T04:29:06","slug":"abogado-de-accidentes-de-automoviles-para-el-dmv","status":"publish","type":"page","link":"https:\/\/johnniebondlaw.com\/es\/abogado-de-accidentes-de-automoviles-para-el-dmv\/","title":{"rendered":"Abogado De Accidentes De Autom\u00f3viles Para El DMV"},"content":{"rendered":"<p>El tiempo justo despu\u00e9s de un accidente automovil\u00edstico es ca\u00f3tico, con un gran estr\u00e9s emocional y, a menudo, lesiones f\u00edsicas graves. Si usted o un ser querido ha estado en un accidente automovil\u00edstico, permita que un abogado de accidentes automovil\u00edsticos de DC lo ayude durante este momento dif\u00edcil.<\/p>\n<p>Un defensor legal experimentado puede manejar las preguntas de los investigadores y las compa\u00f1\u00edas de seguros y explicar su situaci\u00f3n a los acreedores mientras usted se concentra en recuperar su salud y su vida. En Johnnie Bond Law, comprendemos las dificultades que enfrenta y estamos listos para apoyarlo y luchar por una compensaci\u00f3n justa para compensar sus p\u00e9rdidas y prepararlo para el futuro.<\/p>\n<h2>Reclamos por Accidentes de Autom\u00f3viles a Trav\u00e9s del Seguro<\/h2>\n<p>Si su accidente es culpa de otro conductor, deber\u00e1 tratar con su compa\u00f1\u00eda de seguros y la del otro conductor. Es posible que una compa\u00f1\u00eda de seguros le ofrezca un arreglo justo por su reclamo.<\/p>\n<p>Sin embargo, el seguro es un negocio, por lo que las ofertas iniciales de liquidaci\u00f3n generalmente brindan mucho menos de lo que tiene derecho a recibir una v\u00edctima. Un abogado experto en accidentes automovil\u00edsticos de DC puede evaluar las circunstancias y determinar un valor aproximado del reclamo basado en precedentes legales. Esto le brinda una pauta para evaluar la idoneidad de cualquier oferta de conciliaci\u00f3n que reciba.<\/p>\n<p>Una vez que una aseguradora haya visto que tiene evidencia para respaldar un reclamo en la corte, es m\u00e1s probable que resuelva un reclamo por un monto justo. Deber\u00eda recibir lo suficiente para cubrir sus gastos m\u00e9dicos y salarios perdidos, satisfacer sus necesidades m\u00e9dicas futuras y compensarlo por el dolor y el sufrimiento que ha soportado.<\/p>\n<h2>Causas Comunes de Accidentes Automovil\u00edsticos en el \u00c1rea de DC<\/h2>\n<p>Los accidentes automovil\u00edsticos pueden ser resultado del mal tiempo, carreteras en mal estado o emergencias m\u00e9dicas, pero los conductores negligentes son a menudo la causa m\u00e1s obvia. Algunas razones comunes de accidentes automovil\u00edsticos causados por otros conductores incluyen:<\/p>\n<ul>\n<li>Conducir distra\u00eddo o descuidado (como usar un tel\u00e9fono celular)<\/li>\n<li>Conducci\u00f3n agresiva o imprudente (incluyendo furia al volante)<\/li>\n<li>Distracciones de pasajeros<\/li>\n<li>Exceso de velocidad<\/li>\n<li>Deterioro por drogas o alcohol<\/li>\n<\/ul>\n<p>Si otro conductor es responsable de un accidente que le caus\u00f3 lesiones graves, no espere para comunicarse con un abogado de accidentes automovil\u00edsticos. Las lesiones graves pueden resultar incluso de colisiones a baja velocidad, y los s\u00edntomas pueden no ser evidentes hasta d\u00edas despu\u00e9s del accidente. Som\u00e9tase a un examen m\u00e9dico completo y deje que sus defensores en Johnnie Bond Law se encarguen de las compa\u00f1\u00edas de seguros para que pueda concentrarse en cuidarse a s\u00ed mismo.<\/p>\n<h2>Qu\u00e9 Debe Hacer (y Qu\u00e9 No Debe Hacer) Despu\u00e9s de un Accidente Automovil\u00edstico<\/h2>\n<p>Aqu\u00ed hay una lista de verificaci\u00f3n de las cosas que debe hacer directamente despu\u00e9s de un accidente, si es posible:<\/p>\n<ul>\n<li>Comun\u00edquese con la polic\u00eda de inmediato<\/li>\n<li>Alerte al personal de emergencias sobre cualquier lesi\u00f3n a usted o a otros<\/li>\n<li>No se disculpe ni diga nada que pueda tomarse como una admisi\u00f3n de culpa (la compa\u00f1\u00eda de seguros u otro conductor pueden usar esto en su contra m\u00e1s adelante)<\/li>\n<li>Recopile el nombre del otro conductor, n\u00famero de tel\u00e9fono, n\u00famero de licencia de conducir, placa y la informaci\u00f3n del seguro<\/li>\n<li>Recopile los nombres y n\u00fameros de tel\u00e9fono de los testigos<\/li>\n<li>Tome fotos del lugar del accidente, incluidos todos los veh\u00edculos involucrados, si puede<\/li>\n<li>No abandone el \u00e1rea hasta que la polic\u00eda haya hecho un informe<\/li>\n<li>Som\u00e9tase a un examen m\u00e9dico completo para determinar la extensi\u00f3n de cualquier lesi\u00f3n<\/li>\n<li>Busque atenci\u00f3n m\u00e9dica por cualquier dolor, incluso d\u00edas despu\u00e9s del accidente automovil\u00edstico<\/li>\n<\/ul>\n<p>Si no puede tomar fotos en ese momento debido a sus lesiones, env\u00ede a alguien al lugar para tomar fotograf\u00edas de la escena del accidente y los veh\u00edculos involucrados. Preste mucha atenci\u00f3n a las marcas de derrape y los signos de da\u00f1o.<\/p>\n<h2>Consulte a un Abogado de Accidentes Automovil\u00edsticos con Experiencia en Reclamos en el \u00c1rea Metropolitana de DC<\/h2>\n<p>Puede confiar en Johnnie Bond Law para manejar su reclamo por accidente automovil\u00edstico con cortes\u00eda y profesionalismo. Nuestro bufete de abogados tiene el conocimiento y la experiencia necesarios para lograr que las aseguradoras proporcionen una compensaci\u00f3n adecuada por sus lesiones, ya sea a trav\u00e9s de un acuerdo o un litigio. P\u00f3ngase en contacto a trav\u00e9s de nuestro formulario de contacto en l\u00ednea o ll\u00e1menos al <a href=\"tel:202-683-6803\">202-683-6803<\/a> para programar una consulta gratuita.<\/p>\n<h2>Preguntas Frecuentes Sobre Accidentes Automovil\u00edsticos<\/h2>\n<h3>\u00bfCu\u00e1nto tiempo tiene para conseguir un abogado despu\u00e9s de un accidente automovil\u00edstico?<\/h3>\n<p>Las leyes del DMV no establecen un l\u00edmite para contratar a un abogado, pero s\u00ed para presentar una demanda por lesiones derivadas de un accidente automovil\u00edstico. En DC y Maryland, tiene tres a\u00f1os para preparar y presentar su reclamo. En Virginia, solo tiene dos a\u00f1os. Por lo tanto, debe trabajar con su abogado mucho antes de esa fecha l\u00edmite para lograr el \u00e9xito con su reclamo.<\/p>\n<h3>\u00bfCu\u00e1ndo Debe Contratar a un Abogado por un Accidente Automovil\u00edstico?<\/h3>\n<p>Cuanto antes contrate a un abogado, m\u00e1s asistencia podr\u00e1 recibir. Un asesor legal puede ser \u00fatil en los primeros momentos despu\u00e9s de un accidente y continuar ayud\u00e1ndolo mucho despu\u00e9s.<\/p>\n<ul>\n<li>Su abogado puede hablar con los investigadores y las compa\u00f1\u00edas de seguros en su nombre para que usted no tenga que lidiar con ellos ni preocuparse por decir algo que pueda poner en peligro su caso.<\/li>\n<li>Su abogado puede brindarle asesoramiento y ayudarlo a recopilar evidencia reciente para demostrar la responsabilidad y as\u00ed pueda recibir una compensaci\u00f3n.<\/li>\n<li>Su abogado puede ayudarlo a encontrar los m\u00e9dicos adecuados para que reciba el tratamiento que necesita para recuperarse.<\/li>\n<\/ul>\n<p>Un abogado con experiencia en accidentes automovil\u00edsticos puede ayudarlo de muchas maneras, por lo que tiene sentido contratar a uno lo antes posible despu\u00e9s de su accidente. Adem\u00e1s, gracias al sistema de honorarios contingentes, no le costar\u00e1 m\u00e1s contratar a un abogado.<\/p>\n<h3>\u00bfCu\u00e1nto Cuesta Contratar a un Abogado por un Accidente Automovil\u00edstico?<\/h3>\n<p>Los abogados de accidentes automovil\u00edsticos en el DMV generalmente trabajan con el sistema de honorarios contingentes. Reciben un pago basado en un porcentaje de la compensaci\u00f3n recuperada en el caso. Eso significa que usted no paga nada por adelantado para contratar a un abogado, y su abogado generalmente pagar\u00e1 los honorarios legales y los costos en su nombre. Si gana, su abogado tomar\u00e1 un reembolso por los honorarios y cobrar\u00e1 el porcentaje acordado del dinero del laudo.<\/p>\n<p>Debido a que los honorarios se basan en su recuperaci\u00f3n, usted no paga m\u00e1s en funci\u00f3n de la cantidad de tiempo que su abogado le brinde asistencia, y su abogado est\u00e1 motivado a trabajar arduamente en su nombre. Si su abogado no recupera una compensaci\u00f3n por usted, tampoco recibir\u00e1 nada.<\/p>\n<h3>\u00bfDeber\u00eda Contratar a un Abogado por un Accidente Automovil\u00edstico que No Fue Mi Culpa?<\/h3>\n<p>Es particularmente importante contratar a un abogado para proteger sus derechos cuando usted no tiene la culpa de causar un accidente. La compa\u00f1\u00eda de seguros del conductor culpable puede ofrecerle un acuerdo r\u00e1pidamente, pero la cantidad que ofrecen suele ser mucho menor que el valor real de su reclamo y es posible que no sea suficiente para cubrir sus gastos y necesidades futuras, sin mencionar el dolor y el sufrimiento que ha padecido. Un abogado trabajar\u00e1 para obtener la cantidad total a la que tiene derecho.<\/p>\n<h3>\u00bfCu\u00e1nto Tiempo Se Demora en Resolver un Caso de Accidente Automovil\u00edstico?<\/h3>\n<p>Cada caso es diferente. En general, antes de que podamos llegar a un acuerdo, debemos asegurarnos de que haya alcanzado su nivel m\u00e1ximo de recuperaci\u00f3n. Luego podemos establecer el valor de su reclamo. Si la compa\u00f1\u00eda de seguros acepta pagar un acuerdo justo, el proceso puede concluir r\u00e1pidamente. De lo contrario, continuamos negociando y presentando evidencia hasta que lleguemos a un acuerdo justo o llevemos el caso a un juez. Puede tomar algunos meses o un tiempo considerablemente m\u00e1s largo.<\/p>\n<h3>\u00bfEst\u00e1 Bien Hablar con la Compa\u00f1\u00eda de Seguros del Otro Conductor?<\/h3>\n<p>Nunca es una buena idea hablar con la compa\u00f1\u00eda de seguros del otro conductor. Ellos buscar\u00e1n cualquier excusa para denegar el pago del reclamo y podr\u00edan enga\u00f1arlo para que diga algo que perjudique su caso. Es mejor que su abogado se comunique con ellos en su nombre.<\/p>\n<h3>\u00bfPuedo Demandar al Otro Conductor por Causar el Accidente?<\/h3>\n<p>Si usted o su equipo legal recopilan evidencia para demostrar c\u00f3mo otro conductor caus\u00f3 el accidente, entonces puede presentar una demanda contra ese conductor. Tambi\u00e9n puede solicitar una compensaci\u00f3n a cualquier otra parte que haya podido contribuir a la causa del accidente.<\/p>\n<h3>\u00bfQu\u00e9 Tipo de Da\u00f1os Puedo Buscar Recuperar?<\/h3>\n<p>Puede solicitar da\u00f1os tanto econ\u00f3micos como no econ\u00f3micos. Los da\u00f1os econ\u00f3micos incluyen p\u00e9rdidas monetarias tales como gastos m\u00e9dicos, costos de atenci\u00f3n m\u00e9dica futura, salarios perdidos debido al tiempo fuera del trabajo y disminuci\u00f3n de ingresos futuros. Los da\u00f1os no econ\u00f3micos cubren p\u00e9rdidas como dolor, sufrimiento, angustia mental, p\u00e9rdida de disfrute e inconvenientes. A menudo, el valor de las p\u00e9rdidas intangibles representa la mayor parte de un reclamo por da\u00f1os.<\/p>\n","protected":false},"excerpt":{"rendered":"<p>El tiempo justo despu\u00e9s de un accidente automovil\u00edstico es ca\u00f3tico, con un gran estr\u00e9s emocional y, a menudo, lesiones f\u00edsicas graves. Si usted o un ser querido ha estado en un accidente automovil\u00edstico, permita que un abogado de accidentes automovil\u00edsticos de DC lo ayude durante este momento dif\u00edcil. Un defensor legal experimentado puede manejar las&hellip;<\/p>\n","protected":false},"author":8,"featured_media":1129,"parent":0,"menu_order":0,"comment_status":"closed","ping_status":"closed","template":"","meta":{"inline_featured_image":false,"footnotes":""},"class_list":["post-9356","page","type-page","status-publish","has-post-thumbnail","hentry"],"_links":{"self":[{"href":"https:\/\/johnniebondlaw.com\/es\/wp-json\/wp\/v2\/pages\/9356","targetHints":{"allow":["GET"]}}],"collection":[{"href":"https:\/\/johnniebondlaw.com\/es\/wp-json\/wp\/v2\/pages"}],"about":[{"href":"https:\/\/johnniebondlaw.com\/es\/wp-json\/wp\/v2\/types\/page"}],"author":[{"embeddable":true,"href":"https:\/\/johnniebondlaw.com\/es\/wp-json\/wp\/v2\/users\/8"}],"replies":[{"embeddable":true,"href":"https:\/\/johnniebondlaw.com\/es\/wp-json\/wp\/v2\/comments?post=9356"}],"version-history":[{"count":0,"href":"https:\/\/johnniebondlaw.com\/es\/wp-json\/wp\/v2\/pages\/9356\/revisions"}],"wp:featuredmedia":[{"embeddable":true,"href":"https:\/\/johnniebondlaw.com\/es\/wp-json\/wp\/v2\/media\/1129"}],"wp:attachment":[{"href":"https:\/\/johnniebondlaw.com\/es\/wp-json\/wp\/v2\/media?parent=9356"}],"curies":[{"name":"wp","href":"https:\/\/api.w.org\/{rel}","templated":true}]}}