{"id":9351,"date":"2022-06-08T07:15:15","date_gmt":"2022-06-08T07:15:15","guid":{"rendered":"https:\/\/johnniebondlaw.com\/bicycle-accidents-lawyer-in-the-dmv\/"},"modified":"2024-06-12T04:27:00","modified_gmt":"2024-06-12T04:27:00","slug":"abogado-de-accidentes-de-bicicleta-en-el-dmv","status":"publish","type":"page","link":"https:\/\/johnniebondlaw.com\/es\/abogado-de-accidentes-de-bicicleta-en-el-dmv\/","title":{"rendered":"Abogado De Accidentes De Bicicleta En El DMV"},"content":{"rendered":"<p>Con el aumento de la congesti\u00f3n en el \u00e1rea metropolitana de DC y sus alrededores y una expansi\u00f3n en los carriles bici accesibles, cada vez m\u00e1s personas eligen ir en bicicleta en lugar de conducir. Si bien esto es excelente para su salud, el medio ambiente y las carreteras, tambi\u00e9n significa un mayor riesgo de que los ciclistas sean atropellados por conductores negligentes.<\/p>\n<p>En Johnnie Bond Law, entendemos lo devastador que puede ser un accidente de bicicleta tanto f\u00edsica como emocionalmente. Estamos listos para representar sus intereses y construir el caso m\u00e1s s\u00f3lido para ayudarlo a recuperar una compensaci\u00f3n completa y justa. Aunque cada caso es \u00fanico, ofrecemos informaci\u00f3n b\u00e1sica sobre las causas m\u00e1s comunes de accidentes de ciclismo, las lesiones que reportan los ciclistas y los tipos de compensaci\u00f3n que podr\u00eda recibir como v\u00edctima.<\/p>\n<h2>\u00bfCu\u00e1les son las causas m\u00e1s comunes de accidentes de bicicleta?<\/h2>\n<p>Un accidente de bicicleta puede ocurrir en cualquier momento y por cualquier motivo. Dicho esto, algunas de las causas m\u00e1s comunes de accidentes de bicicleta en DC y Maryland incluyen:<\/p>\n<ul>\n<li>Exceso de velocidad: Cuando los automovilistas aceleran, el tiempo que tienen para reaccionar a cualquier cambio en la carretera disminuye dr\u00e1sticamente a medida que aumenta la velocidad. El exceso de velocidad tambi\u00e9n multiplica la posibilidad de lesiones catastr\u00f3ficas para un ciclista.<\/li>\n<li>Conducir distra\u00eddo: Si bien los tel\u00e9fonos inteligentes han revolucionado la forma en que nos comunicamos y hacemos negocios, tambi\u00e9n son una causa importante de accidentes de bicicleta, ya que la atenci\u00f3n de los automovilistas se centra en sus dispositivos en lugar de en sus obligaciones de conducci\u00f3n.<\/li>\n<li>Cambios de carril o giros inseguros: Cuando un conductor cambia de carril o gira sin antes verificar si hay bicicletas, corre el riesgo de sacar a los ciclistas de la carretera, chocar con ellos o incluso atropellarlos.<\/li>\n<li>Carriles estrechos: Los conductores que no dan suficiente espacio a los ciclistas en la carretera no solo son imprudentes. Sus acciones pueden y suelen provocar colisiones, lesiones y muerte.<\/li>\n<\/ul>\n<p>Si bien podr\u00eda pensar que las carreteras son el lugar m\u00e1s peligroso para un ciclista, los riesgos aumentan en \u00e1reas confinadas como entradas de veh\u00edculos, garajes y estacionamientos.<\/p>\n<h2>\u00bfCu\u00e1les son algunas lesiones comunes por accidentes de bicicleta?<\/h2>\n<p>Lo que podr\u00eda ser un accidente menor para alguien en un autom\u00f3vil podr\u00eda convertirse f\u00e1cilmente en catastr\u00f3fico para un ciclista. Sin la protecci\u00f3n y las medidas de seguridad de un autom\u00f3vil, y muchas veces solo con un casco como protecci\u00f3n, los ciclistas pueden sufrir:<\/p>\n<ul>\n<li>Raspaduras en la carretera<\/li>\n<li>Articulaciones lesionadas<\/li>\n<li>Desgarros de m\u00fasculos, tendones y ligamentos<\/li>\n<li>Huesos rotos<\/li>\n<li>TEC o lesiones cerebrales traum\u00e1ticas<\/li>\n<li>Latigazo cervical<\/li>\n<li>Par\u00e1lisis temporal o permanente<\/li>\n<li>Lesiones internas, incluidos \u00f3rganos da\u00f1ados y hemorragia interna<\/li>\n<\/ul>\n<p>En algunos casos desafortunados, las lesiones pueden incluso ser lo suficientemente graves como para causar la muerte.<\/p>\n<h2>\u00bfA qu\u00e9 tipo de compensaci\u00f3n podr\u00eda tener derecho?<\/h2>\n<p>Si ha sufrido una lesi\u00f3n en un accidente de bicicleta, es posible que tenga derecho a una compensaci\u00f3n. Sin embargo, para recuperar los da\u00f1os, primero debe establecer la responsabilidad del accidente.<\/p>\n<p>Maryland tiene leyes que permiten a los ciclistas lesionados solicitar da\u00f1os compensatorios. Dichos da\u00f1os ayudan a restablecer a la parte lesionada a su estado anterior antes de que ocurriera la lesi\u00f3n, o lo m\u00e1s cerca posible de \u00e9l. Estos da\u00f1os pueden incluir:<\/p>\n<ul>\n<li>Costos de reparaci\u00f3n<\/li>\n<li>\u00bfSu bicicleta o propiedad result\u00f3 da\u00f1ada en el accidente? Si es as\u00ed, podr\u00eda obtener una compensaci\u00f3n para recuperar esos costos.<\/li>\n<li>Salarios perdidos<\/li>\n<li>Una parte lesionada puede recibir una compensaci\u00f3n tanto por los salarios perdidos como por la capacidad de ganar dinero perdida. Si ha tenido que faltar al trabajo debido a lesiones sufridas durante un accidente de bicicleta, este tipo de compensaci\u00f3n podr\u00eda aplicarse a usted.<\/li>\n<li>Gastos m\u00e9dicos Los ciclistas lesionados pueden obtener una compensaci\u00f3n por los gastos m\u00e9dicos inmediatos posteriores al accidente y los gastos futuros relacionados con el accidente, como cirug\u00edas o fisioterapia.<\/li>\n<\/ul>\n<p>Junto con estos da\u00f1os econ\u00f3micos, tambi\u00e9n podr\u00eda recibir una compensaci\u00f3n por da\u00f1os no econ\u00f3micos como angustia emocional, p\u00e9rdida de consorcio, p\u00e9rdida del disfrute de la vida y dolor y sufrimiento.<\/p>\n<h2>\u00bfNecesito un abogado de accidentes de bicicleta?<\/h2>\n<p>Lamentablemente, es muy com\u00fan que las compa\u00f1\u00edas de seguros intenten pelear o retrasar el pago a los ciclistas lesionados. Suelen ofrecer una suma mucho menor de lo que vale realmente la reclamaci\u00f3n. Si ha sido v\u00edctima de un accidente de bicicleta, es fundamental que busque los servicios de un abogado calificado.<\/p>\n<p>Un buen abogado trabajar\u00e1 arduamente para construir su caso, responsabilizar a las compa\u00f1\u00edas de seguros y obtener una compensaci\u00f3n completa y justa para usted.<\/p>\n<h2>Johnnie Bond Law puede ayudarlo si ha sufrido un accidente de bicicleta en el DMV<\/h2>\n<p>Ya sea que est\u00e9 lidiando con una lesi\u00f3n menor o complicaciones graves y facturas m\u00e9dicas elevadas como resultado de un accidente de ciclismo, nuestro equipo calificado y dedicado est\u00e1 aqu\u00ed para ayudarlo. Si necesita un bufete de abogados especializado en accidentes de bicicleta en el \u00e1rea de DC, cont\u00e1ctenos en Johnnie Bond Law al 202-683-6803 para obtener una consulta gratuita.<\/p>\n<h2>Preguntas Frecuentes Sobre Accidentes Automovil\u00edsticos que Involucran Bicicletas<\/h2>\n<h3>\u00bfTiene que reportar un accidente con un ciclista?<\/h3>\n<p>Informar un accidente a la polic\u00eda nunca es una mala idea, ya que proporciona evidencia del incidente. Si alguien resulta herido, los socorristas pueden ayudar con el tratamiento y recomendar un examen m\u00e1s completo que pueda detectar lesiones ocultas.<\/p>\n<p>Si un accidente en DC causa lesiones o al menos $250 en da\u00f1os, el accidente debe informarse a la polic\u00eda de inmediato. Los involucrados deben esperar a que la polic\u00eda llegue al lugar y prepare un informe. La ley de Maryland exige que cualquier accidente con lesiones se informe a la polic\u00eda o la Administraci\u00f3n de Veh\u00edculos Motorizados dentro de los 15 d\u00edas. Si el choque con lesiones ocurre en Virginia, la ley tambi\u00e9n exige que se informe. Si la polic\u00eda no llega al lugar, usted debe presentar un informe del accidente y una solicitud de informaci\u00f3n al Departamento de Veh\u00edculos Motorizados.<\/p>\n<p>Tambi\u00e9n es aconsejable que los conductores de cualquier veh\u00edculo motorizado involucrado reporten el accidente a sus compa\u00f1\u00edas de seguros lo antes posible. Si se presenta una reclamaci\u00f3n y el conductor no ha informado el accidente, la compa\u00f1\u00eda de seguros podr\u00eda negarse a pagar por lesiones o da\u00f1os, lo que podr\u00eda dejar al conductor como responsable.<\/p>\n<h3>\u00bfEl seguro de auto cubre los accidentes de bicicleta?<\/h3>\n<p>Si la parte culpable conduc\u00eda un veh\u00edculo motorizado cubierto por un seguro, esa compa\u00f1\u00eda de seguros deber\u00eda pagar las lesiones y los da\u00f1os resultantes del accidente. Si un ciclista sufre lesiones cuando alguien en un veh\u00edculo estacionado abre una puerta en el camino del ciclista, el seguro tambi\u00e9n debe cubrir las lesiones. Sin embargo, si un ciclista resulta lesionado en una colisi\u00f3n que claramente fue culpa del ciclista, como por ejemplo, si conduc\u00eda bajo los efectos del alcohol y choc\u00f3 contra un veh\u00edculo desocupado, entonces la compa\u00f1\u00eda de seguros podr\u00eda no cubrir el accidente.<\/p>\n<h3>\u00bfCu\u00e1nto tiempo tengo para presentar una demanda?<\/h3>\n<p>Si resulta lesionado en una colisi\u00f3n que involucra una bicicleta o un veh\u00edculo motorizado, debe preparar y presentar su reclamo dentro de los tres a\u00f1os posteriores al accidente si ocurri\u00f3 en Maryland o DC. Si el accidente ocurri\u00f3 en Virginia, debe presentar la demanda dentro de los dos a\u00f1os. Sin embargo, le conviene comenzar a trabajar con un abogado lo antes posible, mucho antes de la fecha l\u00edmite para presentar un reclamo. Cuanto antes consulte a un abogado, m\u00e1s asistencia podr\u00e1 brindarle. Su abogado puede ayudarlo a asegurarse de recibir la atenci\u00f3n m\u00e9dica adecuada, manejar las preguntas de las compa\u00f1\u00edas de seguros y recolectar y preservar evidencia para respaldar su reclamo. La mejor evidencia solo est\u00e1 disponible inmediatamente despu\u00e9s del accidente, por lo que cuanto antes se comunique con un abogado, mejor.<\/p>\n","protected":false},"excerpt":{"rendered":"<p>Con el aumento de la congesti\u00f3n en el \u00e1rea metropolitana de DC y sus alrededores y una expansi\u00f3n en los carriles bici accesibles, cada vez m\u00e1s personas eligen ir en bicicleta en lugar de conducir. Si bien esto es excelente para su salud, el medio ambiente y las carreteras, tambi\u00e9n significa un mayor riesgo de&hellip;<\/p>\n","protected":false},"author":8,"featured_media":0,"parent":0,"menu_order":0,"comment_status":"closed","ping_status":"closed","template":"","meta":{"inline_featured_image":false,"footnotes":""},"class_list":["post-9351","page","type-page","status-publish","hentry"],"_links":{"self":[{"href":"https:\/\/johnniebondlaw.com\/es\/wp-json\/wp\/v2\/pages\/9351","targetHints":{"allow":["GET"]}}],"collection":[{"href":"https:\/\/johnniebondlaw.com\/es\/wp-json\/wp\/v2\/pages"}],"about":[{"href":"https:\/\/johnniebondlaw.com\/es\/wp-json\/wp\/v2\/types\/page"}],"author":[{"embeddable":true,"href":"https:\/\/johnniebondlaw.com\/es\/wp-json\/wp\/v2\/users\/8"}],"replies":[{"embeddable":true,"href":"https:\/\/johnniebondlaw.com\/es\/wp-json\/wp\/v2\/comments?post=9351"}],"version-history":[{"count":0,"href":"https:\/\/johnniebondlaw.com\/es\/wp-json\/wp\/v2\/pages\/9351\/revisions"}],"wp:attachment":[{"href":"https:\/\/johnniebondlaw.com\/es\/wp-json\/wp\/v2\/media?parent=9351"}],"curies":[{"name":"wp","href":"https:\/\/api.w.org\/{rel}","templated":true}]}}