{"id":9348,"date":"2022-06-01T16:55:38","date_gmt":"2022-06-01T16:55:38","guid":{"rendered":"https:\/\/johnniebondlaw.com\/birth-injury\/"},"modified":"2024-06-12T04:25:05","modified_gmt":"2024-06-12T04:25:05","slug":"lesiones-de-nacimiento","status":"publish","type":"page","link":"https:\/\/johnniebondlaw.com\/es\/lesiones-de-nacimiento\/","title":{"rendered":"Lesiones De Nacimiento"},"content":{"rendered":"<p>Los profesionales m\u00e9dicos tienen la confianza de realizar procedimientos delicados, intrincados y, a menudo, salvavidas en nuestro nombre. Cuando se realizan de manera adecuada y con la precisi\u00f3n necesaria para obtener resultados exitosos, estamos encantados de proporcionar la compensaci\u00f3n bien merecida. A\u00f1os despu\u00e9s de un procedimiento bien realizado, ofrecemos elogios a los buenos m\u00e9dicos que acompa\u00f1aron a nuestros familiares durante las pruebas a las que se enfrentaron durante las incertidumbres m\u00e9dicas. Pero cuando un profesional m\u00e9dico abusa de sus obligaciones y se desempe\u00f1a de manera deficiente, negligente o de cualquier otra manera, se debe hacer algo por el da\u00f1o causado por la atenci\u00f3n deficiente recibida.<\/p>\n<p>En Johnnie Bond Law, estamos dedicados a acompa\u00f1arlo a usted y a su familia en algunos de los momentos m\u00e1s dif\u00edciles de su vida. Es un trabajo al que estamos comprometidos para que usted y su hijo puedan encontrar el resultado justo despu\u00e9s de soportar las dificultades de la mala conducta de un m\u00e9dico.<\/p>\n<p>Atendemos una variedad de situaciones que involucran:<\/p>\n<ul>\n<li>Lesiones cerebrales<\/li>\n<li>Par\u00e1lisis cerebral<\/li>\n<li>Ces\u00e1rea (ces\u00e1rea)<\/li>\n<li>Enfriamiento de la cabeza<\/li>\n<li>Encefalopat\u00eda hip\u00f3xico-isqu\u00e9mica (HIE)<\/li>\n<li>Inducci\u00f3n \/ Pitocin<\/li>\n<li>Accidente cerebrovascular y lesiones de nacimiento<\/li>\n<li>Convulsiones y lesiones de nacimiento<\/li>\n<\/ul>\n<p>Si cree que su hijo sufri\u00f3 una lesi\u00f3n de nacimiento, comun\u00edquese con nuestro equipo legal capacitado y bondadoso. Lo ayudaremos a enfrentar la batalla legal mientras se concentra en las necesidades de su familia y cuida su bienestar. Tener un abogado de su lado es bueno; tener al abogado adecuado de su lado es lo mejor. El abogado Johnnie Bond tiene experiencia, es agresivo en la sala del tribunal pero compasivo con sus clientes. Ser\u00eda un honor para \u00e9l unirse a usted y su familia en esta batalla por sus derechos. El primer paso es contactarnos. A partir de ah\u00ed, podemos programar una reuni\u00f3n, podemos hablar sobre los problemas que tiene, podemos brindarle informaci\u00f3n, pero quiz\u00e1s lo m\u00e1s importante, podemos escuchar.<\/p>\n<h2>Nuestro Equipo Dedicado<\/h2>\n<p>Nos asociamos con un bufete de abogados reconocido a nivel nacional que ha ganado cientos de millones de d\u00f3lares para familias que han sufrido lesiones de nacimiento. Nuestros recursos combinados con esta firma de renombre, dan como resultado un equipo de colaboraci\u00f3n de abogados, consultores m\u00e9dicos y varios otros expertos que luchan juntos por usted cuando su energ\u00eda est\u00e1 baja. Luchamos fervientemente contra hospitales y compa\u00f1\u00edas de seguros para que usted y su hijo tengan una voz a tener en cuenta frente a esta gran industria.<\/p>\n<h2>Abogado de Lesiones de Nacimiento en Washington, DC<\/h2>\n<p>Si cree que la condici\u00f3n o enfermedad de su hijo fue el resultado de la mala atenci\u00f3n de un m\u00e9dico, comun\u00edquese con nuestro equipo legal capacitado y compasivo. Puede confiar en nosotros para que coloquemos la necesidad de justicia de su familia en la cima de nuestras prioridades.<\/p>\n<p>Johnnie Bond Law puede ayudarlo a usted y a su familia durante este momento tan dif\u00edcil. Permitirle que concentre su tiempo y energ\u00eda en cuidar y mantener a su familia es un principio central de nuestro enfoque. Con oficinas convenientemente ubicadas en Washington, DC, los miembros del equipo de Johnnie Bond Law est\u00e1n a su disposici\u00f3n. Creemos que podemos proporcionarle un recurso valioso para su caso.<\/p>\n<p>Llame hoy al <a href=\"tel:(202) 683-6803\">(202) 683-6803<\/a> para hablar con un miembro del equipo, programar una <a href=\"https:\/\/johnniebondlaw.com\/es\/contacto\/\">consulta gratuita<\/a> y discutir sus inquietudes con personas que pueden ayudarlo.<\/p>\n","protected":false},"excerpt":{"rendered":"<p>Los profesionales m\u00e9dicos tienen la confianza de realizar procedimientos delicados, intrincados y, a menudo, salvavidas en nuestro nombre. Cuando se realizan de manera adecuada y con la precisi\u00f3n necesaria para obtener resultados exitosos, estamos encantados de proporcionar la compensaci\u00f3n bien merecida. A\u00f1os despu\u00e9s de un procedimiento bien realizado, ofrecemos elogios a los buenos m\u00e9dicos que&hellip;<\/p>\n","protected":false},"author":8,"featured_media":1141,"parent":0,"menu_order":0,"comment_status":"closed","ping_status":"closed","template":"","meta":{"inline_featured_image":false,"footnotes":""},"class_list":["post-9348","page","type-page","status-publish","has-post-thumbnail","hentry"],"_links":{"self":[{"href":"https:\/\/johnniebondlaw.com\/es\/wp-json\/wp\/v2\/pages\/9348","targetHints":{"allow":["GET"]}}],"collection":[{"href":"https:\/\/johnniebondlaw.com\/es\/wp-json\/wp\/v2\/pages"}],"about":[{"href":"https:\/\/johnniebondlaw.com\/es\/wp-json\/wp\/v2\/types\/page"}],"author":[{"embeddable":true,"href":"https:\/\/johnniebondlaw.com\/es\/wp-json\/wp\/v2\/users\/8"}],"replies":[{"embeddable":true,"href":"https:\/\/johnniebondlaw.com\/es\/wp-json\/wp\/v2\/comments?post=9348"}],"version-history":[{"count":0,"href":"https:\/\/johnniebondlaw.com\/es\/wp-json\/wp\/v2\/pages\/9348\/revisions"}],"wp:featuredmedia":[{"embeddable":true,"href":"https:\/\/johnniebondlaw.com\/es\/wp-json\/wp\/v2\/media\/1141"}],"wp:attachment":[{"href":"https:\/\/johnniebondlaw.com\/es\/wp-json\/wp\/v2\/media?parent=9348"}],"curies":[{"name":"wp","href":"https:\/\/api.w.org\/{rel}","templated":true}]}}