{"id":9344,"date":"2022-06-08T07:13:49","date_gmt":"2022-06-08T07:13:49","guid":{"rendered":"https:\/\/johnniebondlaw.com\/skilled-motorcycle-accidents-lawyer-in-washington-dc-and-maryland\/"},"modified":"2024-06-12T04:22:59","modified_gmt":"2024-06-12T04:22:59","slug":"abogado-experto-en-accidentes-de-motocicleta-en-washington-dc-y-maryland","status":"publish","type":"page","link":"https:\/\/johnniebondlaw.com\/es\/abogado-experto-en-accidentes-de-motocicleta-en-washington-dc-y-maryland\/","title":{"rendered":"Abogado Experto En Accidentes De Motocicleta En Washington Dc Y Maryland"},"content":{"rendered":"<p>Los accidentes de motocicleta pueden ser particularmente devastadores. Los motociclistas a menudo son sorprendidos por conductores que siguen adelante, sin darse cuenta de las horribles lesiones que acaban de causar.<\/p>\n<p>Sin las caracter\u00edsticas de seguridad de la mayor\u00eda de los veh\u00edculos, incluso los motociclistas experimentados con equipo completo pueden sufrir lesiones permanentes o fatales debido a la conducci\u00f3n imprudente de otro conductor. De hecho, despu\u00e9s de la mayor\u00eda de los accidentes de motocicleta, los motociclistas quedan tan gravemente heridos que no pueden tomar las medidas necesarias para proteger su futuro, y sus seres queridos deben dar un paso al frente y actuar en su nombre.<\/p>\n<p>En Johnnie Bond Law, comprendemos las lesiones catastr\u00f3ficas que resultan de los accidentes de motocicleta. Tambi\u00e9n sabemos que los motociclistas lesionados a menudo no est\u00e1n en condiciones de recolectar evidencia para presentar una reclamaci\u00f3n por da\u00f1os y perjuicios. Es posible que ni siquiera recuerden el accidente. Estamos preparados para ayudar a las familias de todas las formas posibles para garantizar que reciban una compensaci\u00f3n justa por las p\u00e9rdidas sufridas como resultado de las lesiones o la muerte injusta de un motociclista.<\/p>\n<p>Podemos revisar su reclamo, buscar evidencia para demostrar responsabilidad, responder preguntas y negociar con otras partes en su nombre. Su familia puede concentrarse en sanar y reconstruir sus vidas mientras nosotros nos enfocamos en responsabilizar a las partes responsables para que pueda recibir una compensaci\u00f3n completa y justa.<\/p>\n<h2>Accidentes de Motocicleta en el DMV<\/h2>\n<p>Las motocicletas son m\u00e1s peque\u00f1as que otros veh\u00edculos de motor en la carretera, lo que las hace m\u00e1s dif\u00edciles de ver al girar o cambiar de carril. Cuando otro conductor est\u00e1 distra\u00eddo, intoxicado o demasiado cansado para notar a un motociclista, puede provocar un terrible accidente.<\/p>\n<p>Las causas comunes de accidentes de motocicleta incluyen:<\/p>\n<ul>\n<li>Conducir distra\u00eddo<\/li>\n<li>Exceso de velocidad<\/li>\n<li>No revisar el punto ciego<\/li>\n<li>Giro o cambio de carril inseguro<\/li>\n<li>Residuos en la carretera<\/li>\n<\/ul>\n<p>Cuando usted o un ser querido ha sufrido un accidente, es esencial buscar asistencia legal lo antes posible. Los abogados expertos en accidentes de motocicleta actuar\u00e1n r\u00e1pidamente para garantizar que tome las medidas necesarias para proteger su derecho a la recuperaci\u00f3n.<\/p>\n<h2>Compensaci\u00f3n por Accidentes de Motocicleta en el DMV<\/h2>\n<p>Desafortunadamente, los motociclistas lesionados a menudo luchan por recibir una compensaci\u00f3n despu\u00e9s de un accidente. Las aseguradoras intentar\u00e1n encontrar evidencia de que el motociclista podr\u00eda ser culpable. Podr\u00edan alegar que el motociclista iba a exceso de velocidad o se divid\u00eda carriles y que su comportamiento fue la causa del accidente.<\/p>\n<p>Las leyes de Maryland, DC y Virginia con respecto a la negligencia contributiva pueden facilitar que las compa\u00f1\u00edas de seguros eviten indemnizar a la v\u00edctima. Si pueden convencer al tribunal de que el motociclista tiene incluso una peque\u00f1a culpa por el accidente, no tendr\u00e1n que pagar. Es por eso que es crucial trabajar con un abogado con experiencia en accidentes de motocicleta lo antes posible despu\u00e9s de un accidente para que su abogado pueda recolectar la mejor evidencia disponible y manejar las preguntas de las compa\u00f1\u00edas de seguros e investigadores.<\/p>\n<p>Entendemos c\u00f3mo refutar cualquier insinuaci\u00f3n de negligencia contributiva. Sabemos c\u00f3mo tratar con grandes compa\u00f1\u00edas de seguros y c\u00f3mo negociar para recibir un trato justo. Las aseguradoras intentar\u00e1n llegar a un acuerdo por la menor cantidad posible, pero lucharemos por una compensaci\u00f3n para cubrir todas las p\u00e9rdidas sufridas por su familia.<\/p>\n<p>La compensaci\u00f3n podr\u00eda estar disponible para:<\/p>\n<ul>\n<li>Gastos m\u00e9dicos asociados con el tratamiento y la recuperaci\u00f3n<\/li>\n<li>Salarios perdidos por lesiones<\/li>\n<li>Dolor y sufrimiento<\/li>\n<li>Angustia emocional<\/li>\n<li>Gastos de cuidador<\/li>\n<li>P\u00e9rdida de consorcio<\/li>\n<\/ul>\n<p>De todos los accidentes automovil\u00edsticos, las lesiones por accidentes de motocicleta se encuentran entre las peores. El tratamiento y la atenci\u00f3n pueden costar una cantidad astron\u00f3mica, y el motociclista podr\u00eda necesitar atenci\u00f3n m\u00e9dica de por vida y enfrentar discapacidades permanentes. Estos gastos se producen en un momento en que el motociclista no puede trabajar debido a las lesiones, y es posible que los seres queridos tengan que dejar de trabajar para brindar atenci\u00f3n.<\/p>\n<p>La orientaci\u00f3n y la asistencia de un abogado especializado en lesiones son muy importantes en este momento cr\u00edtico. El equipo de Johnnie Bond Law utilizar\u00e1 nuestros conocimientos y experiencia para ayudarlo a obtener la compensaci\u00f3n que se merece.<\/p>\n<h2>Responsabilidad por Accidentes de Motocicleta en el DMV<\/h2>\n<p>Las partes potencialmente responsables en un caso de accidente de motocicleta pueden incluir:<\/p>\n<ul>\n<li>El conductor del otro veh\u00edculo<\/li>\n<li>Una agencia gubernamental<\/li>\n<li>Un fabricante de veh\u00edculos<\/li>\n<li>Una empresa de reparaci\u00f3n<\/li>\n<li>Alguien que cre\u00f3 una condici\u00f3n peligrosa en la carretera<\/li>\n<\/ul>\n<p>Cuando el otro conductor en el choque operaba un veh\u00edculo comercial, usted puede emprender acciones legales contra el empleador.<\/p>\n<p>Si la motocicleta fue el \u00fanico veh\u00edculo involucrado en el accidente, a\u00fan podr\u00eda tener un reclamo de compensaci\u00f3n leg\u00edtimo si una condici\u00f3n peligrosa caus\u00f3 el accidente. Por ejemplo, si la ciudad ha descuidado la reparaci\u00f3n de una carretera en mal estado y esto caus\u00f3 el choque, el gobierno municipal podr\u00eda tener que pagar por los da\u00f1os resultantes del accidente.<\/p>\n<p>O si la motocicleta funcion\u00f3 mal debido a un defecto de fabricaci\u00f3n y caus\u00f3 que el motociclista chocara contra un \u00e1rbol o barandal, usted podr\u00eda recuperar una compensaci\u00f3n del fabricante de la motocicleta o del componente defectuoso. Si las reparaciones defectuosas causaron el mal funcionamiento, entonces el taller de reparaci\u00f3n podr\u00eda ser considerado responsable. Podemos llevar a cabo una investigaci\u00f3n exhaustiva para determinar la causa del accidente y las partes que podr\u00edan ser consideradas legalmente responsables.<\/p>\n<h2>Preguntas Frecuentes Sobre Accidentes de Motocicleta<\/h2>\n<h3>\u00bfDeber\u00eda contratar a un abogado por un accidente de motocicleta?<\/h3>\n<p>Es una buena idea hablar con un abogado de accidentes de motocicleta lo antes posible si resulta lesionado en un accidente. Un abogado puede ayudarlo a recolectar evidencia para demostrar qui\u00e9n tuvo la culpa de causar el accidente. Adem\u00e1s, un abogado puede manejar preguntas de investigadores y compa\u00f1\u00edas de seguros y evitar que diga inadvertidamente algo que pueda usarse en su contra para negar la responsabilidad.<\/p>\n<p>Un abogado con experiencia que haya ayudado a otros a lo largo del proceso podr\u00eda garantizar que reciba atenci\u00f3n m\u00e9dica completa y luchar para proteger sus derechos durante todo el proceso. Tener un defensor dedicado de su lado hace que toda la experiencia sea m\u00e1s manejable, y puede relajarse sabiendo que alguien siempre est\u00e1 velando por sus mejores intereses.<\/p>\n<h3>\u00bfCu\u00e1nto tiempo dura una demanda por accidente de motocicleta?<\/h3>\n<p>Muchos reclamos por accidentes de motocicleta en el DMV se resuelven en un plazo de 12 meses. Si la parte responsable o su compa\u00f1\u00eda de seguros se niega a ofrecer una compensaci\u00f3n razonable y tenemos que llevar el caso a un juicio completo, entonces generalmente tomar\u00e1 m\u00e1s tiempo para resolverse.<\/p>\n<h3>\u00bfCu\u00e1ndo debe contactar a un abogado despu\u00e9s de un accidente de motocicleta?<\/h3>\n<p>Nunca es demasiado pronto para consultar a un abogado despu\u00e9s de un accidente. Cuanto antes comience su abogado a trabajar en su caso, m\u00e1s oportunidades tendr\u00e1 de recolectar evidencia para respaldar su reclamo.<\/p>\n<p>Para recibir una compensaci\u00f3n, debe preparar y presentar su reclamo dentro de los dos a\u00f1os si el accidente ocurri\u00f3 en Virginia y tres a\u00f1os si el accidente ocurri\u00f3 en DC o Maryland. Esperar tanto tiempo para contactar a un abogado podr\u00eda ser demasiado tarde.<\/p>\n<h3>\u00bfDebo usar casco mientras conduzco mi motocicleta?<\/h3>\n<p>Todos los conductores y pasajeros en el DMV deben usar un casco homologado mientras conducen una motocicleta en la v\u00eda p\u00fablica.<\/p>\n<h3>\u00bfSi no llevaba casco, a\u00fan puedo recuperar los da\u00f1os?<\/h3>\n<p>Si bien el uso del casco es obligatorio, el hecho de no usarlo no impide que un motociclista lesionado recupere los da\u00f1os por un accidente de motocicleta en el DMV. En algunos casos, si un juez determinara que las lesiones hubieran sido menos graves con un casco, entonces no usar casco podr\u00eda reducir la cantidad recuperada despu\u00e9s de un accidente.<\/p>\n<h3>\u00bfQu\u00e9 da\u00f1os puedo cobrar por un accidente de motocicleta?<\/h3>\n<p>Si resulta lesionado en un accidente de motocicleta, podr\u00eda recibir da\u00f1os para cubrir todas sus p\u00e9rdidas derivadas del accidente. Esto incluye p\u00e9rdidas tangibles como:<\/p>\n<ul>\n<li>Gastos m\u00e9dicos<\/li>\n<li>Salarios perdidos debido al tiempo de ausencia en el trabajo<\/li>\n<li>Reducci\u00f3n de ingresos futuros<\/li>\n<li>Necesidades m\u00e9dicas futuras<\/li>\n<\/ul>\n<p>Adem\u00e1s, puede recibir una compensaci\u00f3n por efectos intangibles que no tienen un equivalente monetario directo. Esto incluye factores como dolor, sufrimiento, angustia emocional y p\u00e9rdida del disfrute de la vida. A menudo, estos factores tienen un impacto tan tremendo en su vida que constituyen la mayor parte de su compensaci\u00f3n financiera.<\/p>\n","protected":false},"excerpt":{"rendered":"<p>Los accidentes de motocicleta pueden ser particularmente devastadores. Los motociclistas a menudo son sorprendidos por conductores que siguen adelante, sin darse cuenta de las horribles lesiones que acaban de causar. Sin las caracter\u00edsticas de seguridad de la mayor\u00eda de los veh\u00edculos, incluso los motociclistas experimentados con equipo completo pueden sufrir lesiones permanentes o fatales debido&hellip;<\/p>\n","protected":false},"author":8,"featured_media":0,"parent":0,"menu_order":0,"comment_status":"closed","ping_status":"closed","template":"","meta":{"inline_featured_image":false,"footnotes":""},"class_list":["post-9344","page","type-page","status-publish","hentry"],"_links":{"self":[{"href":"https:\/\/johnniebondlaw.com\/es\/wp-json\/wp\/v2\/pages\/9344","targetHints":{"allow":["GET"]}}],"collection":[{"href":"https:\/\/johnniebondlaw.com\/es\/wp-json\/wp\/v2\/pages"}],"about":[{"href":"https:\/\/johnniebondlaw.com\/es\/wp-json\/wp\/v2\/types\/page"}],"author":[{"embeddable":true,"href":"https:\/\/johnniebondlaw.com\/es\/wp-json\/wp\/v2\/users\/8"}],"replies":[{"embeddable":true,"href":"https:\/\/johnniebondlaw.com\/es\/wp-json\/wp\/v2\/comments?post=9344"}],"version-history":[{"count":0,"href":"https:\/\/johnniebondlaw.com\/es\/wp-json\/wp\/v2\/pages\/9344\/revisions"}],"wp:attachment":[{"href":"https:\/\/johnniebondlaw.com\/es\/wp-json\/wp\/v2\/media?parent=9344"}],"curies":[{"name":"wp","href":"https:\/\/api.w.org\/{rel}","templated":true}]}}