{"id":1254,"date":"2022-05-30T09:00:54","date_gmt":"2022-05-30T09:00:54","guid":{"rendered":"https:\/\/johnniebondlaw.com\/contact-us\/"},"modified":"2024-05-16T04:07:45","modified_gmt":"2024-05-16T04:07:45","slug":"contacto","status":"publish","type":"page","link":"https:\/\/johnniebondlaw.com\/es\/contacto\/","title":{"rendered":"Contacto"},"content":{"rendered":"\n<h1>\n\t\tCont\u00e1ctenos\n\t<\/h1>\n<h1>\n\t\tObtenga Una Evaluaci\u00f3n De Caso Gratuita.\n\t<\/h1>\n\t\t\t<a href=\"tel:%20(202)%20683-6803\" target=\"_blank\" rel=\"noopener\">\n\t\t\t\t\t\t\tCONSULTA GRATUITA <br \/>(202) 683-6803\n\t\t\t\t\t<\/a>\n<h1>\n\t\tEstamos Disponibles Para Ayudarle 24\/7.\n\t<\/h1>\n<h1>\n\t\tHablamos Ingl\u00e9s, Espa\u00f1ol Y Filipino.\n\t<\/h1>\n\t<p>Tambi\u00e9n puede completar el formulario a continuaci\u00f3n, y nos pondremos en contacto con usted.<\/p>\n\t\n<div class=\"wpcf7 no-js\" id=\"wpcf7-f1232-o1\" lang=\"es-ES\" dir=\"ltr\" data-wpcf7-id=\"1232\">\n<div class=\"screen-reader-response\"><p role=\"status\" aria-live=\"polite\" aria-atomic=\"true\"><\/p> <ul><\/ul><\/div>\n<form action=\"\/es\/wp-json\/wp\/v2\/pages\/1254#wpcf7-f1232-o1\" method=\"post\" class=\"wpcf7-form init\" aria-label=\"Formulario de contacto\" novalidate=\"novalidate\" data-status=\"init\">\n<fieldset class=\"hidden-fields-container\"><input type=\"hidden\" name=\"_wpcf7\" value=\"1232\" \/><input type=\"hidden\" name=\"_wpcf7_version\" value=\"6.1.5\" \/><input type=\"hidden\" name=\"_wpcf7_locale\" value=\"es_ES\" \/><input type=\"hidden\" name=\"_wpcf7_unit_tag\" value=\"wpcf7-f1232-o1\" \/><input type=\"hidden\" name=\"_wpcf7_container_post\" value=\"0\" \/><input type=\"hidden\" name=\"_wpcf7_posted_data_hash\" value=\"\" \/><input type=\"hidden\" name=\"_wpcf7_recaptcha_response\" value=\"\" \/>\n<\/fieldset>\n<div class=\"row\">\n\t<div class=\"col-md-6\">\n\t\t<p><label>First Name <i>*<\/i><\/label><br \/>\n<span class=\"wpcf7-form-control-wrap\" data-name=\"First\"><input size=\"40\" maxlength=\"400\" class=\"wpcf7-form-control wpcf7-text wpcf7-validates-as-required\" aria-required=\"true\" aria-invalid=\"false\" value=\"\" type=\"text\" name=\"First\" \/><\/span>\n\t\t<\/p>\n\t<\/div>\n\t<div class=\"col-md-6\">\n\t\t<p><label>Last Name <i>*<\/i><\/label><br \/>\n<span class=\"wpcf7-form-control-wrap\" data-name=\"Last\"><input size=\"40\" maxlength=\"400\" class=\"wpcf7-form-control wpcf7-text wpcf7-validates-as-required\" aria-required=\"true\" aria-invalid=\"false\" value=\"\" type=\"text\" name=\"Last\" \/><\/span>\n\t\t<\/p>\n\t<\/div>\n<\/div>\n<div class=\"row\">\n\t<div class=\"col-md-6\">\n\t\t<p><label>Email Address <i>*<\/i><\/label><br \/>\n<span class=\"wpcf7-form-control-wrap\" data-name=\"Email\"><input size=\"40\" maxlength=\"400\" class=\"wpcf7-form-control wpcf7-email wpcf7-validates-as-required wpcf7-text wpcf7-validates-as-email\" aria-required=\"true\" aria-invalid=\"false\" value=\"\" type=\"email\" name=\"Email\" \/><\/span>\n\t\t<\/p>\n\t<\/div>\n\t<div class=\"col-md-6\">\n\t\t<p><label>Phone Number <i>*<\/i><\/label><br \/>\n<span class=\"wpcf7-form-control-wrap\" data-name=\"Phone\"><input size=\"40\" maxlength=\"400\" class=\"wpcf7-form-control wpcf7-text wpcf7-validates-as-required\" aria-required=\"true\" aria-invalid=\"false\" value=\"\" type=\"text\" name=\"Phone\" \/><\/span>\n\t\t<\/p>\n\t<\/div>\n<\/div>\n<div class=\"row\">\n\t<div class=\"col-md-6\">\n\t\t<p><label>Which of the following best describes your accident\/incident? <i>*<\/i><\/label><br \/>\n<span class=\"wpcf7-form-control-wrap\" data-name=\"your-service\"><select class=\"wpcf7-form-control wpcf7-select wpcf7-validates-as-required\" aria-required=\"true\" aria-invalid=\"false\" name=\"your-service\"><option value=\"Auto Accident\">Auto Accident<\/option><option value=\"Slip\/Trip and Fall\">Slip\/Trip and Fall<\/option><option value=\"Work Injury\">Work Injury<\/option><option value=\"Other\">Other<\/option><\/select><\/span>\n\t\t<\/p>\n\t\t<div>\n\t\t\t<p><label>Enter Other Reason For Accident <i>*<\/i><\/label><br \/>\n<span class=\"wpcf7-form-control-wrap\" data-name=\"accidentOther\"><input size=\"40\" maxlength=\"400\" class=\"wpcf7-form-control wpcf7-text wpcf7-validates-as-required\" aria-required=\"true\" aria-invalid=\"false\" value=\"\" type=\"text\" name=\"accidentOther\" \/><\/span>\n\t\t\t<\/p>\n\t\t<\/div>\n\t<\/div>\n\t<div class=\"col-md-6\">\n\t\t<p><label>When did the accident happen? <i>*<\/i><\/label><br \/>\n<span class=\"wpcf7-form-control-wrap\" data-name=\"your-when\"><select class=\"wpcf7-form-control wpcf7-select wpcf7-validates-as-required\" aria-required=\"true\" aria-invalid=\"false\" name=\"your-when\"><option value=\"Within one week\">Within one week<\/option><option value=\"Within 1-3 months\">Within 1-3 months<\/option><option value=\"Within 6-9 months\">Within 6-9 months<\/option><option value=\"Within 1 year\">Within 1 year<\/option><option value=\"Within 2 years\">Within 2 years<\/option><\/select><\/span>\n\t\t<\/p>\n\t<\/div>\n<\/div>\n<div class=\"row\">\n\t<div class=\"col-md-6\">\n\t\t<p><label>What type of pain did you suffer? Choose all that apply <i>*<\/i><\/label><br \/>\n<span class=\"wpcf7-form-control-wrap\" data-name=\"your-how\"><span class=\"wpcf7-form-control wpcf7-checkbox wpcf7-validates-as-required\"><span class=\"wpcf7-list-item first\"><label><input type=\"checkbox\" name=\"your-how[]\" value=\"Body Pain and Injuries\" \/><span class=\"wpcf7-list-item-label\">Body Pain and Injuries<\/span><\/label><\/span><span class=\"wpcf7-list-item\"><label><input type=\"checkbox\" name=\"your-how[]\" value=\"Emotional Pain and Suffering\" \/><span class=\"wpcf7-list-item-label\">Emotional Pain and Suffering<\/span><\/label><\/span><span class=\"wpcf7-list-item last\"><label><input type=\"checkbox\" name=\"your-how[]\" value=\"Psychological Pain and Suffering\" \/><span class=\"wpcf7-list-item-label\">Psychological Pain and Suffering<\/span><\/label><\/span><\/span><\/span>\n\t\t<\/p>\n\t<\/div>\n\t<div class=\"col-md-6\">\n\t\t<p><label>Have you seen a doctor for your injuries? <i>*<\/i><\/label><br \/>\n<span class=\"wpcf7-form-control-wrap\" data-name=\"your-doctor\"><span class=\"wpcf7-form-control wpcf7-checkbox wpcf7-validates-as-required wpcf7-exclusive-checkbox\"><span class=\"wpcf7-list-item first\"><label><input type=\"checkbox\" name=\"your-doctor\" value=\"Yes\" \/><span class=\"wpcf7-list-item-label\">Yes<\/span><\/label><\/span><span class=\"wpcf7-list-item\"><label><input type=\"checkbox\" name=\"your-doctor\" value=\"No\" \/><span class=\"wpcf7-list-item-label\">No<\/span><\/label><\/span><span class=\"wpcf7-list-item last\"><label><input type=\"checkbox\" name=\"your-doctor\" value=\"Not yet\" \/><span class=\"wpcf7-list-item-label\">Not yet<\/span><\/label><\/span><\/span><\/span>\n\t\t<\/p>\n\t<\/div>\n<\/div>\n<div class=\"row\">\n\t<div class=\"col-md-6\">\n\t\t<p><label>Were you at fault? <i>*<\/i><\/label><br \/>\n<span class=\"wpcf7-form-control-wrap\" data-name=\"your-description\"><span class=\"wpcf7-form-control wpcf7-checkbox wpcf7-validates-as-required wpcf7-exclusive-checkbox\"><span class=\"wpcf7-list-item first\"><label><input type=\"checkbox\" name=\"your-description\" value=\"Yes\" \/><span class=\"wpcf7-list-item-label\">Yes<\/span><\/label><\/span><span class=\"wpcf7-list-item\"><label><input type=\"checkbox\" name=\"your-description\" value=\"No\" \/><span class=\"wpcf7-list-item-label\">No<\/span><\/label><\/span><span class=\"wpcf7-list-item last\"><label><input type=\"checkbox\" name=\"your-description\" value=\"I am not sure\" \/><span class=\"wpcf7-list-item-label\">I am not sure<\/span><\/label><\/span><\/span><\/span>\n\t\t<\/p>\n\t<\/div>\n\t<div class=\"col-md-6\">\n\t\t<p><label>Is there a police report or incident report? <i>*<\/i><\/label><br \/>\n<span class=\"wpcf7-form-control-wrap\" data-name=\"your-policeReport\"><span class=\"wpcf7-form-control wpcf7-checkbox wpcf7-validates-as-required wpcf7-exclusive-checkbox\"><span class=\"wpcf7-list-item first\"><label><input type=\"checkbox\" name=\"your-policeReport\" value=\"Yes\" \/><span class=\"wpcf7-list-item-label\">Yes<\/span><\/label><\/span><span class=\"wpcf7-list-item last\"><label><input type=\"checkbox\" name=\"your-policeReport\" value=\"No\" \/><span class=\"wpcf7-list-item-label\">No<\/span><\/label><\/span><\/span><\/span>\n\t\t<\/p>\n\t<\/div>\n<\/div>\n<div class=\"row\">\n\t<div class=\"col-md-6\">\n\t\t<p><label>Do you have an attorney? <i>*<\/i><\/label><br \/>\n<span class=\"wpcf7-form-control-wrap\" data-name=\"your-attorney\"><span class=\"wpcf7-form-control wpcf7-checkbox wpcf7-validates-as-required wpcf7-exclusive-checkbox\"><span class=\"wpcf7-list-item first\"><label><input type=\"checkbox\" name=\"your-attorney\" value=\"Yes\" \/><span class=\"wpcf7-list-item-label\">Yes<\/span><\/label><\/span><span class=\"wpcf7-list-item last\"><label><input type=\"checkbox\" name=\"your-attorney\" value=\"No\" \/><span class=\"wpcf7-list-item-label\">No<\/span><\/label><\/span><\/span><\/span>\n\t\t<\/p>\n\t<\/div>\n\t<div class=\"col-md-6\">\n\t\t<p><label>Have you received any compensation for this accident\/incident? <i>*<\/i><\/label><br \/>\n<span class=\"wpcf7-form-control-wrap\" data-name=\"your-receivedCompensation\"><span class=\"wpcf7-form-control wpcf7-checkbox wpcf7-validates-as-required wpcf7-exclusive-checkbox\"><span class=\"wpcf7-list-item first\"><label><input type=\"checkbox\" name=\"your-receivedCompensation\" value=\"Yes\" \/><span class=\"wpcf7-list-item-label\">Yes<\/span><\/label><\/span><span class=\"wpcf7-list-item last\"><label><input type=\"checkbox\" name=\"your-receivedCompensation\" value=\"No\" \/><span class=\"wpcf7-list-item-label\">No<\/span><\/label><\/span><\/span><\/span>\n\t\t<\/p>\n\t<\/div>\n<\/div>\n<div class=\"row\">\n\t<div class=\"col-md-12\">\n\t\t<p><label>When is the best time to contact you? <i>*<\/i><\/label><br \/>\n<span class=\"wpcf7-form-control-wrap\" data-name=\"your-timeToContact\"><select class=\"wpcf7-form-control wpcf7-select wpcf7-validates-as-required\" aria-required=\"true\" aria-invalid=\"false\" name=\"your-timeToContact\"><option value=\"Immediately\">Immediately<\/option><option value=\"As soon as possible\">As soon as possible<\/option><option value=\"I want to schedule an appointment\">I want to schedule an appointment<\/option><option value=\"No rush\">No rush<\/option><\/select><\/span>\n\t\t<\/p>\n\t<\/div>\n<\/div>\n<div class=\"row\">\n\t<div class=\"col-md-12\">\n\t\t<p><label>Please tell us more: <i>*<\/i><\/label><br \/>\n<span class=\"wpcf7-form-control-wrap\" data-name=\"Summary\"><textarea cols=\"40\" rows=\"10\" maxlength=\"500\" minlength=\"30\" class=\"wpcf7-form-control wpcf7-textarea wpcf7-validates-as-required\" aria-required=\"true\" aria-invalid=\"false\" name=\"Summary\"><\/textarea><\/span>\n\t\t<\/p>\n\t<\/div>\n\t<div class=\"col-md-12\">\n\t\t<p>[honeypot important-field]\n\t\t<\/p>\n\t<\/div>\n<\/div>\n<div class=\"row\" style=\"margin-bottom: 30px;\">\n\t<div class=\"col-md-12\">\n\t\n\t<\/div>\n<\/div>\n<div class=\"row\">\n\t<div class=\"col-md-12\">\n\t\t<p><input class=\"wpcf7-form-control wpcf7-submit has-spinner\" type=\"submit\" value=\"Contact Us\" \/>\n\t\t<\/p>\n\t<\/div>\n<\/div><p style=\"display: none !important;\" class=\"akismet-fields-container\" data-prefix=\"_wpcf7_ak_\"><label>&#916;<textarea name=\"_wpcf7_ak_hp_textarea\" cols=\"45\" rows=\"8\" maxlength=\"100\"><\/textarea><\/label><input type=\"hidden\" id=\"ak_js_1\" name=\"_wpcf7_ak_js\" value=\"100\"\/><script>document.getElementById( \"ak_js_1\" ).setAttribute( \"value\", ( new Date() ).getTime() );<\/script><\/p><div class=\"wpcf7-response-output\" aria-hidden=\"true\"><\/div>\n<\/form>\n<\/div>\n\n\n","protected":false},"excerpt":{"rendered":"<p>Cont\u00e1ctenos Obtenga Una Evaluaci\u00f3n De Caso Gratuita. CONSULTA GRATUITA (202) 683-6803 Estamos Disponibles Para Ayudarle 24\/7. Hablamos Ingl\u00e9s, Espa\u00f1ol Y Filipino. Tambi\u00e9n puede completar el formulario a continuaci\u00f3n, y nos pondremos en contacto con usted.<\/p>\n","protected":false},"author":8,"featured_media":0,"parent":0,"menu_order":0,"comment_status":"closed","ping_status":"closed","template":"","meta":{"inline_featured_image":false,"footnotes":""},"class_list":["post-1254","page","type-page","status-publish","hentry"],"_links":{"self":[{"href":"https:\/\/johnniebondlaw.com\/es\/wp-json\/wp\/v2\/pages\/1254","targetHints":{"allow":["GET"]}}],"collection":[{"href":"https:\/\/johnniebondlaw.com\/es\/wp-json\/wp\/v2\/pages"}],"about":[{"href":"https:\/\/johnniebondlaw.com\/es\/wp-json\/wp\/v2\/types\/page"}],"author":[{"embeddable":true,"href":"https:\/\/johnniebondlaw.com\/es\/wp-json\/wp\/v2\/users\/8"}],"replies":[{"embeddable":true,"href":"https:\/\/johnniebondlaw.com\/es\/wp-json\/wp\/v2\/comments?post=1254"}],"version-history":[{"count":0,"href":"https:\/\/johnniebondlaw.com\/es\/wp-json\/wp\/v2\/pages\/1254\/revisions"}],"wp:attachment":[{"href":"https:\/\/johnniebondlaw.com\/es\/wp-json\/wp\/v2\/media?parent=1254"}],"curies":[{"name":"wp","href":"https:\/\/api.w.org\/{rel}","templated":true}]}}