{"id":1247,"date":"2022-05-30T08:59:54","date_gmt":"2022-05-30T08:59:54","guid":{"rendered":"https:\/\/johnniebondlaw.com\/home\/"},"modified":"2024-11-20T02:29:46","modified_gmt":"2024-11-20T02:29:46","slug":"home","status":"publish","type":"page","link":"https:\/\/johnniebondlaw.com\/es\/","title":{"rendered":"Inicio"},"content":{"rendered":"\r\n<h1>Contar con el Abogado Especialista en Lesiones Personales Adecuado a su Lado Marca la Diferencia<\/h1>\r\n<p>Experimentado, sofisticado, Sereno bajo presi\u00f3n &#8211; pero apasionado cuando se trata de luchar por el futuro de sus clientes. Dedicaci\u00f3n inquebrantable al servicio. Eso es Bond. Johnnie Bond.<\/p>\r\n<p><a href=\"#contact-us\" target=\"_self\"> Comience Ahora <\/a><\/p>\r\n<p>Consulta y Evaluaci\u00f3n de Casos GRATIS<\/p>\r\n<p>Atendemos en DC, MD y VA<\/p>\r\n<figure><img decoding=\"async\" src=\"https:\/\/johnniebondlaw.com\/wp-content\/uploads\/2022\/06\/johnnyRightImg.png\" alt=\"Johnnie Bond Law\" \/><\/figure>\r\n<p><img loading=\"lazy\" decoding=\"async\" title=\"icon-balance\" src=\"https:\/\/johnniebondlaw.com\/wp-content\/uploads\/2022\/05\/icon-balance.svg\" alt=\"icon-balance\" width=\"46\" height=\"40\" \/><\/p>\r\n<h2>\u00bfLesionado? Llame a Bond. Johnnie Bond.<\/h2>\r\n<p>Si result\u00f3 lesionado debido a un accidente automovil\u00edstico, resbal\u00f3n y ca\u00edda, mordida de perro, error m\u00e9dico o cualquier situaci\u00f3n en la que la irresponsabilidad de alguien lo haya hecho sufrir da\u00f1os, Johnnie Bond Law luchar\u00e1 para obtener una compensaci\u00f3n justa por sus p\u00e9rdidas.<\/p>\r\n<h1>Acerca de Johnnie Bond<\/h1>\r\n<h2>Nuestra palabra es nuestro compromiso<\/h2>\r\n<p>En DC, MD y VA, muchos abogados de lesiones personales parecen ansiosos por tomar su caso, pero una vez que firma como cliente, prefieren no volver a saber de usted. Su objetivo es procesar su caso a trav\u00e9s de su \u00abf\u00e1brica\u00bb de reclamos por lesiones personales, cobrar su parte del dinero y seguir adelante.<\/p>\r\n<p><b>En Johnnie Bond Law, hacemos las cosas diferentes.<\/b><\/p>\r\n<p>Nos centramos en sus necesidades. Lo mantenemos informado. Le explicamos el proceso. Trabajamos con usted en equipo.<\/p>\r\n<p><a href=\"https:\/\/johnniebondlaw.com\/es\/acerca-de\/\" target=\"_self\"> Conozca a Johnnie Bond <\/a> <img loading=\"lazy\" decoding=\"async\" title=\"About Image-min\" src=\"https:\/\/johnniebondlaw.com\/wp-content\/uploads\/2022\/05\/About-Image-min.png\" alt=\"About Image-min\" width=\"385\" height=\"491\" \/><\/p>\r\n<h1>\u00c1reas de Pr\u00e1ctica<\/h1>\r\n<p><a href=\"https:\/\/johnniebondlaw.com\/automobile-accident-attorney-for-the-dmv\/\"> <img decoding=\"async\" src=\"https:\/\/johnniebondlaw.com\/wp-content\/uploads\/2022\/05\/icon-wheel.svg\" \/><\/a><\/p>\r\n<h3>Accidentes de Tr\u00e1fico<\/h3>\r\n<p><a href=\"https:\/\/johnniebondlaw.com\/premises-liability-attorney-for-the-dmv\/\"> <img decoding=\"async\" src=\"https:\/\/johnniebondlaw.com\/wp-content\/uploads\/2022\/05\/icon-person.svg\" \/><\/a><\/p>\r\n<h3>Responsabilidad por Accidentes en la Propiedad<\/h3>\r\n<p><a href=\"https:\/\/johnniebondlaw.com\/personal-injury\/\"> <img decoding=\"async\" src=\"https:\/\/johnniebondlaw.com\/wp-content\/uploads\/2022\/05\/icon-person-sick.svg\" \/><\/a><\/p>\r\n<h3>Lesiones Personales<\/h3>\r\n<p><a href=\"https:\/\/johnniebondlaw.com\/es\/areas-de-practica\/\" target=\"_self\"> Ver Todas las \u00c1reas de Pr\u00e1ctica <\/a><\/p>\r\n<h1>Por qu\u00e9 Elegir a Johnnie Bond Law Firm<\/h1>\r\n<p>Usted Nos Importa<\/p>\r\n<p>Existimos para servir a nuestros clientes. Sin usted, no somos nada. Por lo tanto, lo m\u00e1s importante es que usted importa, y no queremos que nunca lo olvide.<\/p>\r\n<h3>Sus Intereses Son Nuestros Intereses<\/h3>\r\n<p>&nbsp;<\/p>\r\n<h3>Creemos en la Comunicaci\u00f3n<\/h3>\r\n<p>&nbsp;<\/p>\r\n<h3>Sabemos C\u00f3mo Obtener Resultados<\/h3>\r\n<p><a href=\"https:\/\/johnniebondlaw.com\/why-choose-us\/\" target=\"_self\"> Aprenda M\u00e1s <\/a><\/p>\r\n<h1>Testimonios<\/h1>\r\n<p>Johnnie Bond Law se hizo cargo de mi caso muy dif\u00edcil, con poca evidencia y siendo un incidente que sucedi\u00f3 hace a\u00f1os. \u00a1Lograron obtener una compensaci\u00f3n sustancial para m\u00ed! Mary Grace Filomeno fue de gran ayuda gui\u00e1ndome a trav\u00e9s del proceso. \u00a1Recomiendo mucho a todo el equipo y estoy m\u00e1s que satisfecho con los resultados de su trabajo!<\/p>\r\n<h5>Cliente<\/h5>\r\n<p>\u00a1ADOORO A BOND LAW! Me tratan como parte de la familia y siempre est\u00e1n ah\u00ed para ayudarme en todo lo que puedan. Me encanta que el abogado Bond se involucre personalmente en mis casos y est\u00e9 disponible siempre que lo necesito. Tambi\u00e9n he recomendado a todos mis familiares sus servicios. \u00a1Sin duda alguna, ES EL MEJOR!<\/p>\r\n<h5>Cliente<\/h5>\r\n<p>Mi experiencia con Bond Law fue fant\u00e1stica. El equipo fue muy profesional, me proporcion\u00f3 actualizaciones peri\u00f3dicas y logr\u00f3 resultados. Los accidentes tienen consecuencias negativas m\u00e1s all\u00e1 del d\u00eda del incidente, y Bond Law me ayud\u00f3 a aliviar esa carga.<\/p>\r\n<h5>Cliente<\/h5>\r\n<p>En lo personal, es un excelente bufete de abogados. Luchan por sus clientes al m\u00e1ximo.\u00a0<\/p>\r\n<h5>Cliente<\/h5>\r\n<p>He utilizado los servicios legales de Johnnie Bond durante varios a\u00f1os. Ha tenido \u00e9xito en negociar un pago para m\u00ed de $840,000 como resoluci\u00f3n de una disputa contractual. Gan\u00f3 juicios contra contratistas principales del gobierno que se negaban a pagar mis facturas, y recientemente luch\u00f3 con \u00e9xito contra una demanda de un mill\u00f3n de d\u00f3lares presentada por un importante sindicato de trabajadores. Recomiendo encarecidamente a Johnnie Bond por su pronta respuesta y experiencia en el manejo de casos dif\u00edciles.<\/p>\r\n<h5>Cliente<\/h5>\r\n<p>Johnnie Bond es un abogado de un nuevo tipo. No solo es el Sr. Bond excepcional como abogado, sino que tambi\u00e9n tiene un s\u00f3lido entendimiento de las complejidades de una peque\u00f1a empresa. Est\u00e1 bien versado en contratos gubernamentales, negociaciones, fusiones y adquisiciones. \u00c9l asesora a m\u00ed y a mi compa\u00f1\u00eda (incluyendo a mi equipo ejecutivo y equipo interno legal\/de contratos) sobre nuestras necesidades de negocios y litigios. El Sr. Bond es ese tipo peculiar de abogado que puede representar bien a su compa\u00f1\u00eda tanto en una sala de juntas como en un tribunal. Johnnie es muy atento y entiende las necesidades de mi empresa. \u00a1No he visto nada igual! Recomiendo altamente a Johnnie Bond a cualquiera que busque un abogado agudo, que es un campe\u00f3n del crecimiento de la peque\u00f1a empresa y que entiende las necesidades de las peque\u00f1as empresas.<\/p>\r\n<h5>Cliente<\/h5>\r\n<p><a href=\"https:\/\/johnniebondlaw.com\/es\/testimonios\/\" target=\"_self\"> Ver Todos Los Testimonios De Clientes <\/a><\/p>\r\n<h2>Demanda Por Alisador De Cabello<\/h2>\r\n<p>Si desea que revisemos su caso sospechoso de alisado de cabello, por favor complete el formulario.<\/p>\r\n<p><a href=\"https:\/\/johnniebondlaw.com\/hair-relaxers\/\" target=\"_self\"> Haga Clic Aqu\u00ed <\/a><\/p>\r\n<h1>Obtenga Una Evaluaci\u00f3n De Caso Gratuita.<\/h1>\r\n<p><a href=\"tel:%20(202)%20683-6803\" target=\"_blank\" rel=\"noopener\"> CONSULTA GRATUITA <br \/>(202) 683-6803 <\/a><\/p>\r\n<h1>Estamos Disponibles Para Ayudarle 24\/7.<\/h1>\r\n<h1>Hablamos Ingl\u00e9s, Espa\u00f1ol Y Filipino.<\/h1>\r\n<p>Tambi\u00e9n puede completar el formulario a continuaci\u00f3n, y nos pondremos en contacto con usted.<\/p>\r\n\n<div class=\"wpcf7 no-js\" id=\"wpcf7-f1232-o1\" lang=\"es-ES\" dir=\"ltr\" data-wpcf7-id=\"1232\">\n<div class=\"screen-reader-response\"><p role=\"status\" aria-live=\"polite\" aria-atomic=\"true\"><\/p> <ul><\/ul><\/div>\n<form action=\"\/es\/wp-json\/wp\/v2\/pages\/1247#wpcf7-f1232-o1\" method=\"post\" class=\"wpcf7-form init\" aria-label=\"Formulario de contacto\" novalidate=\"novalidate\" data-status=\"init\">\n<fieldset class=\"hidden-fields-container\"><input type=\"hidden\" name=\"_wpcf7\" value=\"1232\" \/><input type=\"hidden\" name=\"_wpcf7_version\" value=\"6.1.5\" \/><input type=\"hidden\" name=\"_wpcf7_locale\" value=\"es_ES\" \/><input type=\"hidden\" name=\"_wpcf7_unit_tag\" value=\"wpcf7-f1232-o1\" \/><input type=\"hidden\" name=\"_wpcf7_container_post\" value=\"0\" \/><input type=\"hidden\" name=\"_wpcf7_posted_data_hash\" value=\"\" \/><input type=\"hidden\" name=\"_wpcf7_recaptcha_response\" value=\"\" \/>\n<\/fieldset>\n<div class=\"row\">\n\t<div class=\"col-md-6\">\n\t\t<p><label>First Name <i>*<\/i><\/label><br \/>\n<span class=\"wpcf7-form-control-wrap\" data-name=\"First\"><input size=\"40\" maxlength=\"400\" class=\"wpcf7-form-control wpcf7-text wpcf7-validates-as-required\" aria-required=\"true\" aria-invalid=\"false\" value=\"\" type=\"text\" name=\"First\" \/><\/span>\n\t\t<\/p>\n\t<\/div>\n\t<div class=\"col-md-6\">\n\t\t<p><label>Last Name <i>*<\/i><\/label><br \/>\n<span class=\"wpcf7-form-control-wrap\" data-name=\"Last\"><input size=\"40\" maxlength=\"400\" class=\"wpcf7-form-control wpcf7-text wpcf7-validates-as-required\" aria-required=\"true\" aria-invalid=\"false\" value=\"\" type=\"text\" name=\"Last\" \/><\/span>\n\t\t<\/p>\n\t<\/div>\n<\/div>\n<div class=\"row\">\n\t<div class=\"col-md-6\">\n\t\t<p><label>Email Address <i>*<\/i><\/label><br \/>\n<span class=\"wpcf7-form-control-wrap\" data-name=\"Email\"><input size=\"40\" maxlength=\"400\" class=\"wpcf7-form-control wpcf7-email wpcf7-validates-as-required wpcf7-text wpcf7-validates-as-email\" aria-required=\"true\" aria-invalid=\"false\" value=\"\" type=\"email\" name=\"Email\" \/><\/span>\n\t\t<\/p>\n\t<\/div>\n\t<div class=\"col-md-6\">\n\t\t<p><label>Phone Number <i>*<\/i><\/label><br \/>\n<span class=\"wpcf7-form-control-wrap\" data-name=\"Phone\"><input size=\"40\" maxlength=\"400\" class=\"wpcf7-form-control wpcf7-text wpcf7-validates-as-required\" aria-required=\"true\" aria-invalid=\"false\" value=\"\" type=\"text\" name=\"Phone\" \/><\/span>\n\t\t<\/p>\n\t<\/div>\n<\/div>\n<div class=\"row\">\n\t<div class=\"col-md-6\">\n\t\t<p><label>Which of the following best describes your accident\/incident? <i>*<\/i><\/label><br \/>\n<span class=\"wpcf7-form-control-wrap\" data-name=\"your-service\"><select class=\"wpcf7-form-control wpcf7-select wpcf7-validates-as-required\" aria-required=\"true\" aria-invalid=\"false\" name=\"your-service\"><option value=\"Auto Accident\">Auto Accident<\/option><option value=\"Slip\/Trip and Fall\">Slip\/Trip and Fall<\/option><option value=\"Work Injury\">Work Injury<\/option><option value=\"Other\">Other<\/option><\/select><\/span>\n\t\t<\/p>\n\t\t<div>\n\t\t\t<p><label>Enter Other Reason For Accident <i>*<\/i><\/label><br \/>\n<span class=\"wpcf7-form-control-wrap\" data-name=\"accidentOther\"><input size=\"40\" maxlength=\"400\" class=\"wpcf7-form-control wpcf7-text wpcf7-validates-as-required\" aria-required=\"true\" aria-invalid=\"false\" value=\"\" type=\"text\" name=\"accidentOther\" \/><\/span>\n\t\t\t<\/p>\n\t\t<\/div>\n\t<\/div>\n\t<div class=\"col-md-6\">\n\t\t<p><label>When did the accident happen? <i>*<\/i><\/label><br \/>\n<span class=\"wpcf7-form-control-wrap\" data-name=\"your-when\"><select class=\"wpcf7-form-control wpcf7-select wpcf7-validates-as-required\" aria-required=\"true\" aria-invalid=\"false\" name=\"your-when\"><option value=\"Within one week\">Within one week<\/option><option value=\"Within 1-3 months\">Within 1-3 months<\/option><option value=\"Within 6-9 months\">Within 6-9 months<\/option><option value=\"Within 1 year\">Within 1 year<\/option><option value=\"Within 2 years\">Within 2 years<\/option><\/select><\/span>\n\t\t<\/p>\n\t<\/div>\n<\/div>\n<div class=\"row\">\n\t<div class=\"col-md-6\">\n\t\t<p><label>What type of pain did you suffer? Choose all that apply <i>*<\/i><\/label><br \/>\n<span class=\"wpcf7-form-control-wrap\" data-name=\"your-how\"><span class=\"wpcf7-form-control wpcf7-checkbox wpcf7-validates-as-required\"><span class=\"wpcf7-list-item first\"><label><input type=\"checkbox\" name=\"your-how[]\" value=\"Body Pain and Injuries\" \/><span class=\"wpcf7-list-item-label\">Body Pain and Injuries<\/span><\/label><\/span><span class=\"wpcf7-list-item\"><label><input type=\"checkbox\" name=\"your-how[]\" value=\"Emotional Pain and Suffering\" \/><span class=\"wpcf7-list-item-label\">Emotional Pain and Suffering<\/span><\/label><\/span><span class=\"wpcf7-list-item last\"><label><input type=\"checkbox\" name=\"your-how[]\" value=\"Psychological Pain and Suffering\" \/><span class=\"wpcf7-list-item-label\">Psychological Pain and Suffering<\/span><\/label><\/span><\/span><\/span>\n\t\t<\/p>\n\t<\/div>\n\t<div class=\"col-md-6\">\n\t\t<p><label>Have you seen a doctor for your injuries? <i>*<\/i><\/label><br \/>\n<span class=\"wpcf7-form-control-wrap\" data-name=\"your-doctor\"><span class=\"wpcf7-form-control wpcf7-checkbox wpcf7-validates-as-required wpcf7-exclusive-checkbox\"><span class=\"wpcf7-list-item first\"><label><input type=\"checkbox\" name=\"your-doctor\" value=\"Yes\" \/><span class=\"wpcf7-list-item-label\">Yes<\/span><\/label><\/span><span class=\"wpcf7-list-item\"><label><input type=\"checkbox\" name=\"your-doctor\" value=\"No\" \/><span class=\"wpcf7-list-item-label\">No<\/span><\/label><\/span><span class=\"wpcf7-list-item last\"><label><input type=\"checkbox\" name=\"your-doctor\" value=\"Not yet\" \/><span class=\"wpcf7-list-item-label\">Not yet<\/span><\/label><\/span><\/span><\/span>\n\t\t<\/p>\n\t<\/div>\n<\/div>\n<div class=\"row\">\n\t<div class=\"col-md-6\">\n\t\t<p><label>Were you at fault? <i>*<\/i><\/label><br \/>\n<span class=\"wpcf7-form-control-wrap\" data-name=\"your-description\"><span class=\"wpcf7-form-control wpcf7-checkbox wpcf7-validates-as-required wpcf7-exclusive-checkbox\"><span class=\"wpcf7-list-item first\"><label><input type=\"checkbox\" name=\"your-description\" value=\"Yes\" \/><span class=\"wpcf7-list-item-label\">Yes<\/span><\/label><\/span><span class=\"wpcf7-list-item\"><label><input type=\"checkbox\" name=\"your-description\" value=\"No\" \/><span class=\"wpcf7-list-item-label\">No<\/span><\/label><\/span><span class=\"wpcf7-list-item last\"><label><input type=\"checkbox\" name=\"your-description\" value=\"I am not sure\" \/><span class=\"wpcf7-list-item-label\">I am not sure<\/span><\/label><\/span><\/span><\/span>\n\t\t<\/p>\n\t<\/div>\n\t<div class=\"col-md-6\">\n\t\t<p><label>Is there a police report or incident report? <i>*<\/i><\/label><br \/>\n<span class=\"wpcf7-form-control-wrap\" data-name=\"your-policeReport\"><span class=\"wpcf7-form-control wpcf7-checkbox wpcf7-validates-as-required wpcf7-exclusive-checkbox\"><span class=\"wpcf7-list-item first\"><label><input type=\"checkbox\" name=\"your-policeReport\" value=\"Yes\" \/><span class=\"wpcf7-list-item-label\">Yes<\/span><\/label><\/span><span class=\"wpcf7-list-item last\"><label><input type=\"checkbox\" name=\"your-policeReport\" value=\"No\" \/><span class=\"wpcf7-list-item-label\">No<\/span><\/label><\/span><\/span><\/span>\n\t\t<\/p>\n\t<\/div>\n<\/div>\n<div class=\"row\">\n\t<div class=\"col-md-6\">\n\t\t<p><label>Do you have an attorney? <i>*<\/i><\/label><br \/>\n<span class=\"wpcf7-form-control-wrap\" data-name=\"your-attorney\"><span class=\"wpcf7-form-control wpcf7-checkbox wpcf7-validates-as-required wpcf7-exclusive-checkbox\"><span class=\"wpcf7-list-item first\"><label><input type=\"checkbox\" name=\"your-attorney\" value=\"Yes\" \/><span class=\"wpcf7-list-item-label\">Yes<\/span><\/label><\/span><span class=\"wpcf7-list-item last\"><label><input type=\"checkbox\" name=\"your-attorney\" value=\"No\" \/><span class=\"wpcf7-list-item-label\">No<\/span><\/label><\/span><\/span><\/span>\n\t\t<\/p>\n\t<\/div>\n\t<div class=\"col-md-6\">\n\t\t<p><label>Have you received any compensation for this accident\/incident? <i>*<\/i><\/label><br \/>\n<span class=\"wpcf7-form-control-wrap\" data-name=\"your-receivedCompensation\"><span class=\"wpcf7-form-control wpcf7-checkbox wpcf7-validates-as-required wpcf7-exclusive-checkbox\"><span class=\"wpcf7-list-item first\"><label><input type=\"checkbox\" name=\"your-receivedCompensation\" value=\"Yes\" \/><span class=\"wpcf7-list-item-label\">Yes<\/span><\/label><\/span><span class=\"wpcf7-list-item last\"><label><input type=\"checkbox\" name=\"your-receivedCompensation\" value=\"No\" \/><span class=\"wpcf7-list-item-label\">No<\/span><\/label><\/span><\/span><\/span>\n\t\t<\/p>\n\t<\/div>\n<\/div>\n<div class=\"row\">\n\t<div class=\"col-md-12\">\n\t\t<p><label>When is the best time to contact you? <i>*<\/i><\/label><br \/>\n<span class=\"wpcf7-form-control-wrap\" data-name=\"your-timeToContact\"><select class=\"wpcf7-form-control wpcf7-select wpcf7-validates-as-required\" aria-required=\"true\" aria-invalid=\"false\" name=\"your-timeToContact\"><option value=\"Immediately\">Immediately<\/option><option value=\"As soon as possible\">As soon as possible<\/option><option value=\"I want to schedule an appointment\">I want to schedule an appointment<\/option><option value=\"No rush\">No rush<\/option><\/select><\/span>\n\t\t<\/p>\n\t<\/div>\n<\/div>\n<div class=\"row\">\n\t<div class=\"col-md-12\">\n\t\t<p><label>Please tell us more: <i>*<\/i><\/label><br \/>\n<span class=\"wpcf7-form-control-wrap\" data-name=\"Summary\"><textarea cols=\"40\" rows=\"10\" maxlength=\"500\" minlength=\"30\" class=\"wpcf7-form-control wpcf7-textarea wpcf7-validates-as-required\" aria-required=\"true\" aria-invalid=\"false\" name=\"Summary\"><\/textarea><\/span>\n\t\t<\/p>\n\t<\/div>\n\t<div class=\"col-md-12\">\n\t\t<p>[honeypot important-field]\n\t\t<\/p>\n\t<\/div>\n<\/div>\n<div class=\"row\" style=\"margin-bottom: 30px;\">\n\t<div class=\"col-md-12\">\n\t\n\t<\/div>\n<\/div>\n<div class=\"row\">\n\t<div class=\"col-md-12\">\n\t\t<p><input class=\"wpcf7-form-control wpcf7-submit has-spinner\" type=\"submit\" value=\"Contact Us\" \/>\n\t\t<\/p>\n\t<\/div>\n<\/div><p style=\"display: none !important;\" class=\"akismet-fields-container\" data-prefix=\"_wpcf7_ak_\"><label>&#916;<textarea name=\"_wpcf7_ak_hp_textarea\" cols=\"45\" rows=\"8\" maxlength=\"100\"><\/textarea><\/label><input type=\"hidden\" id=\"ak_js_1\" name=\"_wpcf7_ak_js\" value=\"160\"\/><script>document.getElementById( \"ak_js_1\" ).setAttribute( \"value\", ( new Date() ).getTime() );<\/script><\/p><div class=\"wpcf7-response-output\" aria-hidden=\"true\"><\/div>\n<\/form>\n<\/div>\n\r\n","protected":false},"excerpt":{"rendered":"<p>Contar con el Abogado Especialista en Lesiones Personales Adecuado a su Lado Marca la Diferencia Experimentado, sofisticado, Sereno bajo presi\u00f3n &#8211; pero apasionado cuando se trata de luchar por el futuro de sus clientes. Dedicaci\u00f3n inquebrantable al servicio. Eso es Bond. Johnnie Bond. Comience Ahora Consulta y Evaluaci\u00f3n de Casos GRATIS Atendemos en DC, MD&hellip;<\/p>\n","protected":false},"author":8,"featured_media":0,"parent":0,"menu_order":0,"comment_status":"closed","ping_status":"closed","template":"","meta":{"inline_featured_image":false,"footnotes":""},"class_list":["post-1247","page","type-page","status-publish","hentry"],"_links":{"self":[{"href":"https:\/\/johnniebondlaw.com\/es\/wp-json\/wp\/v2\/pages\/1247","targetHints":{"allow":["GET"]}}],"collection":[{"href":"https:\/\/johnniebondlaw.com\/es\/wp-json\/wp\/v2\/pages"}],"about":[{"href":"https:\/\/johnniebondlaw.com\/es\/wp-json\/wp\/v2\/types\/page"}],"author":[{"embeddable":true,"href":"https:\/\/johnniebondlaw.com\/es\/wp-json\/wp\/v2\/users\/8"}],"replies":[{"embeddable":true,"href":"https:\/\/johnniebondlaw.com\/es\/wp-json\/wp\/v2\/comments?post=1247"}],"version-history":[{"count":0,"href":"https:\/\/johnniebondlaw.com\/es\/wp-json\/wp\/v2\/pages\/1247\/revisions"}],"wp:attachment":[{"href":"https:\/\/johnniebondlaw.com\/es\/wp-json\/wp\/v2\/media?parent=1247"}],"curies":[{"name":"wp","href":"https:\/\/api.w.org\/{rel}","templated":true}]}}