{"id":1243,"date":"2022-06-08T07:30:56","date_gmt":"2022-06-08T07:30:56","guid":{"rendered":"https:\/\/johnniebondlaw.com\/practice-areas\/"},"modified":"2024-05-16T03:47:53","modified_gmt":"2024-05-16T03:47:53","slug":"areas-de-practica","status":"publish","type":"page","link":"https:\/\/johnniebondlaw.com\/es\/areas-de-practica\/","title":{"rendered":"Todas las \u00c1reas de Pr\u00e1ctica"},"content":{"rendered":"<ul>\n<li><a href=\"https:\/\/johnniebondlaw.com\/assault-and-battery-lawyer\/\">Agresi\u00f3n y lesiones<\/a><\/li>\n<li><a href=\"https:\/\/johnniebondlaw.com\/automobile-accident-attorney-for-the-dmv\/\">MACAccidentes automovil\u00edsticos<\/a><\/li>\n<li><a href=\"https:\/\/johnniebondlaw.com\/bicycle-accidents-lawyer-in-the-dmv\/\">Accidentes de bicicleta<\/a><\/li>\n<li><a href=\"https:\/\/johnniebondlaw.com\/birth-injury\/\">Lesiones de nacimiento<\/a>\n<ul>\n<li><a href=\"https:\/\/johnniebondlaw.com\/brain-injuries\/\">Lesiones cerebrales<\/a><\/li>\n<li><a href=\"https:\/\/johnniebondlaw.com\/cerebral-palsy-diagnosis\/\">Par\u00e1lisis cerebral<\/a><\/li>\n<li><a href=\"https:\/\/johnniebondlaw.com\/delayed-caesarean-section-c-section\/\">Ces\u00e1rea<\/a><\/li>\n<li><a href=\"https:\/\/johnniebondlaw.com\/head-cooling\/\">Hipotermia inducida<\/a><\/li>\n<li><a href=\"https:\/\/johnniebondlaw.com\/hypoxic-ischemic-encephalopathy\/\">Encefalopat\u00eda hip\u00f3xica isqu\u00e9mica (HIE)<\/a><\/li>\n<li><a href=\"https:\/\/johnniebondlaw.com\/inducing-labor-pitocin\/\">Inducci\u00f3n del parto\/Pitocina<\/a><\/li>\n<li><a href=\"https:\/\/johnniebondlaw.com\/seizures-and-birth-injuries\/\">Convulsiones y lesiones de nacimiento<\/a><\/li>\n<li><a href=\"https:\/\/johnniebondlaw.com\/stroke-and-birth-injuries\/\">Derrame cerebral y lesiones de nacimiento<\/a><\/li>\n<\/ul>\n<\/li>\n<li>Demandas por alisadores del cabello\n<ul>\n<li><a href=\"https:\/\/johnniebondlaw.com\/hair-relaxer-lawsuits-and-associated-hysterectomies-what-you-need-to-know\/\">Demandas por alisadores del cabello e histerectom\u00edas asociadas: Lo que necesita saber<\/a><\/li>\n<li><a href=\"https:\/\/johnniebondlaw.com\/the-impact-of-hair-relaxer-lawsuits-unveiling-the-history-and-harmful-chemicals\/\">El impacto de las demandas por alisadores del cabello: Revelando la historia y los productos qu\u00edmicos nocivos<\/a><\/li>\n<\/ul>\n<\/li>\n<li>Demandas colectivas\n<ul>\n<li><a href=\"https:\/\/johnniebondlaw.com\/hair-relaxer-litigation-page\/\">Litigios por alisadores del cabello<\/a><\/li>\n<li><a href=\"https:\/\/johnniebondlaw.com\/justice-for-camp-lejeune-victims\/\">Justicia para las v\u00edctimas de Camp Lejeune<\/a><\/li>\n<li><a href=\"https:\/\/johnniebondlaw.com\/understanding-the-risks-of-afff-exposure\/\">Entendiendo los riesgos de la exposici\u00f3n a AFFF<\/a><\/li>\n<\/ul>\n<\/li>\n<li><a href=\"https:\/\/johnniebondlaw.com\/medical-malpractice\/\">Mal praxis m\u00e9dica<\/a>\n<ul>\n<li><a href=\"https:\/\/johnniebondlaw.com\/amputations-and-dismemberment\/\">Amputaciones y desmembramientos<\/a><\/li>\n<li><a href=\"https:\/\/johnniebondlaw.com\/brain-injuries\/\">Lesiones cerebrales<\/a><\/li>\n<li><a href=\"https:\/\/johnniebondlaw.com\/cerebral-palsy-diagnosis\/\">Diagn\u00f3stico de par\u00e1lisis cerebral<\/a><\/li>\n<li><a href=\"https:\/\/johnniebondlaw.com\/delayed-caesarean-section-c-section\/\">Ces\u00e1rea tard\u00eda<\/a><\/li>\n<li><a href=\"https:\/\/johnniebondlaw.com\/head-cooling\/\">Hipotermia inducida<\/a><\/li>\n<li><a href=\"https:\/\/johnniebondlaw.com\/hypoxic-ischemic-encephalopathy\/\">Encefalopat\u00eda hip\u00f3xica isqu\u00e9mica (HIE)<\/a><\/li>\n<li><a href=\"https:\/\/johnniebondlaw.com\/inducing-labor-pitocin\/\">Inducci\u00f3n del parto y Pitocina<\/a><\/li>\n<li><a href=\"https:\/\/johnniebondlaw.com\/paralysis\/\">Par\u00e1lisis<\/a><\/li>\n<li><a href=\"https:\/\/johnniebondlaw.com\/quadriplegia-paraplegia-injuries\/\">Lesiones de cuadriplejia\/ paraplejia<\/a><\/li>\n<li><a href=\"https:\/\/johnniebondlaw.com\/wrongful-death-representation-in-the-dmv\/\">Muerte por negligencia<\/a><\/li>\n<\/ul>\n<\/li>\n<li><a href=\"https:\/\/johnniebondlaw.com\/skilled-motorcycle-accidents-lawyer-in-washington-dc-and-maryland\/\">Accidentes de motocicleta<\/a><\/li>\n<li><a href=\"https:\/\/johnniebondlaw.com\/pedestrian-accident-attorney-for-the-dmv\/\">Accidentes de peatones<\/a><\/li>\n<li><a href=\"https:\/\/johnniebondlaw.com\/personal-injury\/\">Lesiones personales<\/a>\n<ul>\n<li><a href=\"https:\/\/johnniebondlaw.com\/compensation-for-loss-of-limbs-in-maryland\/\">Indemnizaci\u00f3n por p\u00e9rdida de extremidades<\/a><\/li>\n<li><a href=\"https:\/\/johnniebondlaw.com\/understanding-severe-burn-injuries-and-legal-representation-in-maryland\/\">Quemaduras graves<\/a><\/li>\n<li><a href=\"https:\/\/johnniebondlaw.com\/attorney-for-severe-fractures-and-crush-injuries-in-maryland\/\">Fracturas graves y lesiones por aplastamiento<\/a><\/li>\n<li><a href=\"https:\/\/johnniebondlaw.com\/the-financial-impact-of-spinal-cord-injuries-in-maryland\/\">El impacto financiero de las lesiones de la m\u00e9dula espinal<\/a><\/li>\n<\/ul>\n<\/li>\n<li><a href=\"https:\/\/johnniebondlaw.com\/premises-liability-attorney-for-the-dmv\/\">Responsabilidad de las instalaciones<\/a>\n<ul>\n<li><a href=\"https:\/\/johnniebondlaw.com\/escalator-and-elevator-accidents-lawyer-in-the-dmv\/\">Accidentes de escaleras mec\u00e1nicas y ascensores<\/a><\/li>\n<li><a href=\"https:\/\/johnniebondlaw.com\/inadequate-and-negligent-security-lawyer-in-the-dmv\/\">Seguridad inadecuada<\/a><\/li>\n<li><a href=\"https:\/\/johnniebondlaw.com\/the-growing-concern-of-uber-sexual-assault-cases-in-maryland-virginia-and-dc\/\">Agresi\u00f3n sexual en viajes compartidos<\/a><\/li>\n<li><a href=\"https:\/\/johnniebondlaw.com\/slip-trip-and-fall-accidents-lawyer-in-the-dmv\/\">Resbalones, tropiezos y ca\u00eddas<\/a><\/li>\n<li><a href=\"https:\/\/johnniebondlaw.com\/snow-and-ice-accidents-lawyer-in-the-dmv\/\">Accidentes con nieve y hielo<\/a><\/li>\n<li><a href=\"https:\/\/johnniebondlaw.com\/swimming-pool-accidents-lawyer-in-the-dmv\/\">Accidentes en piscinas<\/a><\/li>\n<\/ul>\n<\/li>\n<li><a href=\"https:\/\/johnniebondlaw.com\/traumatic-brain-injury-and-concussions-lawyer-in-d-c-maryland-northern-virginia\/\">Lesi\u00f3n cerebral traum\u00e1tica y conmociones cerebrales<\/a><\/li>\n<li><a href=\"https:\/\/johnniebondlaw.com\/qualified-washington-dc-and-maryland-truck-accidents-lawyer\/\">Accidentes de camiones<\/a><\/li>\n<li><a href=\"https:\/\/johnniebondlaw.com\/wrongful-death-representation-in-the-dmv\/\">Muerte por negligencia<\/a><\/li>\n<\/ul>\n","protected":false},"excerpt":{"rendered":"<p>Agresi\u00f3n y lesiones MACAccidentes automovil\u00edsticos Accidentes de bicicleta Lesiones de nacimiento Lesiones cerebrales Par\u00e1lisis cerebral Ces\u00e1rea Hipotermia inducida Encefalopat\u00eda hip\u00f3xica isqu\u00e9mica (HIE) Inducci\u00f3n del parto\/Pitocina Convulsiones y lesiones de nacimiento Derrame cerebral y lesiones de nacimiento Demandas por alisadores del cabello Demandas por alisadores del cabello e histerectom\u00edas asociadas: Lo que necesita saber El impacto&hellip;<\/p>\n","protected":false},"author":8,"featured_media":0,"parent":0,"menu_order":0,"comment_status":"closed","ping_status":"closed","template":"","meta":{"inline_featured_image":false,"footnotes":""},"class_list":["post-1243","page","type-page","status-publish","hentry"],"_links":{"self":[{"href":"https:\/\/johnniebondlaw.com\/es\/wp-json\/wp\/v2\/pages\/1243","targetHints":{"allow":["GET"]}}],"collection":[{"href":"https:\/\/johnniebondlaw.com\/es\/wp-json\/wp\/v2\/pages"}],"about":[{"href":"https:\/\/johnniebondlaw.com\/es\/wp-json\/wp\/v2\/types\/page"}],"author":[{"embeddable":true,"href":"https:\/\/johnniebondlaw.com\/es\/wp-json\/wp\/v2\/users\/8"}],"replies":[{"embeddable":true,"href":"https:\/\/johnniebondlaw.com\/es\/wp-json\/wp\/v2\/comments?post=1243"}],"version-history":[{"count":0,"href":"https:\/\/johnniebondlaw.com\/es\/wp-json\/wp\/v2\/pages\/1243\/revisions"}],"wp:attachment":[{"href":"https:\/\/johnniebondlaw.com\/es\/wp-json\/wp\/v2\/media?parent=1243"}],"curies":[{"name":"wp","href":"https:\/\/api.w.org\/{rel}","templated":true}]}}