{"id":1238,"date":"2022-06-03T06:41:47","date_gmt":"2022-06-03T06:41:47","guid":{"rendered":"https:\/\/johnniebondlaw.com\/the-bond-law-difference\/"},"modified":"2024-05-16T03:36:29","modified_gmt":"2024-05-16T03:36:29","slug":"la-diferencia-de-la-ley-bond","status":"publish","type":"page","link":"https:\/\/johnniebondlaw.com\/es\/la-diferencia-de-la-ley-bond\/","title":{"rendered":"La Diferencia de La Ley Bond"},"content":{"rendered":"<p>En Johnnie Bond Law, queremos que comprendas lo que est\u00e1 sucediendo en tu caso. No nos escondemos detr\u00e1s de una cortina ni procesamos tu reclamo como si estuvieras en una cinta transportadora de f\u00e1brica. Te tratamos como a un individuo. Esto es lo que puedes esperar:<\/p>\n<h2>Paso 1: Consulta<\/h2>\n<p>Durante nuestra consulta inicial, aprendemos el uno del otro para determinar si nuestra firma es adecuada para tus necesidades. Nos contar\u00e1s sobre ti y los desaf\u00edos que enfrentas. Te explicaremos c\u00f3mo nuestras \u00e1reas de experiencia pueden ayudar a lograr resultados en tu caso.<\/p>\n<h2>Paso 2a: Tu Salud Es Tu Riqueza<\/h2>\n<p>Tu salud es de suma importancia. Tus lesiones y el impacto que tienen en tu vida son realmente de lo que trata tu caso legal. Incluso si no hay desarrollos legales, nos pondremos en contacto contigo cada dos semanas (si no es que m\u00e1s a menudo) para ver c\u00f3mo avanza tu recuperaci\u00f3n. Queremos que hagas todo lo que est\u00e9 en tu poder para alcanzar tu Mejora M\u00e9dica M\u00e1xima.<\/p>\n<h2>Paso 2b: Construimos Tu Caso<\/h2>\n<p>Mientras te concentras en sanar, investigaremos las causas de tus lesiones y recopilaremos evidencia para demostrar la responsabilidad. Averiguaremos qui\u00e9n es responsable y c\u00f3mo podemos hacerlos responsables.<\/p>\n<p>Luego organizamos la evidencia, incluidas tus facturas m\u00e9dicas y otros registros, para presentar tu historia de una manera que muestre por qu\u00e9 tienes derecho a una compensaci\u00f3n completa.<\/p>\n<h2>Paso 3: Exigimos La M\u00e1xima Compensaci\u00f3n<\/h2>\n<p>Revisamos los registros que muestran tus p\u00e9rdidas tangibles. Usando precedentes legales, determinamos el valor de las p\u00e9rdidas intangibles como el dolor, el sufrimiento y la angustia mental. Luego calculamos la m\u00e1xima compensaci\u00f3n para tu reclamo y presentamos un paquete de demanda a la compa\u00f1\u00eda de seguros. Presionamos por una oferta de liquidaci\u00f3n oportuna.<\/p>\n<h2>Paso 4: Luchamos Por La M\u00e1xima Compensaci\u00f3n<\/h2>\n<p>Una vez que recibimos la primera oferta de la compa\u00f1\u00eda de seguros, la revisamos contigo y discutimos tus opciones. En la mayor\u00eda de los casos, la oferta estar\u00e1 muy por debajo de nuestra cantidad demandada, y seguiremos luchando por el m\u00e1ximo valor. Repetimos el proceso hasta lograr el m\u00e1ximo valor para tu reclamo.<\/p>\n<h2>Paso 5: Procesamos La Liquidaci\u00f3n<\/h2>\n<p>Negociamos los detalles de la liquidaci\u00f3n con la compa\u00f1\u00eda de seguros. Luego revisamos los documentos de liquidaci\u00f3n para asegurarnos de que protejan tus derechos, y nos aseguramos de que entiendas esos derechos. Una vez que todo est\u00e9 en orden, supervisamos la ejecuci\u00f3n de todos los documentos para que sean legalmente vinculantes.<\/p>\n<h2>Paso 6: Recibes El Pago<\/h2>\n<p>Procesamos el cheque de la compa\u00f1\u00eda de seguros. Luego resolvemos cualquier gravamen que se mantenga contra los fondos recibidos y te enviamos tu dinero lo m\u00e1s r\u00e1pido posible. Eso es todo.<\/p>\n<p>A lo largo del proceso, queremos que te sientas seguro de que estamos haciendo todo lo que est\u00e1 en nuestro poder para obtener la m\u00e1xima recuperaci\u00f3n para que puedas seguir adelante con tu vida.<\/p>\n<p>Si alguna vez tienes preguntas, estamos a solo una llamada de distancia.<\/p>\n<h2>Te Ayudamos A Obtener La Compensaci\u00f3n Que Mereces<\/h2>\n<p>El abogado Johnnie Bond centra su pr\u00e1ctica en proteger los derechos de las familias cuyas vidas han sido destrozadas por lesiones de nacimiento, negligencia m\u00e9dica o accidentes. Si t\u00fa o un ser querido han sido afectados por un evento tr\u00e1gico, tienes suficiente en mente sin preocuparte por c\u00f3mo hacer que la parte responsable rinda cuentas por las facturas m\u00e9dicas, los salarios perdidos y el dolor y sufrimiento que puedes estar enfrentando. Aqu\u00ed es donde Johnnie Bond te ayuda.<\/p>\n<p><a href=\"#contact-us\">Cont\u00e1ctanos<\/a> <a href=\"https:\/\/click.mlsend2.com\/link\/c\/YT0xOTU3MzQ3ODkyOTE0MDM1MjYyJmM9YjhiMiZlPTAmYj05NzMzODI4NjYmZD16M3k2bDBl.e0pob_vNHDxLr36g7oiM4ewVE3-thfHGskLuKqboMI8\" target=\"_blank\" rel=\"noopener\">en l\u00ednea<\/a> o ll\u00e1manos al <a href=\"tel:(202) 683-6803\">(202) 683-6803<\/a> para una consulta gratuita hoy.<\/p>\n","protected":false},"excerpt":{"rendered":"<p>En Johnnie Bond Law, queremos que comprendas lo que est\u00e1 sucediendo en tu caso. No nos escondemos detr\u00e1s de una cortina ni procesamos tu reclamo como si estuvieras en una cinta transportadora de f\u00e1brica. Te tratamos como a un individuo. Esto es lo que puedes esperar: Paso 1: Consulta Durante nuestra consulta inicial, aprendemos el&hellip;<\/p>\n","protected":false},"author":8,"featured_media":0,"parent":0,"menu_order":0,"comment_status":"closed","ping_status":"closed","template":"","meta":{"inline_featured_image":false,"footnotes":""},"class_list":["post-1238","page","type-page","status-publish","hentry"],"_links":{"self":[{"href":"https:\/\/johnniebondlaw.com\/es\/wp-json\/wp\/v2\/pages\/1238","targetHints":{"allow":["GET"]}}],"collection":[{"href":"https:\/\/johnniebondlaw.com\/es\/wp-json\/wp\/v2\/pages"}],"about":[{"href":"https:\/\/johnniebondlaw.com\/es\/wp-json\/wp\/v2\/types\/page"}],"author":[{"embeddable":true,"href":"https:\/\/johnniebondlaw.com\/es\/wp-json\/wp\/v2\/users\/8"}],"replies":[{"embeddable":true,"href":"https:\/\/johnniebondlaw.com\/es\/wp-json\/wp\/v2\/comments?post=1238"}],"version-history":[{"count":0,"href":"https:\/\/johnniebondlaw.com\/es\/wp-json\/wp\/v2\/pages\/1238\/revisions"}],"wp:attachment":[{"href":"https:\/\/johnniebondlaw.com\/es\/wp-json\/wp\/v2\/media?parent=1238"}],"curies":[{"name":"wp","href":"https:\/\/api.w.org\/{rel}","templated":true}]}}