{"id":1228,"date":"2022-05-30T09:00:05","date_gmt":"2022-05-30T09:00:05","guid":{"rendered":"https:\/\/johnniebondlaw.com\/about\/"},"modified":"2024-05-16T03:32:08","modified_gmt":"2024-05-16T03:32:08","slug":"acerca-de","status":"publish","type":"page","link":"https:\/\/johnniebondlaw.com\/es\/acerca-de\/","title":{"rendered":"Acerca de"},"content":{"rendered":"\n\n\t<p>ABOGADO<\/p>\n<h1>\n\t\tJohnnie Daniel Bond, Jr.\n\t<\/h1>\n\t<p>Experimentado, sofisticado, sereno bajo presi\u00f3n, pero apasionado cuando se trata de luchar por el futuro de sus clientes. Devoci\u00f3n inquebrantable al servicio. Eso es Bond. Johnnie Bond.<\/p>\n\t<ul>\n    <li>\n        <a href=\"tel:(202) 683-6803\">Tel\u00e9fono: (202) 683-6803<\/a>\n    <\/li>\n    <li>\n         Fax: (202) 979-8434\n    <\/li>\n    <li>\n        <a href=\"mailto:jbond@bondpllc.com\">jbond@bondpllc.com<\/a>\n    <\/li>\n<\/ul>\n\t\t\t<a href=\"tel:%20(202)%20683-6803\" target=\"_self\" rel=\"noopener\">\n\t\t\t\t\t\t\tLlame a Johnnie Bond\n\t\t\t\t\t<\/a>\n\t<em>Un mensaje de<\/em><br \/>\n<strong>Johnnie Bond<\/strong>\n<p>Soy Johnnie Bond. Y aunque me encanta llevar a grandes empresas a juicio, equilibrar la balanza de la justicia y ayudar a quienes han sido lastimados, s\u00e9 que al final del d\u00eda, lo que realmente importa no soy yo, sino mis clientes.<\/p>\n<p>Trabajo arduamente para asegurarme de entender tus lesiones: qu\u00e9 las caus\u00f3 y qu\u00e9 se puede hacer para que tu recuperaci\u00f3n sea lo m\u00e1s completa posible. Si no ves mejoras con un tipo de tratamiento, investigar\u00e9 para averiguar si otras opciones son m\u00e1s prometedoras.<\/p>\n<p>Donde otros abogados podr\u00edan rendirse e intentar resolver tu caso para poder pasar al siguiente, yo quiero asegurarme de que tu tratamiento m\u00e9dico sea lo m\u00e1s completo posible. Luego, avanzaremos al proceso legal de responsabilizar a las partes negligentes por lo que han hecho en tu vida.<\/p>\n<p>No comenc\u00e9 mi carrera de esta manera. Comenc\u00e9 trabajando en derecho corporativo para hospitales, manejando fusiones y adquisiciones. Ganaba buen dinero. Impresion\u00e9 a algunos compa\u00f1eros demostrando que era bueno manejando litigios y derecho transaccional. Me apodaron \u00abAgente Bond\u00bb despu\u00e9s de cerrar dos grandes casos a la vez. Pero ese \u00e9xito todav\u00eda me dejaba un vac\u00edo por dentro. Quer\u00eda algo m\u00e1s.<\/p>\n<p>Me mud\u00e9 a Washington DC para perfeccionar mis habilidades como abogado de juicios y aprend\u00ed trabajando con algunos de los mejores en el negocio. Aunque admiraba la manera en que pod\u00edan manejar un caso en la sala de justicia, quer\u00eda hacer m\u00e1s por los propios clientes.<\/p>\n<p>Ahora estoy en posici\u00f3n de hacer las cosas a mi manera.<\/p>\n<p>Lo que me motiva es mi pasi\u00f3n por ayudar. Quiero ayudarte a obtener los recursos que necesitas y la atenci\u00f3n m\u00e9dica que necesitas. Despu\u00e9s de que completes tu tratamiento, contar\u00e9 tu historia de una manera que te obtenga la m\u00e1xima compensaci\u00f3n y la justicia que mereces.<\/p>\n<p>Antes de contratarme a m\u00ed o a cualquier otro abogado, debes conocer algunas de sus calificaciones b\u00e1sicas, as\u00ed que aqu\u00ed van:<\/p>\n\t<p>Educaci\u00f3n<\/p>\n<ul>\n<li>J.D., Facultad de Derecho de la Universidad de Tennessee, 2002<\/li>\n<li>B.S. en Matem\u00e1ticas, Universidad Estatal de Tennessee, 1998<\/li>\n<\/ul>\n<p>Jurisdicciones Admitidas para Ejercer Derecho:<\/p>\n<ul>\n<li>Distrito de Columbia, 2004<\/li>\n<li>Estado de Tennessee, 2003<\/li>\n<li>Tribunal de Distrito de los EE. UU. para el Distrito de Columbia<\/li>\n<li>Tribunal de Distrito de los EE. UU. para el Distrito de Maryland<\/li>\n<li>Tribunal de Distrito de los EE. UU. para el Distrito de Tennessee<\/li>\n<li>Admisi\u00f3n Pro Hac Vice para el Commonwealth de Virginia<\/li>\n<li>Admisi\u00f3n Pro Hac Vice para el Estado de Maryland<\/li>\n<\/ul>\n<p>Experiencia Laboral Seleccionada y Colaboraci\u00f3n:<\/p>\n<ul>\n<li>HCA Healthcare<\/li>\n<li>Armstrong &amp; Allen, PLLC<\/li>\n<li>Oficina de Abogados Temple<\/li>\n<li>The Cochran Firm<\/li>\n<li>Equipo Legal Beam<\/li>\n<\/ul>\n<p>Gracias por leer. Si alguna vez tienes preguntas sobre mi experiencia o lo que puedo hacer en tu caso, solo cont\u00e1ctame.<\/p>\n<h1>\n\t\tObtenga Una Evaluaci\u00f3n De Caso Gratuita.\n\t<\/h1>\n\t\t\t<a href=\"tel:%20(202)%20683-6803\" target=\"_blank\" rel=\"noopener\">\n\t\t\t\t\t\t\tCONSULTA GRATUITA <br \/>(202) 683-6803\n\t\t\t\t\t<\/a>\n<h1>\n\t\tEstamos Disponibles Para Ayudarle 24\/7.\n\t<\/h1>\n<h1>\n\t\tHablamos Ingl\u00e9s, Espa\u00f1ol Y Filipino.\n\t<\/h1>\n\t<p>Tambi\u00e9n puede completar el formulario a continuaci\u00f3n, y nos pondremos en contacto con usted.<\/p>\n\t\n<div class=\"wpcf7 no-js\" id=\"wpcf7-f1232-o1\" lang=\"es-ES\" dir=\"ltr\" data-wpcf7-id=\"1232\">\n<div class=\"screen-reader-response\"><p role=\"status\" aria-live=\"polite\" aria-atomic=\"true\"><\/p> <ul><\/ul><\/div>\n<form action=\"\/es\/wp-json\/wp\/v2\/pages\/1228#wpcf7-f1232-o1\" method=\"post\" class=\"wpcf7-form init\" aria-label=\"Formulario de contacto\" novalidate=\"novalidate\" data-status=\"init\">\n<fieldset class=\"hidden-fields-container\"><input type=\"hidden\" name=\"_wpcf7\" value=\"1232\" \/><input type=\"hidden\" name=\"_wpcf7_version\" value=\"6.1.5\" \/><input type=\"hidden\" name=\"_wpcf7_locale\" value=\"es_ES\" \/><input type=\"hidden\" name=\"_wpcf7_unit_tag\" value=\"wpcf7-f1232-o1\" \/><input type=\"hidden\" name=\"_wpcf7_container_post\" value=\"0\" \/><input type=\"hidden\" name=\"_wpcf7_posted_data_hash\" value=\"\" \/><input type=\"hidden\" name=\"_wpcf7_recaptcha_response\" value=\"\" \/>\n<\/fieldset>\n<div class=\"row\">\n\t<div class=\"col-md-6\">\n\t\t<p><label>First Name <i>*<\/i><\/label><br \/>\n<span class=\"wpcf7-form-control-wrap\" data-name=\"First\"><input size=\"40\" maxlength=\"400\" class=\"wpcf7-form-control wpcf7-text wpcf7-validates-as-required\" aria-required=\"true\" aria-invalid=\"false\" value=\"\" type=\"text\" name=\"First\" \/><\/span>\n\t\t<\/p>\n\t<\/div>\n\t<div class=\"col-md-6\">\n\t\t<p><label>Last Name <i>*<\/i><\/label><br \/>\n<span class=\"wpcf7-form-control-wrap\" data-name=\"Last\"><input size=\"40\" maxlength=\"400\" class=\"wpcf7-form-control wpcf7-text wpcf7-validates-as-required\" aria-required=\"true\" aria-invalid=\"false\" value=\"\" type=\"text\" name=\"Last\" \/><\/span>\n\t\t<\/p>\n\t<\/div>\n<\/div>\n<div class=\"row\">\n\t<div class=\"col-md-6\">\n\t\t<p><label>Email Address <i>*<\/i><\/label><br \/>\n<span class=\"wpcf7-form-control-wrap\" data-name=\"Email\"><input size=\"40\" maxlength=\"400\" class=\"wpcf7-form-control wpcf7-email wpcf7-validates-as-required wpcf7-text wpcf7-validates-as-email\" aria-required=\"true\" aria-invalid=\"false\" value=\"\" type=\"email\" name=\"Email\" \/><\/span>\n\t\t<\/p>\n\t<\/div>\n\t<div class=\"col-md-6\">\n\t\t<p><label>Phone Number <i>*<\/i><\/label><br \/>\n<span class=\"wpcf7-form-control-wrap\" data-name=\"Phone\"><input size=\"40\" maxlength=\"400\" class=\"wpcf7-form-control wpcf7-text wpcf7-validates-as-required\" aria-required=\"true\" aria-invalid=\"false\" value=\"\" type=\"text\" name=\"Phone\" \/><\/span>\n\t\t<\/p>\n\t<\/div>\n<\/div>\n<div class=\"row\">\n\t<div class=\"col-md-6\">\n\t\t<p><label>Which of the following best describes your accident\/incident? <i>*<\/i><\/label><br \/>\n<span class=\"wpcf7-form-control-wrap\" data-name=\"your-service\"><select class=\"wpcf7-form-control wpcf7-select wpcf7-validates-as-required\" aria-required=\"true\" aria-invalid=\"false\" name=\"your-service\"><option value=\"Auto Accident\">Auto Accident<\/option><option value=\"Slip\/Trip and Fall\">Slip\/Trip and Fall<\/option><option value=\"Work Injury\">Work Injury<\/option><option value=\"Other\">Other<\/option><\/select><\/span>\n\t\t<\/p>\n\t\t<div>\n\t\t\t<p><label>Enter Other Reason For Accident <i>*<\/i><\/label><br \/>\n<span class=\"wpcf7-form-control-wrap\" data-name=\"accidentOther\"><input size=\"40\" maxlength=\"400\" class=\"wpcf7-form-control wpcf7-text wpcf7-validates-as-required\" aria-required=\"true\" aria-invalid=\"false\" value=\"\" type=\"text\" name=\"accidentOther\" \/><\/span>\n\t\t\t<\/p>\n\t\t<\/div>\n\t<\/div>\n\t<div class=\"col-md-6\">\n\t\t<p><label>When did the accident happen? <i>*<\/i><\/label><br \/>\n<span class=\"wpcf7-form-control-wrap\" data-name=\"your-when\"><select class=\"wpcf7-form-control wpcf7-select wpcf7-validates-as-required\" aria-required=\"true\" aria-invalid=\"false\" name=\"your-when\"><option value=\"Within one week\">Within one week<\/option><option value=\"Within 1-3 months\">Within 1-3 months<\/option><option value=\"Within 6-9 months\">Within 6-9 months<\/option><option value=\"Within 1 year\">Within 1 year<\/option><option value=\"Within 2 years\">Within 2 years<\/option><\/select><\/span>\n\t\t<\/p>\n\t<\/div>\n<\/div>\n<div class=\"row\">\n\t<div class=\"col-md-6\">\n\t\t<p><label>What type of pain did you suffer? Choose all that apply <i>*<\/i><\/label><br \/>\n<span class=\"wpcf7-form-control-wrap\" data-name=\"your-how\"><span class=\"wpcf7-form-control wpcf7-checkbox wpcf7-validates-as-required\"><span class=\"wpcf7-list-item first\"><label><input type=\"checkbox\" name=\"your-how[]\" value=\"Body Pain and Injuries\" \/><span class=\"wpcf7-list-item-label\">Body Pain and Injuries<\/span><\/label><\/span><span class=\"wpcf7-list-item\"><label><input type=\"checkbox\" name=\"your-how[]\" value=\"Emotional Pain and Suffering\" \/><span class=\"wpcf7-list-item-label\">Emotional Pain and Suffering<\/span><\/label><\/span><span class=\"wpcf7-list-item last\"><label><input type=\"checkbox\" name=\"your-how[]\" value=\"Psychological Pain and Suffering\" \/><span class=\"wpcf7-list-item-label\">Psychological Pain and Suffering<\/span><\/label><\/span><\/span><\/span>\n\t\t<\/p>\n\t<\/div>\n\t<div class=\"col-md-6\">\n\t\t<p><label>Have you seen a doctor for your injuries? <i>*<\/i><\/label><br \/>\n<span class=\"wpcf7-form-control-wrap\" data-name=\"your-doctor\"><span class=\"wpcf7-form-control wpcf7-checkbox wpcf7-validates-as-required wpcf7-exclusive-checkbox\"><span class=\"wpcf7-list-item first\"><label><input type=\"checkbox\" name=\"your-doctor\" value=\"Yes\" \/><span class=\"wpcf7-list-item-label\">Yes<\/span><\/label><\/span><span class=\"wpcf7-list-item\"><label><input type=\"checkbox\" name=\"your-doctor\" value=\"No\" \/><span class=\"wpcf7-list-item-label\">No<\/span><\/label><\/span><span class=\"wpcf7-list-item last\"><label><input type=\"checkbox\" name=\"your-doctor\" value=\"Not yet\" \/><span class=\"wpcf7-list-item-label\">Not yet<\/span><\/label><\/span><\/span><\/span>\n\t\t<\/p>\n\t<\/div>\n<\/div>\n<div class=\"row\">\n\t<div class=\"col-md-6\">\n\t\t<p><label>Were you at fault? <i>*<\/i><\/label><br \/>\n<span class=\"wpcf7-form-control-wrap\" data-name=\"your-description\"><span class=\"wpcf7-form-control wpcf7-checkbox wpcf7-validates-as-required wpcf7-exclusive-checkbox\"><span class=\"wpcf7-list-item first\"><label><input type=\"checkbox\" name=\"your-description\" value=\"Yes\" \/><span class=\"wpcf7-list-item-label\">Yes<\/span><\/label><\/span><span class=\"wpcf7-list-item\"><label><input type=\"checkbox\" name=\"your-description\" value=\"No\" \/><span class=\"wpcf7-list-item-label\">No<\/span><\/label><\/span><span class=\"wpcf7-list-item last\"><label><input type=\"checkbox\" name=\"your-description\" value=\"I am not sure\" \/><span class=\"wpcf7-list-item-label\">I am not sure<\/span><\/label><\/span><\/span><\/span>\n\t\t<\/p>\n\t<\/div>\n\t<div class=\"col-md-6\">\n\t\t<p><label>Is there a police report or incident report? <i>*<\/i><\/label><br \/>\n<span class=\"wpcf7-form-control-wrap\" data-name=\"your-policeReport\"><span class=\"wpcf7-form-control wpcf7-checkbox wpcf7-validates-as-required wpcf7-exclusive-checkbox\"><span class=\"wpcf7-list-item first\"><label><input type=\"checkbox\" name=\"your-policeReport\" value=\"Yes\" \/><span class=\"wpcf7-list-item-label\">Yes<\/span><\/label><\/span><span class=\"wpcf7-list-item last\"><label><input type=\"checkbox\" name=\"your-policeReport\" value=\"No\" \/><span class=\"wpcf7-list-item-label\">No<\/span><\/label><\/span><\/span><\/span>\n\t\t<\/p>\n\t<\/div>\n<\/div>\n<div class=\"row\">\n\t<div class=\"col-md-6\">\n\t\t<p><label>Do you have an attorney? <i>*<\/i><\/label><br \/>\n<span class=\"wpcf7-form-control-wrap\" data-name=\"your-attorney\"><span class=\"wpcf7-form-control wpcf7-checkbox wpcf7-validates-as-required wpcf7-exclusive-checkbox\"><span class=\"wpcf7-list-item first\"><label><input type=\"checkbox\" name=\"your-attorney\" value=\"Yes\" \/><span class=\"wpcf7-list-item-label\">Yes<\/span><\/label><\/span><span class=\"wpcf7-list-item last\"><label><input type=\"checkbox\" name=\"your-attorney\" value=\"No\" \/><span class=\"wpcf7-list-item-label\">No<\/span><\/label><\/span><\/span><\/span>\n\t\t<\/p>\n\t<\/div>\n\t<div class=\"col-md-6\">\n\t\t<p><label>Have you received any compensation for this accident\/incident? <i>*<\/i><\/label><br \/>\n<span class=\"wpcf7-form-control-wrap\" data-name=\"your-receivedCompensation\"><span class=\"wpcf7-form-control wpcf7-checkbox wpcf7-validates-as-required wpcf7-exclusive-checkbox\"><span class=\"wpcf7-list-item first\"><label><input type=\"checkbox\" name=\"your-receivedCompensation\" value=\"Yes\" \/><span class=\"wpcf7-list-item-label\">Yes<\/span><\/label><\/span><span class=\"wpcf7-list-item last\"><label><input type=\"checkbox\" name=\"your-receivedCompensation\" value=\"No\" \/><span class=\"wpcf7-list-item-label\">No<\/span><\/label><\/span><\/span><\/span>\n\t\t<\/p>\n\t<\/div>\n<\/div>\n<div class=\"row\">\n\t<div class=\"col-md-12\">\n\t\t<p><label>When is the best time to contact you? <i>*<\/i><\/label><br \/>\n<span class=\"wpcf7-form-control-wrap\" data-name=\"your-timeToContact\"><select class=\"wpcf7-form-control wpcf7-select wpcf7-validates-as-required\" aria-required=\"true\" aria-invalid=\"false\" name=\"your-timeToContact\"><option value=\"Immediately\">Immediately<\/option><option value=\"As soon as possible\">As soon as possible<\/option><option value=\"I want to schedule an appointment\">I want to schedule an appointment<\/option><option value=\"No rush\">No rush<\/option><\/select><\/span>\n\t\t<\/p>\n\t<\/div>\n<\/div>\n<div class=\"row\">\n\t<div class=\"col-md-12\">\n\t\t<p><label>Please tell us more: <i>*<\/i><\/label><br \/>\n<span class=\"wpcf7-form-control-wrap\" data-name=\"Summary\"><textarea cols=\"40\" rows=\"10\" maxlength=\"500\" minlength=\"30\" class=\"wpcf7-form-control wpcf7-textarea wpcf7-validates-as-required\" aria-required=\"true\" aria-invalid=\"false\" name=\"Summary\"><\/textarea><\/span>\n\t\t<\/p>\n\t<\/div>\n\t<div class=\"col-md-12\">\n\t\t<p>[honeypot important-field]\n\t\t<\/p>\n\t<\/div>\n<\/div>\n<div class=\"row\" style=\"margin-bottom: 30px;\">\n\t<div class=\"col-md-12\">\n\t\n\t<\/div>\n<\/div>\n<div class=\"row\">\n\t<div class=\"col-md-12\">\n\t\t<p><input class=\"wpcf7-form-control wpcf7-submit has-spinner\" type=\"submit\" value=\"Contact Us\" \/>\n\t\t<\/p>\n\t<\/div>\n<\/div><p style=\"display: none !important;\" class=\"akismet-fields-container\" data-prefix=\"_wpcf7_ak_\"><label>&#916;<textarea name=\"_wpcf7_ak_hp_textarea\" cols=\"45\" rows=\"8\" maxlength=\"100\"><\/textarea><\/label><input type=\"hidden\" id=\"ak_js_1\" name=\"_wpcf7_ak_js\" value=\"119\"\/><script>document.getElementById( \"ak_js_1\" ).setAttribute( \"value\", ( new Date() ).getTime() );<\/script><\/p><div class=\"wpcf7-response-output\" aria-hidden=\"true\"><\/div>\n<\/form>\n<\/div>\n\n\n","protected":false},"excerpt":{"rendered":"<p>ABOGADO Johnnie Daniel Bond, Jr. Experimentado, sofisticado, sereno bajo presi\u00f3n, pero apasionado cuando se trata de luchar por el futuro de sus clientes. Devoci\u00f3n inquebrantable al servicio. Eso es Bond. Johnnie Bond. Tel\u00e9fono: (202) 683-6803 Fax: (202) 979-8434 jbond@bondpllc.com Llame a Johnnie Bond Un mensaje de Johnnie Bond Soy Johnnie Bond. Y aunque me encanta&hellip;<\/p>\n","protected":false},"author":8,"featured_media":0,"parent":0,"menu_order":0,"comment_status":"closed","ping_status":"closed","template":"","meta":{"inline_featured_image":false,"footnotes":""},"class_list":["post-1228","page","type-page","status-publish","hentry"],"_links":{"self":[{"href":"https:\/\/johnniebondlaw.com\/es\/wp-json\/wp\/v2\/pages\/1228","targetHints":{"allow":["GET"]}}],"collection":[{"href":"https:\/\/johnniebondlaw.com\/es\/wp-json\/wp\/v2\/pages"}],"about":[{"href":"https:\/\/johnniebondlaw.com\/es\/wp-json\/wp\/v2\/types\/page"}],"author":[{"embeddable":true,"href":"https:\/\/johnniebondlaw.com\/es\/wp-json\/wp\/v2\/users\/8"}],"replies":[{"embeddable":true,"href":"https:\/\/johnniebondlaw.com\/es\/wp-json\/wp\/v2\/comments?post=1228"}],"version-history":[{"count":0,"href":"https:\/\/johnniebondlaw.com\/es\/wp-json\/wp\/v2\/pages\/1228\/revisions"}],"wp:attachment":[{"href":"https:\/\/johnniebondlaw.com\/es\/wp-json\/wp\/v2\/media?parent=1228"}],"curies":[{"name":"wp","href":"https:\/\/api.w.org\/{rel}","templated":true}]}}